{"id":3,"date":"2022-05-12T10:36:03","date_gmt":"2022-05-12T08:36:03","guid":{"rendered":"https:\/\/prague.org\/?page_id=3"},"modified":"2023-02-23T09:23:42","modified_gmt":"2023-02-23T07:23:42","slug":"privacy-policy","status":"publish","type":"page","link":"https:\/\/prague.org\/cs\/zasady-ochrany-osobnich-udaju\/","title":{"rendered":"Z\u00e1sady ochrany osobn\u00edch \u00fadaj\u016f"},"content":{"rendered":"<p><strong>Z\u00e1sady ochrany osobn\u00edch \u00fadaj\u016f - \u010de\u0161tina<\/strong><\/p>\n\n\n\n<p>Posledn\u00ed aktualizace: \u010derven 2022<\/p>\n\n\n\n<h2 id=\"who-we-are\" class=\"wp-block-heading\">Kdo jsme<\/h2>\n\n\n\n<p>Na\u0161e webov\u00e1 adresa je:<a href=\"https:\/\/prague.org\/cs\/\"> <strong>https:\/\/prague.org\/<\/strong><\/a><\/p>\n\n\n\n<h2 id=\"use-of-cookies\" class=\"wp-block-heading\">Pou\u017e\u00edv\u00e1n\u00ed soubor\u016f cookie<\/h2>\n\n\n\n<p>Webov\u00e9 str\u00e1nky Prague.org pou\u017e\u00edvaj\u00ed ke shroma\u017e\u010fov\u00e1n\u00ed r\u016fzn\u00fdch typ\u016f \u00fadaj\u016f soubory cookie. Ukl\u00e1d\u00e1me nap\u0159\u00edklad informace o po\u010dtu m\u011bs\u00ed\u010dn\u00edch n\u00e1v\u0161t\u011bv a cest\u011b n\u00e1v\u0161t\u011bvn\u00edka zobrazuj\u00edc\u00ed r\u016fzn\u00e9 str\u00e1nky, kter\u00e9 vid\u011bl. \u00dadaje jsou ukl\u00e1d\u00e1ny ve form\u00e1tu, kter\u00fd neumo\u017e\u0148uje identifikaci u\u017eivatel\u016f. Shrom\u00e1\u017ed\u011bn\u00e9 \u00fadaje slou\u017e\u00ed k lep\u0161\u00edmu pochopen\u00ed toho, jak\u00e9 informace u\u017eivatel\u00e9 na na\u0161ich webov\u00fdch str\u00e1nk\u00e1ch hledaj\u00ed. Umo\u017e\u0148uj\u00ed n\u00e1m tak\u00e9 identifikovat p\u0159\u00edpadn\u00e9 probl\u00e9my s navigac\u00ed.<\/p>\n\n\n\n<p>Prague.org chr\u00e1n\u00ed osobn\u00ed \u00fadaje poskytnut\u00e9 u\u017eivateli. Tyto osobn\u00ed \u00fadaje jsou ulo\u017eeny na na\u0161ich serverech v chr\u00e1n\u011bn\u00e9m a kontrolovan\u00e9m prost\u0159ed\u00ed.<\/p>\n\n\n\n<h2 id=\"embedded-content-from-other-websites\" class=\"wp-block-heading\">Vlo\u017een\u00fd obsah z jin\u00fdch webov\u00fdch str\u00e1nek<\/h2>\n\n\n\n<p>\u010cl\u00e1nky na t\u011bchto str\u00e1nk\u00e1ch mohou obsahovat <strong>vlo\u017een\u00fd obsah<\/strong> (nap\u0159. videa, obr\u00e1zky, \u010dl\u00e1nky atd.). Vlo\u017een\u00fd obsah z jin\u00fdch webov\u00fdch str\u00e1nek se chov\u00e1 \u00fapln\u011b stejn\u011b, jako kdyby n\u00e1v\u0161t\u011bvn\u00edk nav\u0161t\u00edvil jinou webovou str\u00e1nku.<\/p>\n\n\n\n<p>Tyto webov\u00e9 str\u00e1nky mohou shroma\u017e\u010fovat <strong>data <\/strong>o v\u00e1s, pou\u017e\u00edvat soubory cookie, vkl\u00e1dat dal\u0161\u00ed sledov\u00e1n\u00ed t\u0159et\u00edch stran a sledovat va\u0161i interakci s t\u00edmto vlo\u017een\u00fdm obsahem, v\u010detn\u011b sledov\u00e1n\u00ed va\u0161\u00ed interakce s vlo\u017een\u00fdm obsahem, pokud m\u00e1te \u00fa\u010det a jste p\u0159ihl\u00e1\u0161eni na danou webovou str\u00e1nku.<\/p>\n\n\n\n<h2 id=\"advertisers-allowed\" class=\"wp-block-heading\">Povolen\u00ed inzerent\u016f :<\/h2>\n\n\n\n<p><br>2 Captify Technologies Limited<br>11 Quantcast International Limited<br>12 BeeswaxIO Corporation<br>16 RTB House S.A.<br>21 Obchodn\u00ed st\u016fl<br>23 Amobee Inc.<br>25 Yahoo EMEA Limited<br>39 ADITION technologies GmbH<br>40 Active Agent (ADITION technologies GmbH)<br>50 Adform<br>68 Sizmek od Amazonu<br>71 Reklamn\u00ed slu\u017eby Roku<br>73 Simplifi Holdings Inc<br>76 PubMatic, Inc.<br>79 MediaMath, Inc.<br>87 Betgenius Ltd<br>91 Criteo SA<br>128 BIDSWITCH GmbH<br>129 IPONWEB GmbH<br>142 Media.net Advertising FZ-LLC<br>151 Admedo Technology Ltd<br>156 Centro, Inc.<br>161 Smadex SL<br>238 StackAdapt<br>253 Zlep\u0161it digit\u00e1ln\u00ed<br>254 LiquidM Technology GmbH<br>264 Adobe Advertising Cloud<br>284 Weborama<br>316 Gamned<br>382 The Reach Group GmbH<br>423 cestovn\u00ed publikum GmbH<br>469 Zeta Global<br>565 Adobe Audience Manager, Adobe Experience Platform<br>655 Sportradar AG<br>755 Reklamn\u00ed produkty Google<br>776 Mars Media Group<br>793 Reklama na Amazonu<br>922 Amnet GmbH<br>990 QuantumCast digital GmbH<br>32 Xandr<br>45 Smart Adserver<br>52 Magnite, Inc.<br>102 Magnite, Inc. (Outstream)<br>81 PulsePoint<br>10 Index Exchange, Inc.<br>114 Sublime<br>164 Outbrain UK Ltd<br>42 Taboola Europe Limited<br>13 Sovrn Holdings Inc<br>183 EMX Digital LLC<br>165 SpotX, Inc<br>259 ADYOULIKE SA<br>132 \u010daje<br>72 Nano Interactive GmbH<br>724 Mezi v\u00fdm\u011bnou<br>62 Justpremium BV<br>69 OpenX<br>639 Hled\u00e1 se skupina Smile<br>241 OneTag Limited<br>108 Rich Audience Technologies SL<br>28 TripleLift, Inc.<br>617 Onfocus (Adagio)<br>511 Admixer EU GmbH<br>816 NoBid, Inc.<br>138 ConnectAd Realtime GmbH<br>606 Impactify<br>436 INVIBES GROUP<br>80 Sharethrough, Inc<br>924 Viewdeos 2015 LTD<br>799 Adpone SL<br>90 Teroa S.A.<br>410 Adtelligent Inc.<br>780 Aniview LTD<br>666 BeOp<br>24 Epsilon<br>781 FeedAd GmbH<br>737 Monet Engine Inc<br>210 Zemanta, Inc.<br>610 Azerion Holding B.V.<br>31 Ogury Ltd.<br>157 Seedtag Advertising S.L<br>61 GumGum, Inc.<br>434 DynAdmic<br>484 SublimeSkinz - Adledge<br>301 ZEOTAP<br>380 Vidoomy Media SL<\/p>","protected":false},"excerpt":{"rendered":"Z\u00e1sady ochrany osobn\u00edch \u00fadaj\u016f - \u010de\u0161tina Naposledy aktualizov\u00e1no: June 17, 2022 Kdo jsme Na\u0161e webov\u00e1 adresa je: https:\/\/prague.org\/ Pou\u017eijte...","protected":false},"author":1,"featured_media":0,"parent":0,"menu_order":0,"comment_status":"closed","ping_status":"closed","template":"","meta":{"footnotes":""},"_links":{"self":[{"href":"https:\/\/prague.org\/cs\/wp-json\/wp\/v2\/pages\/3"}],"collection":[{"href":"https:\/\/prague.org\/cs\/wp-json\/wp\/v2\/pages"}],"about":[{"href":"https:\/\/prague.org\/cs\/wp-json\/wp\/v2\/types\/page"}],"author":[{"embeddable":true,"href":"https:\/\/prague.org\/cs\/wp-json\/wp\/v2\/users\/1"}],"replies":[{"embeddable":true,"href":"https:\/\/prague.org\/cs\/wp-json\/wp\/v2\/comments?post=3"}],"version-history":[{"count":11,"href":"https:\/\/prague.org\/cs\/wp-json\/wp\/v2\/pages\/3\/revisions"}],"predecessor-version":[{"id":8567,"href":"https:\/\/prague.org\/cs\/wp-json\/wp\/v2\/pages\/3\/revisions\/8567"}],"wp:attachment":[{"href":"https:\/\/prague.org\/cs\/wp-json\/wp\/v2\/media?parent=3"}],"curies":[{"name":"wp","href":"https:\/\/api.w.org\/{rel}","templated":true}]}}