{"id":3603,"date":"2022-06-09T20:33:09","date_gmt":"2022-06-09T18:33:09","guid":{"rendered":"https:\/\/prague.org\/?page_id=3603"},"modified":"2023-03-07T19:02:16","modified_gmt":"2023-03-07T17:02:16","slug":"about-us","status":"publish","type":"page","link":"https:\/\/prague.org\/cs\/o-nas\/","title":{"rendered":"O Prague.org"},"content":{"rendered":"<h2 id=\"by-locals\" class=\"wp-block-heading\">M\u00edstn\u00edmi obyvateli.<\/h2>\n\n\n\n<p>C\u00edlem na\u0161ich webov\u00fdch str\u00e1nek je p\u0159edstavit v\u00e1m <strong><a href=\"https:\/\/prague.org\/cs\/?s=guide\">cestovn\u00ed pr\u016fvodce<\/a><\/strong> kter\u00e1 bude nejen <strong>podrobn\u00fd <\/strong>a <strong>u\u017eite\u010dn\u00e9 <\/strong>ale tak\u00e9 v\u00e1m poskytne mnoho <strong>tipy od m\u00edstn\u00edch obyvatel \u017eij\u00edc\u00edch v Praze<\/strong> v\u0161e o <a href=\"https:\/\/prague.org\/cs\/\">Praha<\/a>.<\/p>\n\n\n\n<p>V\u0161echny \u010dl\u00e1nky o Praze na na\u0161em webu jsou bu\u010f naps\u00e1ny majiteli webu (man\u017eelsk\u00fdm p\u00e1rem \u017eij\u00edc\u00edm v nejkr\u00e1sn\u011bj\u0161\u00ed pra\u017esk\u00e9 \u010dtvrti Dejvice), nebo autory, kte\u0159\u00ed v Praze v sou\u010dasn\u00e9 dob\u011b \u017eij\u00ed.<\/p>\n\n\n\n<h2 id=\"before-you-travel\" class=\"wp-block-heading\">P\u0159ed cestou.<\/h2>\n\n\n\n<p><a href=\"https:\/\/prague.org\/cs\/what-to-do-and-see\/\">Co m\u016f\u017eete vid\u011bt v Praze? Co v\u011bd\u011bt o Praze? Co zde m\u016f\u017eete d\u011blat?<\/a> M\u011bli byste p\u0159ijet na t\u00fdden, nebo jen na v\u00edkend? V\u0161echny tyto <strong>ot\u00e1zky <\/strong>bude zodpov\u011bzena. Objevte zaj\u00edmavosti o Praze pomoc\u00ed na\u0161ich podrobn\u00fdch pr\u016fvodc\u016f, abyste si z Prahy odnesli co nejv\u00edce. <strong>v\u00fdlet <\/strong>a p\u0159ed odjezdem si ji \u0159\u00e1dn\u011b napl\u00e1nujte. Pom\u016f\u017eeme v\u00e1m tak\u00e9 se zaji\u0161t\u011bn\u00edm vstupenek a rezervac\u00ed hotelu. <\/p>\n\n\n\n<p>V Praze se ka\u017ed\u00fd dozv\u00ed doslova n\u011bco nov\u00e9ho. Sta\u010d\u00ed jen dob\u0159e pl\u00e1novat.<\/p>\n\n\n\n<h2 id=\"once-you-are-in-prague\" class=\"wp-block-heading\">Jakmile se ocitnete v Praze...<\/h2>\n\n\n\n<p>Pr\u00e1v\u011b jste p\u0159ist\u00e1li nebo vystoupili z auta... a co te\u010f? Kam se vydat <a href=\"https:\/\/prague.org\/cs\/best-breakfast-in-prague\/\">sn\u00eddan\u011b<\/a>? Jak\u00fd je <a href=\"https:\/\/prague.org\/cs\/kde-se-najist-v-prazskych-restauracich\/\">nejlep\u0161\u00ed restaurace<\/a> na ob\u011bd? Jak pou\u017e\u00edv\u00e1te <a href=\"https:\/\/prague.org\/cs\/verejna-doprava-v-praze\/\">ve\u0159ejn\u00e1 doprava<\/a>? Nebo m\u00e1m pou\u017e\u00edt taxi? M\u00e1me spoustu informac\u00ed o Praze nejen pro ty, kte\u0159\u00ed pl\u00e1nuj\u00ed cestu, ale i pro ty, kte\u0159\u00ed u\u017e v Praze jsou.<\/p>\n\n\n\n<h2 id=\"how-do-we-make-money\" class=\"wp-block-heading\">Jak vyd\u011bl\u00e1v\u00e1me pen\u00edze?<\/h2>\n\n\n\n<p>Za n\u011bkter\u00e9 slu\u017eby, na kter\u00e9 odkazujeme, dost\u00e1v\u00e1me kompenzaci. N\u00e1\u0161 obchodn\u00ed model je zalo\u017een na tzv. affiliate marketingu. Nejsme placeni p\u0159\u00edmo zna\u010dkami nebo spole\u010dnostmi. M\u00edsto toho si vyb\u00edr\u00e1me spole\u010dnosti, se kter\u00fdmi spolupracujeme, doporu\u010dujeme jejich slu\u017eby a dost\u00e1v\u00e1me provizi, pokud si n\u011bco koup\u00edte (letenky, ubytov\u00e1n\u00ed, prohl\u00eddku s pr\u016fvodcem...). Na\u0161e slu\u017eby, \u010dl\u00e1nky, pr\u016fvodci a ve\u0161ker\u00e9 dal\u0161\u00ed informace o Praze jsou a v\u017edy budou pro v\u0161echny na\u0161e n\u00e1v\u0161t\u011bvn\u00edky zdarma.<\/p>\n\n\n\n<h2 id=\"write-for-us\" class=\"wp-block-heading\">Napi\u0161te pro n\u00e1s<\/h2>\n\n\n\n<p>St\u00e1le hled\u00e1me autory obsahu, kte\u0159\u00ed dok\u00e1\u017e\u00ed napsat zaj\u00edmav\u00e1 fakta o Praze. Nev\u00e1hejte a <a href=\"https:\/\/prague.org\/cs\/contact-us\/\">nav\u00e1zat kontakt<\/a> ale m\u011bjte na pam\u011bti, \u017ee hled\u00e1me pouze zku\u0161en\u00e9 autory obsahu, kte\u0159\u00ed bu\u010f \u017eij\u00ed v Praze, nebo v Praze \u017eij\u00ed alespo\u0148 n\u011bkolik let.<\/p>","protected":false},"excerpt":{"rendered":"M\u00edstn\u00edmi obyvateli. C\u00edlem na\u0161ich webov\u00fdch str\u00e1nek je p\u0159edstavit v\u00e1m pr\u016fvodce, kter\u00fd bude...","protected":false},"author":1,"featured_media":2312,"parent":0,"menu_order":0,"comment_status":"closed","ping_status":"closed","template":"","meta":{"footnotes":""},"_links":{"self":[{"href":"https:\/\/prague.org\/cs\/wp-json\/wp\/v2\/pages\/3603"}],"collection":[{"href":"https:\/\/prague.org\/cs\/wp-json\/wp\/v2\/pages"}],"about":[{"href":"https:\/\/prague.org\/cs\/wp-json\/wp\/v2\/types\/page"}],"author":[{"embeddable":true,"href":"https:\/\/prague.org\/cs\/wp-json\/wp\/v2\/users\/1"}],"replies":[{"embeddable":true,"href":"https:\/\/prague.org\/cs\/wp-json\/wp\/v2\/comments?post=3603"}],"version-history":[{"count":10,"href":"https:\/\/prague.org\/cs\/wp-json\/wp\/v2\/pages\/3603\/revisions"}],"predecessor-version":[{"id":8856,"href":"https:\/\/prague.org\/cs\/wp-json\/wp\/v2\/pages\/3603\/revisions\/8856"}],"wp:featuredmedia":[{"embeddable":true,"href":"https:\/\/prague.org\/cs\/wp-json\/wp\/v2\/media\/2312"}],"wp:attachment":[{"href":"https:\/\/prague.org\/cs\/wp-json\/wp\/v2\/media?parent=3603"}],"curies":[{"name":"wp","href":"https:\/\/api.w.org\/{rel}","templated":true}]}}