{"id":9456,"date":"2023-04-28T12:23:06","date_gmt":"2023-04-28T10:23:06","guid":{"rendered":"https:\/\/prague.org\/?page_id=9456"},"modified":"2023-07-14T16:49:51","modified_gmt":"2023-07-14T14:49:51","slug":"prague-metro-map","status":"publish","type":"page","link":"https:\/\/prague.org\/cs\/prague-metro-map\/","title":{"rendered":"Mapa pra\u017esk\u00e9ho metra"},"content":{"rendered":"<div class=\"wp-block-cover is-light is-cnvs-vert-align-middle cnvs-block-core-cover-1669195481064\" style=\"padding-top:12px;padding-right:12px;padding-bottom:12px;padding-left:12px;min-height:400px\"><span aria-hidden=\"true\" class=\"wp-block-cover__background has-black-background-color has-background-dim\"><\/span><img decoding=\"async\" width=\"2560\" height=\"1440\" class=\"wp-block-cover__image-background wp-image-9239\" alt=\"Praha na ja\u0159e\" src=\"https:\/\/prague.org\/wp-content\/uploads\/2023\/03\/pexels-pierre-blache-2598484-1-scaled.jpg\" data-object-fit=\"cover\" srcset=\"https:\/\/prague.org\/wp-content\/uploads\/2023\/03\/pexels-pierre-blache-2598484-1-scaled.jpg 2560w, https:\/\/prague.org\/wp-content\/uploads\/2023\/03\/pexels-pierre-blache-2598484-1-scaled-600x338.jpg 600w, https:\/\/prague.org\/wp-content\/uploads\/2023\/03\/pexels-pierre-blache-2598484-1-300x169.jpg 300w, https:\/\/prague.org\/wp-content\/uploads\/2023\/03\/pexels-pierre-blache-2598484-1-1024x576.jpg 1024w, https:\/\/prague.org\/wp-content\/uploads\/2023\/03\/pexels-pierre-blache-2598484-1-768x432.jpg 768w, https:\/\/prague.org\/wp-content\/uploads\/2023\/03\/pexels-pierre-blache-2598484-1-1536x864.jpg 1536w, https:\/\/prague.org\/wp-content\/uploads\/2023\/03\/pexels-pierre-blache-2598484-1-2048x1152.jpg 2048w, https:\/\/prague.org\/wp-content\/uploads\/2023\/03\/pexels-pierre-blache-2598484-1-18x10.jpg 18w, https:\/\/prague.org\/wp-content\/uploads\/2023\/03\/pexels-pierre-blache-2598484-1-380x214.jpg 380w, https:\/\/prague.org\/wp-content\/uploads\/2023\/03\/pexels-pierre-blache-2598484-1-800x450.jpg 800w, https:\/\/prague.org\/wp-content\/uploads\/2023\/03\/pexels-pierre-blache-2598484-1-1160x653.jpg 1160w\" sizes=\"(max-width: 2560px) 100vw, 2560px\" \/><div class=\"wp-block-cover__inner-container is-layout-flow wp-block-cover-is-layout-flow\">\n<h1 id=\"navigate-the-city-easily-with-the-prague-metro-map\" class=\"has-text-align-center has-white-color has-text-color cnvs-block-core-heading-1669195481046 wp-block-heading\" style=\"padding-right:0rem;padding-left:0rem\">Snadn\u00e1 navigace po m\u011bst\u011b s mapou pra\u017esk\u00e9ho metra<\/h1>\n\n\n<div class=\"wp-block-image\">\n<figure class=\"aligncenter size-full\"><img decoding=\"async\" width=\"210\" height=\"26\" src=\"https:\/\/prague.org\/wp-content\/uploads\/2023\/04\/stars.png\" alt=\"\" class=\"wp-image-9463\" srcset=\"https:\/\/prague.org\/wp-content\/uploads\/2023\/04\/stars.png 210w, https:\/\/prague.org\/wp-content\/uploads\/2023\/04\/stars-18x2.png 18w, https:\/\/prague.org\/wp-content\/uploads\/2023\/04\/stars-200x26.png 200w\" sizes=\"(max-width: 210px) 100vw, 210px\" \/><\/figure><\/div>\n\n<\/div><\/div>\n\n\n\n<div class=\"wp-block-columns is-layout-flex wp-container-15 wp-block-columns-is-layout-flex\">\n<div class=\"wp-block-column is-layout-flow wp-block-column-is-layout-flow\">\n<p>Na str\u00e1nk\u00e1ch <strong><a href=\"https:\/\/prague.org\/cs\/the-prague-metro-map\/\" data-type=\"URL\" data-id=\"https:\/\/prague.org\/the-prague-metro-map\/\">Mapa pra\u017esk\u00e9ho metra<\/a><\/strong> poskytuje podrobn\u00fd p\u0159ehled o syst\u00e9mu m\u011bstsk\u00e9 hromadn\u00e9 dopravy, kter\u00fd je pro ka\u017ed\u00e9ho n\u00e1v\u0161t\u011bvn\u00edka nezbytn\u00fd. Pomoc\u00ed <strong>Mapa pra\u017esk\u00e9ho metra v pdf<\/strong> v\u00e1m pom\u016f\u017ee rychle napl\u00e1novat va\u0161e cesty metrem v hlavn\u00edm m\u011bst\u011b \u010cesk\u00e9 republiky Praze.&nbsp;<\/p>\n\n\n\n<p><a href=\"https:\/\/prague.org\/cs\/10-nejlepsich-prazskych-turistickych-atrakci-s-mapami\/\" data-type=\"URL\" data-id=\"https:\/\/prague.org\/10-top-prague-tourist-attractions-with-maps\/\">Nejv\u011bt\u0161\u00ed atrakce Prahy<\/a> Karl\u016fv most, Pra\u017esk\u00fd hrad, Starom\u011bstsk\u00e9 n\u00e1m\u011bst\u00ed a orloj.<\/p>\n\n\n\n<h2 id=\"but-what-exactly-is-this-prague-metro-though\" class=\"cnvs-block-section-heading cnvs-block-section-heading-1682674068326 halignleft\" >\n\t<span class=\"cnvs-section-title\">\n\t\t<span><strong>Ale co p\u0159esn\u011b je to pra\u017esk\u00e9 metro?<\/strong><\/span>\n\t<\/span>\n<\/h2>\n\n\n\n<p>Metro je hlavn\u00edm dopravn\u00edm prost\u0159edkem ve m\u011bst\u011b. <a href=\"https:\/\/prague.org\/cs\/verejna-doprava-v-praze\/\">ve\u0159ejn\u00e1 doprava v Praze<\/a>. V sou\u010dasn\u00e9 dob\u011b<strong> mapa pra\u017esk\u00e9ho metra<\/strong> se skl\u00e1d\u00e1 ze 3 linek - trasy A (zelen\u00e1 linka), trasy B (\u017elut\u00e1 linka) a trasy C (\u010derven\u00e1 linka).&nbsp;<\/p>\n\n\n\n<p>65 kilometr\u016f trat\u00ed obsluhuje 61 stanic, z nich\u017e t\u0159i (Muzeum, Mstek a M\u011bstsk\u00e1 stanice) jsou v provozu. <strong>Metro Florenc v Praze<\/strong>) slou\u017e\u00ed jako v\u00fdm\u011bnn\u00e9 stanice. V roce 2022 byly tak\u00e9 zah\u00e1jeny pr\u00e1ce na trase metra D (modr\u00e1 linka).<\/p>\n<\/div>\n\n\n\n<div class=\"wp-block-column is-layout-flow wp-block-column-is-layout-flow\">\n<figure class=\"wp-block-image alignwide size-large\"><img decoding=\"async\" width=\"1024\" height=\"788\" src=\"https:\/\/prague.org\/wp-content\/uploads\/2023\/04\/PRAGUE-MAP-1024x788.webp\" alt=\"\" class=\"wp-image-9471\" srcset=\"https:\/\/prague.org\/wp-content\/uploads\/2023\/04\/PRAGUE-MAP-1024x788.webp 1024w, https:\/\/prague.org\/wp-content\/uploads\/2023\/04\/PRAGUE-MAP-600x462.webp 600w, https:\/\/prague.org\/wp-content\/uploads\/2023\/04\/PRAGUE-MAP-300x231.webp 300w, https:\/\/prague.org\/wp-content\/uploads\/2023\/04\/PRAGUE-MAP-768x591.webp 768w, https:\/\/prague.org\/wp-content\/uploads\/2023\/04\/PRAGUE-MAP-1536x1182.webp 1536w, https:\/\/prague.org\/wp-content\/uploads\/2023\/04\/PRAGUE-MAP-16x12.webp 16w, https:\/\/prague.org\/wp-content\/uploads\/2023\/04\/PRAGUE-MAP-380x292.webp 380w, https:\/\/prague.org\/wp-content\/uploads\/2023\/04\/PRAGUE-MAP-800x616.webp 800w, https:\/\/prague.org\/wp-content\/uploads\/2023\/04\/PRAGUE-MAP-1160x892.webp 1160w, https:\/\/prague.org\/wp-content\/uploads\/2023\/04\/PRAGUE-MAP.webp 1600w\" sizes=\"(max-width: 1024px) 100vw, 1024px\" \/><\/figure>\n\n\n\n<div class=\"wp-block-buttons is-content-justification-center is-layout-flex wp-container-13 wp-block-buttons-is-layout-flex\">\n<div class=\"wp-block-button\"><a class=\"wp-block-button__link wp-element-button\" href=\"#map\">ST\u00c1HNOUT MAPU<\/a><\/div>\n<\/div>\n<\/div>\n<\/div>\n\n\n\n<h2 id=\"the-prague-metro\" class=\"wp-block-heading\">Pra\u017esk\u00e9 metro<\/h2>\n\n\n\n<p>Pra\u017esk\u00e9 metro je rychlodr\u00e1\u017en\u00ed syst\u00e9m obsluhuj\u00edc\u00ed Prahu, hlavn\u00ed m\u011bsto \u010cesk\u00e9 republiky. Po budape\u0161\u0165sk\u00e9m metru je druh\u00fdm nejstar\u0161\u00edm syst\u00e9mem metra ve st\u0159edn\u00ed Evrop\u011b.<\/p>\n\n\n\n<p>Pra\u017esk\u00e9 metro je pohodln\u00fd zp\u016fsob dopravy po Praze. Je rychl\u00e9, efektivn\u00ed a cenov\u011b dostupn\u00e9. Metro jezd\u00ed od 5:00 do 1:00 a j\u00edzdenky si m\u016f\u017eete zakoupit v ka\u017ed\u00e9 stanici metra.<\/p>\n\n\n\n<h2 id=\"using-the-prague-metro\" class=\"wp-block-heading\"><strong>Pou\u017e\u00edv\u00e1n\u00ed pra\u017esk\u00e9ho metra<\/strong><\/h2>\n\n\n\n<p>Abyste mohli pou\u017e\u00edvat pra\u017esk\u00e9 metro, mus\u00edte si koupit j\u00edzdenku. J\u00edzdenky lze zakoupit v ka\u017ed\u00e9 stanici metra, ale tak\u00e9 v n\u011bkter\u00fdch novinov\u00fdch st\u00e1nc\u00edch a prodejn\u00e1ch tab\u00e1ku.<\/p>\n\n\n\n<p>K dispozici jsou r\u016fzn\u00e9 typy j\u00edzdenek podle toho, jak dlouho chcete metro pou\u017e\u00edvat. Jednotliv\u00e9 j\u00edzdenky plat\u00ed pro jednu j\u00edzdu a celodenn\u00ed j\u00edzdenky jsou platn\u00e9 24 hodin.<\/p>\n\n\n\n<p>Jakmile m\u00e1te j\u00edzdenku, mus\u00edte ji ov\u011b\u0159it ve \u017elut\u00fdch automatech u vstupu do stanice metra.<\/p>\n\n\n\n<p>Chcete-li nastoupit do vlaku metra, mus\u00edte po\u010dkat na p\u0159\u00edjezd vlaku a pot\u00e9 klepnout na \u017elutou \u010dte\u010dku na n\u00e1stupi\u0161ti.<\/p>\n\n\n\n<h3 id=\"tips-for-using-the-prague-metro\" class=\"wp-block-heading\"><strong>Tipy pro pou\u017e\u00edv\u00e1n\u00ed pra\u017esk\u00e9ho metra<\/strong><\/h3>\n\n\n\n<ul>\n<li>D\u00e1vejte pozor na sv\u00e9 okol\u00ed a m\u011bjte sv\u00e9 v\u011bci u sebe.<\/li>\n\n\n\n<li>Nefo\u0165te ani nenat\u00e1\u010dejte vlaky a stanice metra bez povolen\u00ed.<\/li>\n\n\n\n<li>Nekou\u0159te ve stanic\u00edch metra ani ve vlac\u00edch.<\/li>\n\n\n\n<li>Bu\u010fte ohledupln\u00ed k ostatn\u00edm cestuj\u00edc\u00edm.<\/li>\n<\/ul>\n\n\n\n<h2 id=\"metro-stations-in-prague\" class=\"wp-block-heading\">Stanice metra v Praze<\/h2>\n\n\n\n<p>Na t\u0159ech k\u0159i\u017eovatk\u00e1ch t\u0159\u00ed linek metra ve m\u011bst\u011b najdete tyto p\u0159estupn\u00ed stanice. <strong>stanice metra v Praze<\/strong>:<\/p>\n\n\n\n<p>Tyto str\u00e1nky<strong> Stanice pra\u017esk\u00e9ho metra <\/strong>propojit r\u016fzn\u00e9 linky. Ka\u017ed\u00e1 z dob\u0159e vyzna\u010den\u00fdch p\u0159estupn\u00edch tras trv\u00e1 jen t\u0159i a\u017e p\u011bt minut. Mezi n\u011b pat\u0159\u00ed:<\/p>\n\n\n\n<div class=\"wp-block-columns is-layout-flex wp-container-19 wp-block-columns-is-layout-flex\">\n<div class=\"wp-block-column is-layout-flow wp-block-column-is-layout-flow\" style=\"padding-top:0;padding-right:0;padding-bottom:0;padding-left:0\">\n<figure class=\"wp-block-image size-full\"><img decoding=\"async\" width=\"800\" height=\"600\" src=\"https:\/\/prague.org\/wp-content\/uploads\/2023\/04\/mustek.jpg\" alt=\"\" class=\"wp-image-9478\" srcset=\"https:\/\/prague.org\/wp-content\/uploads\/2023\/04\/mustek.jpg 800w, https:\/\/prague.org\/wp-content\/uploads\/2023\/04\/mustek-600x450.jpg 600w, https:\/\/prague.org\/wp-content\/uploads\/2023\/04\/mustek-300x225.jpg 300w, https:\/\/prague.org\/wp-content\/uploads\/2023\/04\/mustek-768x576.jpg 768w, https:\/\/prague.org\/wp-content\/uploads\/2023\/04\/mustek-16x12.jpg 16w, https:\/\/prague.org\/wp-content\/uploads\/2023\/04\/mustek-200x150.jpg 200w, https:\/\/prague.org\/wp-content\/uploads\/2023\/04\/mustek-260x195.jpg 260w, https:\/\/prague.org\/wp-content\/uploads\/2023\/04\/mustek-380x285.jpg 380w\" sizes=\"(max-width: 800px) 100vw, 800px\" \/><\/figure>\n\n\n\n<h3 id=\"mustek\" class=\"wp-block-heading\">M\u016fstek<\/h3>\n\n\n\n<p>Najdete ji nedaleko konce zn\u00e1m\u00e9ho V\u00e1clavsk\u00e9ho n\u00e1m\u011bst\u00ed.Tato stanice slou\u017e\u00ed jako spojka mezi linkami A a B.<\/p>\n<\/div>\n\n\n\n<div class=\"wp-block-column is-layout-flow wp-block-column-is-layout-flow\">\n<figure class=\"wp-block-image size-full\"><img decoding=\"async\" width=\"800\" height=\"600\" src=\"https:\/\/prague.org\/wp-content\/uploads\/2023\/04\/muzeum.jpg\" alt=\"\" class=\"wp-image-9477\" srcset=\"https:\/\/prague.org\/wp-content\/uploads\/2023\/04\/muzeum.jpg 800w, https:\/\/prague.org\/wp-content\/uploads\/2023\/04\/muzeum-600x450.jpg 600w, https:\/\/prague.org\/wp-content\/uploads\/2023\/04\/muzeum-300x225.jpg 300w, https:\/\/prague.org\/wp-content\/uploads\/2023\/04\/muzeum-768x576.jpg 768w, https:\/\/prague.org\/wp-content\/uploads\/2023\/04\/muzeum-16x12.jpg 16w, https:\/\/prague.org\/wp-content\/uploads\/2023\/04\/muzeum-200x150.jpg 200w, https:\/\/prague.org\/wp-content\/uploads\/2023\/04\/muzeum-260x195.jpg 260w, https:\/\/prague.org\/wp-content\/uploads\/2023\/04\/muzeum-380x285.jpg 380w\" sizes=\"(max-width: 800px) 100vw, 800px\" \/><\/figure>\n\n\n\n<h3 id=\"muzeum\" class=\"wp-block-heading\">Muzeum<\/h3>\n\n\n\n<p>P\u0159estupn\u00ed stanici V\u00e1clavsk\u00e9 n\u00e1m\u011bst\u00ed najdete na jeho severn\u00edm konci.Zde se setk\u00e1vaj\u00ed linky A a C.<\/p>\n<\/div>\n\n\n\n<div class=\"wp-block-column is-layout-flow wp-block-column-is-layout-flow\">\n<figure class=\"wp-block-image size-full\"><img decoding=\"async\" width=\"800\" height=\"600\" src=\"https:\/\/prague.org\/wp-content\/uploads\/2023\/04\/florenc.jpg\" alt=\"\" class=\"wp-image-9476\" srcset=\"https:\/\/prague.org\/wp-content\/uploads\/2023\/04\/florenc.jpg 800w, https:\/\/prague.org\/wp-content\/uploads\/2023\/04\/florenc-600x450.jpg 600w, https:\/\/prague.org\/wp-content\/uploads\/2023\/04\/florenc-300x225.jpg 300w, https:\/\/prague.org\/wp-content\/uploads\/2023\/04\/florenc-768x576.jpg 768w, https:\/\/prague.org\/wp-content\/uploads\/2023\/04\/florenc-16x12.jpg 16w, https:\/\/prague.org\/wp-content\/uploads\/2023\/04\/florenc-200x150.jpg 200w, https:\/\/prague.org\/wp-content\/uploads\/2023\/04\/florenc-260x195.jpg 260w, https:\/\/prague.org\/wp-content\/uploads\/2023\/04\/florenc-380x285.jpg 380w\" sizes=\"(max-width: 800px) 100vw, 800px\" \/><\/figure>\n\n\n\n<h3 id=\"florenc\" class=\"wp-block-heading\">Florenc<\/h3>\n\n\n\n<p><strong>Metro Florenc v Praze<\/strong> je prim\u00e1rn\u00ed svorka sb\u011brnice, kde se linka B setk\u00e1v\u00e1 s linkou C&nbsp;<\/p>\n<\/div>\n<\/div>\n\n\n\n<div class=\"wp-block-cover is-cnvs-vert-align-middle cnvs-block-core-cover-1682676693745\" style=\"padding-top:12px;padding-right:12px;padding-bottom:12px;padding-left:12px;min-height:400px\" id=\"map\"><span aria-hidden=\"true\" class=\"wp-block-cover__background has-black-background-color has-background-dim\"><\/span><img decoding=\"async\" width=\"2560\" height=\"1707\" class=\"wp-block-cover__image-background wp-image-7217\" alt=\"Pra\u017esk\u00e9 ulice\" src=\"https:\/\/prague.org\/wp-content\/uploads\/2022\/12\/StockSnap_VPYPAS4FVT-1-scaled.jpg\" data-object-fit=\"cover\" srcset=\"https:\/\/prague.org\/wp-content\/uploads\/2022\/12\/StockSnap_VPYPAS4FVT-1-scaled.jpg 2560w, https:\/\/prague.org\/wp-content\/uploads\/2022\/12\/StockSnap_VPYPAS4FVT-1-scaled-600x400.jpg 600w, https:\/\/prague.org\/wp-content\/uploads\/2022\/12\/StockSnap_VPYPAS4FVT-1-300x200.jpg 300w, https:\/\/prague.org\/wp-content\/uploads\/2022\/12\/StockSnap_VPYPAS4FVT-1-1024x683.jpg 1024w, https:\/\/prague.org\/wp-content\/uploads\/2022\/12\/StockSnap_VPYPAS4FVT-1-768x512.jpg 768w, https:\/\/prague.org\/wp-content\/uploads\/2022\/12\/StockSnap_VPYPAS4FVT-1-1536x1024.jpg 1536w, https:\/\/prague.org\/wp-content\/uploads\/2022\/12\/StockSnap_VPYPAS4FVT-1-2048x1365.jpg 2048w, https:\/\/prague.org\/wp-content\/uploads\/2022\/12\/StockSnap_VPYPAS4FVT-1-380x253.jpg 380w, https:\/\/prague.org\/wp-content\/uploads\/2022\/12\/StockSnap_VPYPAS4FVT-1-800x533.jpg 800w, https:\/\/prague.org\/wp-content\/uploads\/2022\/12\/StockSnap_VPYPAS4FVT-1-1160x773.jpg 1160w\" sizes=\"(max-width: 2560px) 100vw, 2560px\" \/><div class=\"wp-block-cover__inner-container is-layout-flow wp-block-cover-is-layout-flow\">\n<h2 id=\"download-a-prague-metro-map\" class=\"has-text-align-center has-white-color has-text-color cnvs-block-core-heading-1682676693729 wp-block-heading\" style=\"padding-right:0rem;padding-left:0rem\">St\u00e1hnout mapu pra\u017esk\u00e9ho metra<\/h2>\n\n\n\n<p class=\"has-text-align-center\">Pokud si nechcete nechat uj\u00edt \u017e\u00e1dnou z nejzaj\u00edmav\u011bj\u0161\u00edch atrakc\u00ed m\u011bsta, m\u016f\u017eete se vydat do <strong>Mapa pra\u017esk\u00e9ho metra<\/strong> ve verzi pdf je nejpohodln\u011bj\u0161\u00edm zp\u016fsobem, jak m\u00edt u sebe podrobn\u00e9ho pr\u016fvodce ve\u0159ejnou dopravou.<br>Historick\u00e1 \u010d\u00e1st Prahy m\u00e1 nejen v\u00fdhodnou polohu v bl\u00edzkosti v\u011bt\u0161iny zast\u00e1vek metra, ale tak\u00e9 rezervace j\u00edzdenek na metro je velmi snadn\u00e1. D\u00e1 se \u0159\u00edci, \u017ee pokud se chcete rychle dostat k v\u011bt\u0161in\u011b turistick\u00fdch c\u00edl\u016f, je pro v\u00e1s metro tou nejlep\u0161\u00ed volbou.<\/p>\n\n\n\n<div class=\"wp-block-buttons is-layout-flex wp-block-buttons-is-layout-flex\">\n<div class=\"wp-block-button aligncenter\"><a class=\"wp-block-button__link wp-element-button\" href=\"https:\/\/prague.org\/wp-content\/uploads\/2023\/04\/PRAGUE_MAP_.pdf\" target=\"_blank\" rel=\"noreferrer noopener\">ST\u00c1HNOUT MAPU<\/a><\/div>\n<\/div>\n<\/div><\/div>","protected":false},"excerpt":{"rendered":"Mapa pra\u017esk\u00e9ho metra poskytuje podrobn\u00fd p\u0159ehled o syst\u00e9mu m\u011bstsk\u00e9 hromadn\u00e9 dopravy, kter\u00fd je nezbytn\u00fd pro...","protected":false},"author":9,"featured_media":9528,"parent":0,"menu_order":0,"comment_status":"closed","ping_status":"closed","template":"","meta":{"footnotes":""},"_links":{"self":[{"href":"https:\/\/prague.org\/cs\/wp-json\/wp\/v2\/pages\/9456"}],"collection":[{"href":"https:\/\/prague.org\/cs\/wp-json\/wp\/v2\/pages"}],"about":[{"href":"https:\/\/prague.org\/cs\/wp-json\/wp\/v2\/types\/page"}],"author":[{"embeddable":true,"href":"https:\/\/prague.org\/cs\/wp-json\/wp\/v2\/users\/9"}],"replies":[{"embeddable":true,"href":"https:\/\/prague.org\/cs\/wp-json\/wp\/v2\/comments?post=9456"}],"version-history":[{"count":42,"href":"https:\/\/prague.org\/cs\/wp-json\/wp\/v2\/pages\/9456\/revisions"}],"predecessor-version":[{"id":10177,"href":"https:\/\/prague.org\/cs\/wp-json\/wp\/v2\/pages\/9456\/revisions\/10177"}],"wp:featuredmedia":[{"embeddable":true,"href":"https:\/\/prague.org\/cs\/wp-json\/wp\/v2\/media\/9528"}],"wp:attachment":[{"href":"https:\/\/prague.org\/cs\/wp-json\/wp\/v2\/media?parent=9456"}],"curies":[{"name":"wp","href":"https:\/\/api.w.org\/{rel}","templated":true}]}}