{"id":3,"date":"2022-05-12T10:36:03","date_gmt":"2022-05-12T08:36:03","guid":{"rendered":"https:\/\/prague.org\/?page_id=3"},"modified":"2023-02-23T09:23:42","modified_gmt":"2023-02-23T07:23:42","slug":"privacy-policy","status":"publish","type":"page","link":"https:\/\/prague.org\/da\/privatlivspolitik\/","title":{"rendered":"Privatlivspolitik"},"content":{"rendered":"<p><strong>Privatlivspolitik - engelsk<\/strong><\/p>\n\n\n\n<p>Sidst opdateret: 17. juni 2022<\/p>\n\n\n\n<h2 id=\"who-we-are\" class=\"wp-block-heading\">Hvem er vi?<\/h2>\n\n\n\n<p>Vores hjemmesideadresse er:<a href=\"https:\/\/prague.org\/da\/\"> <strong>https:\/\/prague.org\/<\/strong><\/a><\/p>\n\n\n\n<h2 id=\"use-of-cookies\" class=\"wp-block-heading\">Brug af cookies<\/h2>\n\n\n\n<p>Prague.org's hjemmeside bruger cookies til at indsamle forskellige typer af data. For eksempel gemmer vi oplysninger om antallet af m\u00e5nedlige bes\u00f8g og stien for bes\u00f8gende, der viser forskellige sider, som han har set. Data gemmes i et format, der ikke g\u00f8r det muligt at identificere brugere. De indsamlede data bruges til bedre at forst\u00e5, hvilke oplysninger brugerne leder efter p\u00e5 vores hjemmeside. Det giver os ogs\u00e5 mulighed for at identificere potentielle navigationsproblemer.<\/p>\n\n\n\n<p>Prague.org beskytter personlige oplysninger fra brugerne. Disse personlige oplysninger gemmes p\u00e5 vores servere i et beskyttet og kontrolleret milj\u00f8.<\/p>\n\n\n\n<h2 id=\"embedded-content-from-other-websites\" class=\"wp-block-heading\">Indlejret indhold fra andre hjemmesider<\/h2>\n\n\n\n<p>Artikler p\u00e5 dette websted kan omfatte <strong>indlejret indhold<\/strong> (f.eks. videoer, billeder, artikler osv.). Indlejret indhold fra andre hjemmesider opf\u00f8rer sig p\u00e5 n\u00f8jagtig samme m\u00e5de, som hvis den bes\u00f8gende havde bes\u00f8gt den anden hjemmeside.<\/p>\n\n\n\n<p>Disse websteder kan indsamle <strong>data <\/strong>om dig, bruge cookies, indlejre yderligere tredjepartssporing og overv\u00e5ge din interaktion med det indlejrede indhold, herunder spore din interaktion med det indlejrede indhold, hvis du har en konto og er logget ind p\u00e5 den p\u00e5g\u00e6ldende hjemmeside.<\/p>\n\n\n\n<h2 id=\"advertisers-allowed\" class=\"wp-block-heading\">Annonc\u00f8rer tilladt :<\/h2>\n\n\n\n<p><br>2 Captify Technologies Limited<br>11 Quantcast International Limited<br>12 BeeswaxIO Corporation<br>16 RTB House S.A.<br>21 The Trade Desk<br>23 Amobee Inc.<br>25 Yahoo EMEA Limited<br>39 ADITION technologies GmbH<br>40 Active Agent (ADITION technologies GmbH)<br>50 Adform<br>68 Sizmek af Amazon<br>71 Roku-reklametjenester<br>73 Simplifi Holdings Inc<br>76 PubMatic, Inc.<br>79 MediaMath, Inc.<br>87 Betgenius Ltd<br>91 Criteo SA<br>128 BIDSWITCH GmbH<br>129 IPONWEB GmbH<br>142 Media.net Advertising FZ-LLC<br>151 Admedo Technology Ltd<br>156 Centro, Inc.<br>161 Smadex SL<br>238 StackAdapt<br>253 Forbedre digital<br>254 LiquidM Technology GmbH<br>264 Adobe Advertising Cloud<br>284 Weborama<br>316 Gamned<br>382 The Reach Group GmbH<br>423 travel audience GmbH<br>469 Zeta Global<br>565 Adobe Audience Manager, Adobe Experience Platform<br>655 Sportradar AG<br>755 Googles reklameprodukter<br>776 Mars Media Group<br>793 Amazon-annoncering<br>922 Amnet GmbH<br>990 QuantumCast digital GmbH<br>32 Xandr<br>45 Smart Adserver<br>52 Magnite, Inc.<br>102 Magnite, Inc. (Outstream)<br>81 PulsePoint<br>10 Index Exchange, Inc.<br>114 Sublime<br>164 Outbrain UK Ltd<br>42 Taboola Europe Limited<br>13 Sovrn Holdings Inc<br>183 EMX Digital LLC<br>165 SpotX, Inc.<br>259 ADYOULIKE SA<br>132 Teads<br>72 Nano Interactive GmbH<br>724 Mellem udveksling<br>62 Justpremium BV<br>69 OpenX<br>639 Smile Wanted Group<br>241 OneTag Limited<br>108 Rich Audience-teknologier SL<br>28 TripleLift, Inc.<br>617 Onfocus (Adagio)<br>511 Admixer EU GmbH<br>816 NoBid, Inc.<br>138 ConnectAd Realtime GmbH<br>606 Impactify<br>436 INVIBES GROUP<br>80 Sharethrough, Inc.<br>924 Viewdeos 2015 LTD<br>799 Adpone SL<br>90 Teroa S.A.<br>410 Adtelligent Inc.<br>780 Aniview LTD<br>666 BeOp<br>24 Epsilon<br>781 FeedAd GmbH<br>737 Monet Engine Inc.<br>210 Zemanta, Inc.<br>610 Azerion Holding B.V.<br>31 Ogury Ltd.<br>157 Seedtag Advertising S.L<br>61 GumGum, Inc.<br>434 DynAdmic<br>484 SublimeSkinz - Adledge<br>301 ZEOTAP<br>380 Vidoomy Media SL<\/p>","protected":false},"excerpt":{"rendered":"Privatlivspolitik - engelsk Sidst opdateret: 17. juni 2022 Hvem er vi Vores webstedsadresse er: https:\/\/prague.org\/ Brug...","protected":false},"author":1,"featured_media":0,"parent":0,"menu_order":0,"comment_status":"closed","ping_status":"closed","template":"","meta":{"footnotes":""},"_links":{"self":[{"href":"https:\/\/prague.org\/da\/wp-json\/wp\/v2\/pages\/3"}],"collection":[{"href":"https:\/\/prague.org\/da\/wp-json\/wp\/v2\/pages"}],"about":[{"href":"https:\/\/prague.org\/da\/wp-json\/wp\/v2\/types\/page"}],"author":[{"embeddable":true,"href":"https:\/\/prague.org\/da\/wp-json\/wp\/v2\/users\/1"}],"replies":[{"embeddable":true,"href":"https:\/\/prague.org\/da\/wp-json\/wp\/v2\/comments?post=3"}],"version-history":[{"count":11,"href":"https:\/\/prague.org\/da\/wp-json\/wp\/v2\/pages\/3\/revisions"}],"predecessor-version":[{"id":8567,"href":"https:\/\/prague.org\/da\/wp-json\/wp\/v2\/pages\/3\/revisions\/8567"}],"wp:attachment":[{"href":"https:\/\/prague.org\/da\/wp-json\/wp\/v2\/media?parent=3"}],"curies":[{"name":"wp","href":"https:\/\/api.w.org\/{rel}","templated":true}]}}