{"id":3603,"date":"2022-06-09T20:33:09","date_gmt":"2022-06-09T18:33:09","guid":{"rendered":"https:\/\/prague.org\/?page_id=3603"},"modified":"2023-03-07T19:02:16","modified_gmt":"2023-03-07T17:02:16","slug":"about-us","status":"publish","type":"page","link":"https:\/\/prague.org\/da\/om-os\/","title":{"rendered":"Om Prag.org"},"content":{"rendered":"<h2 id=\"by-locals\" class=\"wp-block-heading\">Med de lokale.<\/h2>\n\n\n\n<p>Form\u00e5let med vores hjemmeside er at pr\u00e6sentere dig for en <strong><a href=\"https:\/\/prague.org\/da\/?s=guide\">Rejseguide<\/a><\/strong> der ikke kun vil v\u00e6re <strong>detaljeret <\/strong>og <strong>nyttig <\/strong>men vil ogs\u00e5 give dig mange <strong>tips fra lokale, der bor i Prag<\/strong> alt om <a href=\"https:\/\/prague.org\/da\/\">Prag<\/a>.<\/p>\n\n\n\n<p>Alle artikler p\u00e5 vores side om Prag er enten skrevet af ejerne af hjemmesiden (et par, der bor i Prags smukkeste kvarter Dejvice) eller af forfattere, der i \u00f8jeblikket bor i Prag.<\/p>\n\n\n\n<h2 id=\"before-you-travel\" class=\"wp-block-heading\">F\u00f8r du rejser.<\/h2>\n\n\n\n<p><a href=\"https:\/\/prague.org\/da\/what-to-do-and-see\/\">Hvad kan du se i Prag? Hvad skal man vide om Prag? Hvad kan man lave her?<\/a> Skal du komme i en uge eller bare en weekend? Alle disse <strong>sp\u00f8rgsm\u00e5l <\/strong>vil blive besvaret. Oplev interessante fakta om Prag ved at bruge vores detaljerede guides til at f\u00e5 mest muligt ud af din <strong>tur <\/strong>og planl\u00e6gge det ordentligt, f\u00f8r du tager af sted. Vi kan ogs\u00e5 hj\u00e6lpe dig med at arrangere billetter og hotelreservationer. <\/p>\n\n\n\n<p>Der er bogstaveligt talt noget at l\u00e6re om Prag for alle. Man skal bare planl\u00e6gge godt.<\/p>\n\n\n\n<h2 id=\"once-you-are-in-prague\" class=\"wp-block-heading\">N\u00e5r du f\u00f8rst er i Prag...<\/h2>\n\n\n\n<p>Du er lige landet eller steget ud af bilen ... og hvad s\u00e5 nu? Hvor skal man g\u00e5 hen for <a href=\"https:\/\/prague.org\/da\/bedste-morgenmad-i-prag\/\">morgenmad<\/a>? Hvad er den <a href=\"https:\/\/prague.org\/da\/hvor-man-spiser-restauranter-i-prag\/\">bedste restaurant<\/a> til frokost? Hvordan bruger du <a href=\"https:\/\/prague.org\/da\/offentlig-transport-i-prag\/\">offentlig transport<\/a>? Eller skal jeg bruge en taxa? Vi har masser af information om Prag, ikke kun for dem, der planl\u00e6gger deres rejse, men ogs\u00e5 for dem, der allerede er i Prag.<\/p>\n\n\n\n<h2 id=\"how-do-we-make-money\" class=\"wp-block-heading\">Hvordan tjener vi penge?<\/h2>\n\n\n\n<p>Vi modtager kompensation for nogle af de tjenester, vi linker til. Vores forretningsmodel er baseret p\u00e5 s\u00e5kaldt affiliate marketing. Vi bliver ikke betalt direkte af brands eller virksomheder. I stedet v\u00e6lger vi de virksomheder, vi samarbejder med, anbefaler deres tjenester og modtager provision, hvis du k\u00f8ber noget (flybilletter, indkvartering, guidet tur ...). Vores tjenester, artikler, guides og al anden information om Prag er og vil altid v\u00e6re gratis for alle vores bes\u00f8gende.<\/p>\n\n\n\n<h2 id=\"write-for-us\" class=\"wp-block-heading\">Skriv for os<\/h2>\n\n\n\n<p>Vi er altid p\u00e5 udkig efter skribenter, der kan skrive interessante fakta om Prag. Du er velkommen til at <a href=\"https:\/\/prague.org\/da\/contact-us\/\">Kontakt os<\/a> med os, men husk p\u00e5, at vi kun leder efter erfarne indholdsforfattere, der enten bor i Prag eller har boet i Prag i mindst et par \u00e5r.<\/p>","protected":false},"excerpt":{"rendered":"Af de lokale. M\u00e5let med vores hjemmeside er at pr\u00e6sentere dig for en rejseguide, der...","protected":false},"author":1,"featured_media":2312,"parent":0,"menu_order":0,"comment_status":"closed","ping_status":"closed","template":"","meta":{"footnotes":""},"_links":{"self":[{"href":"https:\/\/prague.org\/da\/wp-json\/wp\/v2\/pages\/3603"}],"collection":[{"href":"https:\/\/prague.org\/da\/wp-json\/wp\/v2\/pages"}],"about":[{"href":"https:\/\/prague.org\/da\/wp-json\/wp\/v2\/types\/page"}],"author":[{"embeddable":true,"href":"https:\/\/prague.org\/da\/wp-json\/wp\/v2\/users\/1"}],"replies":[{"embeddable":true,"href":"https:\/\/prague.org\/da\/wp-json\/wp\/v2\/comments?post=3603"}],"version-history":[{"count":10,"href":"https:\/\/prague.org\/da\/wp-json\/wp\/v2\/pages\/3603\/revisions"}],"predecessor-version":[{"id":8856,"href":"https:\/\/prague.org\/da\/wp-json\/wp\/v2\/pages\/3603\/revisions\/8856"}],"wp:featuredmedia":[{"embeddable":true,"href":"https:\/\/prague.org\/da\/wp-json\/wp\/v2\/media\/2312"}],"wp:attachment":[{"href":"https:\/\/prague.org\/da\/wp-json\/wp\/v2\/media?parent=3603"}],"curies":[{"name":"wp","href":"https:\/\/api.w.org\/{rel}","templated":true}]}}