{"id":3,"date":"2022-05-12T10:36:03","date_gmt":"2022-05-12T08:36:03","guid":{"rendered":"https:\/\/prague.org\/?page_id=3"},"modified":"2023-02-23T09:23:42","modified_gmt":"2023-02-23T07:23:42","slug":"privacy-policy","status":"publish","type":"page","link":"https:\/\/prague.org\/de\/datenschutzbestimmungen\/","title":{"rendered":"Datenschutzbestimmungen"},"content":{"rendered":"<p><strong>Datenschutzrichtlinie - Englisch<\/strong><\/p>\n\n\n\n<p>Zuletzt aktualisiert: Juni 17, 2022<\/p>\n\n\n\n<h2 id=\"who-we-are\" class=\"wp-block-heading\">Wer wir sind<\/h2>\n\n\n\n<p>Unsere Website-Adresse lautet:<a href=\"https:\/\/prague.org\/de\/\"> <strong>https:\/\/prague.org\/<\/strong><\/a><\/p>\n\n\n\n<h2 id=\"use-of-cookies\" class=\"wp-block-heading\">Verwendung von Cookies<\/h2>\n\n\n\n<p>Die Website von Prague.org verwendet Cookies, um verschiedene Arten von Daten zu sammeln. Zum Beispiel speichern wir Informationen \u00fcber die Anzahl der monatlichen Besuche und den Weg des Besuchers, der verschiedene Seiten anzeigt, die er gesehen hat. Die Daten werden in einem Format gespeichert, das eine Identifizierung der Benutzer nicht zul\u00e4sst. Die gesammelten Daten werden verwendet, um besser zu verstehen, nach welchen Informationen die Nutzer auf unserer Website suchen. Sie erm\u00f6glichen es uns auch, m\u00f6gliche Navigationsprobleme zu erkennen.<\/p>\n\n\n\n<p>Prague.org sch\u00fctzt die von den Benutzern bereitgestellten pers\u00f6nlichen Informationen. Diese pers\u00f6nlichen Informationen werden auf unseren Servern in einer gesch\u00fctzten und kontrollierten Umgebung gespeichert.<\/p>\n\n\n\n<h2 id=\"embedded-content-from-other-websites\" class=\"wp-block-heading\">Eingebettete Inhalte von anderen Websites<\/h2>\n\n\n\n<p>Die Artikel auf dieser Website k\u00f6nnen enthalten <strong>eingebetteter Inhalt<\/strong> (z.B. Videos, Bilder, Artikel, etc.). Eingebettete Inhalte von anderen Websites verhalten sich genau so, als ob der Besucher die andere Website besucht h\u00e4tte.<\/p>\n\n\n\n<p>Diese Websites k\u00f6nnen Folgendes erfassen <strong>Daten <\/strong>\u00fcber Sie, verwenden Cookies, betten zus\u00e4tzliche Drittanbieter-Tracking ein und \u00fcberwachen Ihre Interaktion mit diesem eingebetteten Inhalt, einschlie\u00dflich der Verfolgung Ihrer Interaktion mit dem eingebetteten Inhalt, wenn Sie ein Konto haben und auf dieser Website angemeldet sind.<\/p>\n\n\n\n<h2 id=\"advertisers-allowed\" class=\"wp-block-heading\">Inserenten erlaubt :<\/h2>\n\n\n\n<p><br>2 Captify Technologies GmbH<br>11 Quantcast International Limited<br>12 BeeswaxIO Gesellschaft<br>16 RTB House S.A.<br>21 The Trade Desk<br>23 Amobee Inc.<br>25 Yahoo EMEA GmbH<br>39 ADITION technologies GmbH<br>40 Wirkstoff (ADITION technologies GmbH)<br>50 Adform<br>68 Sizmek bei Amazon<br>71 Roku-Werbedienstleistungen<br>73 Simplifi Holdings Inc.<br>76 PubMatic, Inc.<br>79 MediaMath, Inc.<br>87 Betgenius Ltd<br>91 Criteo SA<br>128 BIDSWITCH GmbH<br>129 IPONWEB GmbH<br>142 Media.net Advertising FZ-LLC<br>151 Admedo Technologie GmbH<br>156 Centro, Inc.<br>161 Smadex SL<br>238 StackAdapt<br>253 Verbesserung der digitalen<br>254 LiquidM Technologie GmbH<br>264 Adobe Advertising Cloud<br>284 Weborama<br>316 Gamned<br>382 Die Reach Group GmbH<br>423 travel audience GmbH<br>469 Zeta Global<br>565 Adobe Audience Manager, Adobe Experience Platform<br>655 Sportradar AG<br>755 Google-Werbeprodukte<br>776 Mars Media Gruppe<br>793 Amazon Werbung<br>922 Amnet GmbH<br>990 QuantumCast digital GmbH<br>32 Xandr<br>45 Smart Adserver<br>52 Magnite, Inc.<br>102 Magnite, Inc. (Outstream)<br>81 Impulspunkt<br>10 Index Exchange, Inc.<br>114 Erhabenheit<br>164 Outbrain UK Ltd<br>42 Taboola Europa GmbH<br>13 Sovrn Holdings Inc.<br>183 EMX Digital LLC<br>165 SpotX, Inc.<br>259 ADYOULIKE SA<br>132 Kr\u00f6ten<br>72 Nano Interactive GmbH<br>724 Zwischen Austausch<br>62 Justpremium BV<br>69 OpenX<br>639 Gruppe \"L\u00e4cheln erw\u00fcnscht<br>241 OneTag Limited<br>108 Rich Audience Technologies SL<br>28 TripleLift, Inc.<br>617 Onfocus (Adagio)<br>511 Admixer EU GmbH<br>816 NoBid, Inc.<br>138 ConnectAd Realtime GmbH<br>606 Impactify<br>436 INVIBES-GRUPPE<br>80 Sharethrough, Inc.<br>924 Viewdeos 2015 LTD<br>799 Adpone SL<br>90 Teroa S.A.<br>410 Adtelligent Inc.<br>780 Aniview LTD<br>666 BeOp<br>24 Epsilon<br>781 FeedAd GmbH<br>737 Monet Engine Inc.<br>210 Zemanta, Inc.<br>610 Azerion Holding B.V.<br>31 Ogury Ltd.<br>157 Seedtag Advertising S.L<br>61 GumGum, Inc.<br>434 DynAdmic<br>484 SublimeSkinz - Adledge<br>301 ZEOTAP<br>380 Vidoomy Media SL<\/p>","protected":false},"excerpt":{"rendered":"Datenschutzrichtlinie - Englisch Letzte Aktualisierung: 17. Juni 2022 Wer wir sind Unsere Website-Adresse lautet: https:\/\/prague.org\/ Nutzung...","protected":false},"author":1,"featured_media":0,"parent":0,"menu_order":0,"comment_status":"closed","ping_status":"closed","template":"","meta":{"footnotes":""},"_links":{"self":[{"href":"https:\/\/prague.org\/de\/wp-json\/wp\/v2\/pages\/3"}],"collection":[{"href":"https:\/\/prague.org\/de\/wp-json\/wp\/v2\/pages"}],"about":[{"href":"https:\/\/prague.org\/de\/wp-json\/wp\/v2\/types\/page"}],"author":[{"embeddable":true,"href":"https:\/\/prague.org\/de\/wp-json\/wp\/v2\/users\/1"}],"replies":[{"embeddable":true,"href":"https:\/\/prague.org\/de\/wp-json\/wp\/v2\/comments?post=3"}],"version-history":[{"count":11,"href":"https:\/\/prague.org\/de\/wp-json\/wp\/v2\/pages\/3\/revisions"}],"predecessor-version":[{"id":8567,"href":"https:\/\/prague.org\/de\/wp-json\/wp\/v2\/pages\/3\/revisions\/8567"}],"wp:attachment":[{"href":"https:\/\/prague.org\/de\/wp-json\/wp\/v2\/media?parent=3"}],"curies":[{"name":"wp","href":"https:\/\/api.w.org\/{rel}","templated":true}]}}