{"id":9456,"date":"2023-04-28T12:23:06","date_gmt":"2023-04-28T10:23:06","guid":{"rendered":"https:\/\/prague.org\/?page_id=9456"},"modified":"2023-07-14T16:49:51","modified_gmt":"2023-07-14T14:49:51","slug":"prague-metro-map","status":"publish","type":"page","link":"https:\/\/prague.org\/de\/prag-metro-map\/","title":{"rendered":"Prag Metro Karte"},"content":{"rendered":"<div class=\"wp-block-cover is-light is-cnvs-vert-align-middle cnvs-block-core-cover-1669195481064\" style=\"padding-top:12px;padding-right:12px;padding-bottom:12px;padding-left:12px;min-height:400px\"><span aria-hidden=\"true\" class=\"wp-block-cover__background has-black-background-color has-background-dim\"><\/span><img decoding=\"async\" width=\"2560\" height=\"1440\" class=\"wp-block-cover__image-background wp-image-9239\" alt=\"Prag im Fr\u00fchling\" src=\"https:\/\/prague.org\/wp-content\/uploads\/2023\/03\/pexels-pierre-blache-2598484-1-scaled.jpg\" data-object-fit=\"cover\" srcset=\"https:\/\/prague.org\/wp-content\/uploads\/2023\/03\/pexels-pierre-blache-2598484-1-scaled.jpg 2560w, https:\/\/prague.org\/wp-content\/uploads\/2023\/03\/pexels-pierre-blache-2598484-1-scaled-600x338.jpg 600w, https:\/\/prague.org\/wp-content\/uploads\/2023\/03\/pexels-pierre-blache-2598484-1-300x169.jpg 300w, https:\/\/prague.org\/wp-content\/uploads\/2023\/03\/pexels-pierre-blache-2598484-1-1024x576.jpg 1024w, https:\/\/prague.org\/wp-content\/uploads\/2023\/03\/pexels-pierre-blache-2598484-1-768x432.jpg 768w, https:\/\/prague.org\/wp-content\/uploads\/2023\/03\/pexels-pierre-blache-2598484-1-1536x864.jpg 1536w, https:\/\/prague.org\/wp-content\/uploads\/2023\/03\/pexels-pierre-blache-2598484-1-2048x1152.jpg 2048w, https:\/\/prague.org\/wp-content\/uploads\/2023\/03\/pexels-pierre-blache-2598484-1-18x10.jpg 18w, https:\/\/prague.org\/wp-content\/uploads\/2023\/03\/pexels-pierre-blache-2598484-1-380x214.jpg 380w, https:\/\/prague.org\/wp-content\/uploads\/2023\/03\/pexels-pierre-blache-2598484-1-800x450.jpg 800w, https:\/\/prague.org\/wp-content\/uploads\/2023\/03\/pexels-pierre-blache-2598484-1-1160x653.jpg 1160w\" sizes=\"(max-width: 2560px) 100vw, 2560px\" \/><div class=\"wp-block-cover__inner-container is-layout-flow wp-block-cover-is-layout-flow\">\n<h1 id=\"navigate-the-city-easily-with-the-prague-metro-map\" class=\"has-text-align-center has-white-color has-text-color cnvs-block-core-heading-1669195481046 wp-block-heading\" style=\"padding-right:0rem;padding-left:0rem\">Navigieren Sie leicht durch die Stadt mit dem Prager Metroplan<\/h1>\n\n\n<div class=\"wp-block-image\">\n<figure class=\"aligncenter size-full\"><img decoding=\"async\" width=\"210\" height=\"26\" src=\"https:\/\/prague.org\/wp-content\/uploads\/2023\/04\/stars.png\" alt=\"\" class=\"wp-image-9463\" srcset=\"https:\/\/prague.org\/wp-content\/uploads\/2023\/04\/stars.png 210w, https:\/\/prague.org\/wp-content\/uploads\/2023\/04\/stars-18x2.png 18w, https:\/\/prague.org\/wp-content\/uploads\/2023\/04\/stars-200x26.png 200w\" sizes=\"(max-width: 210px) 100vw, 210px\" \/><\/figure><\/div>\n\n<\/div><\/div>\n\n\n\n<div class=\"wp-block-columns is-layout-flex wp-container-15 wp-block-columns-is-layout-flex\">\n<div class=\"wp-block-column is-layout-flow wp-block-column-is-layout-flow\">\n<p>Die <strong><a href=\"https:\/\/prague.org\/de\/the-prague-metro-map\/\" data-type=\"URL\" data-id=\"https:\/\/prague.org\/the-prague-metro-map\/\">Metroplan Prag<\/a><\/strong> bietet einen detaillierten Einblick in das \u00f6ffentliche Verkehrssystem der Stadt, das f\u00fcr jeden Besucher unerl\u00e4sslich ist. Mit dem <strong>Metroplan Prag in pdf<\/strong> hilft Ihnen, Ihre Fahrten mit der U-Bahn in der tschechischen Hauptstadt Prag schnell zu planen.&nbsp;<\/p>\n\n\n\n<p><a href=\"https:\/\/prague.org\/de\/10-top-prag-touristen-attraktionen-mit-karten\/\" data-type=\"URL\" data-id=\"https:\/\/prague.org\/10-top-prague-tourist-attractions-with-maps\/\">Prags Top-Attraktionen<\/a> Dazu geh\u00f6ren die Karlsbr\u00fccke, die Prager Burg, der Altst\u00e4dter Ring und die Astronomische Uhr.<\/p>\n\n\n\n<h2 id=\"but-what-exactly-is-this-prague-metro-though\" class=\"cnvs-block-section-heading cnvs-block-section-heading-1682674068326 halignleft\" >\n\t<span class=\"cnvs-section-title\">\n\t\t<span><strong>Aber was genau ist diese Prager Metro?<\/strong><\/span>\n\t<\/span>\n<\/h2>\n\n\n\n<p>Die Metro ist das wichtigste Verkehrsmittel der Stadt <a href=\"https:\/\/prague.org\/de\/offentliche-verkehrsmittel-in-prag\/\">\u00d6ffentliche Verkehrsmittel in Prag<\/a>. Derzeit ist die<strong> Karte des Prager U-Bahn-Netzes<\/strong> besteht aus 3 Linien - Route A (gr\u00fcne Linie), Route B (gelbe Linie) und Route C (rote Linie).&nbsp;<\/p>\n\n\n\n<p>Die 65 Kilometer lange Strecke bedient 61 Bahnh\u00f6fe, von denen drei (Muzeum, Mstek und <strong>Metro Florenc in Prag<\/strong>) dienen als Umsteigepunkte. Im Jahr 2022 begannen auch die Arbeiten an der sp\u00e4teren Metro-Linie D (die blaue Linie).<\/p>\n<\/div>\n\n\n\n<div class=\"wp-block-column is-layout-flow wp-block-column-is-layout-flow\">\n<figure class=\"wp-block-image alignwide size-large\"><img decoding=\"async\" width=\"1024\" height=\"788\" src=\"https:\/\/prague.org\/wp-content\/uploads\/2023\/04\/PRAGUE-MAP-1024x788.webp\" alt=\"\" class=\"wp-image-9471\" srcset=\"https:\/\/prague.org\/wp-content\/uploads\/2023\/04\/PRAGUE-MAP-1024x788.webp 1024w, https:\/\/prague.org\/wp-content\/uploads\/2023\/04\/PRAGUE-MAP-600x462.webp 600w, https:\/\/prague.org\/wp-content\/uploads\/2023\/04\/PRAGUE-MAP-300x231.webp 300w, https:\/\/prague.org\/wp-content\/uploads\/2023\/04\/PRAGUE-MAP-768x591.webp 768w, https:\/\/prague.org\/wp-content\/uploads\/2023\/04\/PRAGUE-MAP-1536x1182.webp 1536w, https:\/\/prague.org\/wp-content\/uploads\/2023\/04\/PRAGUE-MAP-16x12.webp 16w, https:\/\/prague.org\/wp-content\/uploads\/2023\/04\/PRAGUE-MAP-380x292.webp 380w, https:\/\/prague.org\/wp-content\/uploads\/2023\/04\/PRAGUE-MAP-800x616.webp 800w, https:\/\/prague.org\/wp-content\/uploads\/2023\/04\/PRAGUE-MAP-1160x892.webp 1160w, https:\/\/prague.org\/wp-content\/uploads\/2023\/04\/PRAGUE-MAP.webp 1600w\" sizes=\"(max-width: 1024px) 100vw, 1024px\" \/><\/figure>\n\n\n\n<div class=\"wp-block-buttons is-content-justification-center is-layout-flex wp-container-13 wp-block-buttons-is-layout-flex\">\n<div class=\"wp-block-button\"><a class=\"wp-block-button__link wp-element-button\" href=\"#map\">DOWNLOAD KARTE<\/a><\/div>\n<\/div>\n<\/div>\n<\/div>\n\n\n\n<h2 id=\"the-prague-metro\" class=\"wp-block-heading\">Die Prager U-Bahn<\/h2>\n\n\n\n<p>Die Prager Metro ist ein Schnellbahnsystem f\u00fcr Prag, die Hauptstadt der Tschechischen Republik. Sie ist nach der Budapester Metro das zweit\u00e4lteste U-Bahn-System in Mitteleuropa.<\/p>\n\n\n\n<p>Die Prager Metro ist eine bequeme Art, sich in Prag fortzubewegen. Sie ist schnell, effizient und erschwinglich. Die Metro verkehrt von 5:00 Uhr morgens bis 1:00 Uhr nachts, und Fahrkarten k\u00f6nnen an jeder Metrostation gekauft werden.<\/p>\n\n\n\n<h2 id=\"using-the-prague-metro\" class=\"wp-block-heading\"><strong>Benutzung der Prager Metro<\/strong><\/h2>\n\n\n\n<p>Um die Prager Metro zu benutzen, m\u00fcssen Sie eine Fahrkarte kaufen. Fahrkarten k\u00f6nnen an jeder Metrostation sowie an einigen Kiosken und Tabakl\u00e4den gekauft werden.<\/p>\n\n\n\n<p>Es gibt verschiedene Arten von Fahrkarten, je nachdem, wie lange Sie die Metro benutzen m\u00f6chten. Einzelfahrkarten gelten f\u00fcr eine Fahrt, Tageskarten f\u00fcr 24 Stunden.<\/p>\n\n\n\n<p>Sobald Sie eine Fahrkarte haben, m\u00fcssen Sie diese an den gelben Automaten am Eingang der U-Bahn-Station entwerten.<\/p>\n\n\n\n<p>Um in einen U-Bahn-Zug einzusteigen, m\u00fcssen Sie auf die Ankunft des Zuges warten und dann Ihre Fahrkarte auf das gelbe Leseger\u00e4t am Bahnsteig tippen.<\/p>\n\n\n\n<h3 id=\"tips-for-using-the-prague-metro\" class=\"wp-block-heading\"><strong>Tipps f\u00fcr die Benutzung der Prager Metro<\/strong><\/h3>\n\n\n\n<ul>\n<li>Achten Sie auf Ihre Umgebung und bewahren Sie Ihr Hab und Gut in Ihrer N\u00e4he auf.<\/li>\n\n\n\n<li>Machen Sie ohne Erlaubnis keine Fotos oder Videos von den Z\u00fcgen oder Stationen der U-Bahn.<\/li>\n\n\n\n<li>Rauchen Sie nicht in den U-Bahn-Stationen oder Z\u00fcgen.<\/li>\n\n\n\n<li>Nehmen Sie R\u00fccksicht auf andere Fahrg\u00e4ste.<\/li>\n<\/ul>\n\n\n\n<h2 id=\"metro-stations-in-prague\" class=\"wp-block-heading\">U-Bahn-Stationen in Prag<\/h2>\n\n\n\n<p>An den drei Kreuzungspunkten der drei Metrolinien der Stadt finden Sie diese Umsteigem\u00f6glichkeiten <strong>Metrostationen in Prag<\/strong>:<\/p>\n\n\n\n<p>Diese<strong> Prager Metrostationen <\/strong>verbinden verschiedene Linien. Jeder der gut ausgeschilderten Umsteigewege ist in nur drei bis f\u00fcnf Minuten zu Fu\u00df zu bew\u00e4ltigen. Unter ihnen sind:<\/p>\n\n\n\n<div class=\"wp-block-columns is-layout-flex wp-container-19 wp-block-columns-is-layout-flex\">\n<div class=\"wp-block-column is-layout-flow wp-block-column-is-layout-flow\" style=\"padding-top:0;padding-right:0;padding-bottom:0;padding-left:0\">\n<figure class=\"wp-block-image size-full\"><img decoding=\"async\" width=\"800\" height=\"600\" src=\"https:\/\/prague.org\/wp-content\/uploads\/2023\/04\/mustek.jpg\" alt=\"\" class=\"wp-image-9478\" srcset=\"https:\/\/prague.org\/wp-content\/uploads\/2023\/04\/mustek.jpg 800w, https:\/\/prague.org\/wp-content\/uploads\/2023\/04\/mustek-600x450.jpg 600w, https:\/\/prague.org\/wp-content\/uploads\/2023\/04\/mustek-300x225.jpg 300w, https:\/\/prague.org\/wp-content\/uploads\/2023\/04\/mustek-768x576.jpg 768w, https:\/\/prague.org\/wp-content\/uploads\/2023\/04\/mustek-16x12.jpg 16w, https:\/\/prague.org\/wp-content\/uploads\/2023\/04\/mustek-200x150.jpg 200w, https:\/\/prague.org\/wp-content\/uploads\/2023\/04\/mustek-260x195.jpg 260w, https:\/\/prague.org\/wp-content\/uploads\/2023\/04\/mustek-380x285.jpg 380w\" sizes=\"(max-width: 800px) 100vw, 800px\" \/><\/figure>\n\n\n\n<h3 id=\"mustek\" class=\"wp-block-heading\">M\u016fstek<\/h3>\n\n\n\n<p>Er befindet sich am Ende des ber\u00fchmten Wenzelsplatzes und dient als Verbindung zwischen den Linien A und B.<\/p>\n<\/div>\n\n\n\n<div class=\"wp-block-column is-layout-flow wp-block-column-is-layout-flow\">\n<figure class=\"wp-block-image size-full\"><img decoding=\"async\" width=\"800\" height=\"600\" src=\"https:\/\/prague.org\/wp-content\/uploads\/2023\/04\/muzeum.jpg\" alt=\"\" class=\"wp-image-9477\" srcset=\"https:\/\/prague.org\/wp-content\/uploads\/2023\/04\/muzeum.jpg 800w, https:\/\/prague.org\/wp-content\/uploads\/2023\/04\/muzeum-600x450.jpg 600w, https:\/\/prague.org\/wp-content\/uploads\/2023\/04\/muzeum-300x225.jpg 300w, https:\/\/prague.org\/wp-content\/uploads\/2023\/04\/muzeum-768x576.jpg 768w, https:\/\/prague.org\/wp-content\/uploads\/2023\/04\/muzeum-16x12.jpg 16w, https:\/\/prague.org\/wp-content\/uploads\/2023\/04\/muzeum-200x150.jpg 200w, https:\/\/prague.org\/wp-content\/uploads\/2023\/04\/muzeum-260x195.jpg 260w, https:\/\/prague.org\/wp-content\/uploads\/2023\/04\/muzeum-380x285.jpg 380w\" sizes=\"(max-width: 800px) 100vw, 800px\" \/><\/figure>\n\n\n\n<h3 id=\"muzeum\" class=\"wp-block-heading\">Muzeum<\/h3>\n\n\n\n<p>An seinem n\u00f6rdlichen Ende befindet sich der Umsteigebahnhof Wenzelsplatz, an dem sich die Linien A und C treffen.<\/p>\n<\/div>\n\n\n\n<div class=\"wp-block-column is-layout-flow wp-block-column-is-layout-flow\">\n<figure class=\"wp-block-image size-full\"><img decoding=\"async\" width=\"800\" height=\"600\" src=\"https:\/\/prague.org\/wp-content\/uploads\/2023\/04\/florenc.jpg\" alt=\"\" class=\"wp-image-9476\" srcset=\"https:\/\/prague.org\/wp-content\/uploads\/2023\/04\/florenc.jpg 800w, https:\/\/prague.org\/wp-content\/uploads\/2023\/04\/florenc-600x450.jpg 600w, https:\/\/prague.org\/wp-content\/uploads\/2023\/04\/florenc-300x225.jpg 300w, https:\/\/prague.org\/wp-content\/uploads\/2023\/04\/florenc-768x576.jpg 768w, https:\/\/prague.org\/wp-content\/uploads\/2023\/04\/florenc-16x12.jpg 16w, https:\/\/prague.org\/wp-content\/uploads\/2023\/04\/florenc-200x150.jpg 200w, https:\/\/prague.org\/wp-content\/uploads\/2023\/04\/florenc-260x195.jpg 260w, https:\/\/prague.org\/wp-content\/uploads\/2023\/04\/florenc-380x285.jpg 380w\" sizes=\"(max-width: 800px) 100vw, 800px\" \/><\/figure>\n\n\n\n<h3 id=\"florenc\" class=\"wp-block-heading\">Florenc<\/h3>\n\n\n\n<p><strong>Metro Florenc in Prag<\/strong> ist die prim\u00e4re Busklemme, an der die Leitung B auf C trifft&nbsp;<\/p>\n<\/div>\n<\/div>\n\n\n\n<div class=\"wp-block-cover is-cnvs-vert-align-middle cnvs-block-core-cover-1682676693745\" style=\"padding-top:12px;padding-right:12px;padding-bottom:12px;padding-left:12px;min-height:400px\" id=\"map\"><span aria-hidden=\"true\" class=\"wp-block-cover__background has-black-background-color has-background-dim\"><\/span><img decoding=\"async\" width=\"2560\" height=\"1707\" class=\"wp-block-cover__image-background wp-image-7217\" alt=\"Prager Stra\u00dfen\" src=\"https:\/\/prague.org\/wp-content\/uploads\/2022\/12\/StockSnap_VPYPAS4FVT-1-scaled.jpg\" data-object-fit=\"cover\" srcset=\"https:\/\/prague.org\/wp-content\/uploads\/2022\/12\/StockSnap_VPYPAS4FVT-1-scaled.jpg 2560w, https:\/\/prague.org\/wp-content\/uploads\/2022\/12\/StockSnap_VPYPAS4FVT-1-scaled-600x400.jpg 600w, https:\/\/prague.org\/wp-content\/uploads\/2022\/12\/StockSnap_VPYPAS4FVT-1-300x200.jpg 300w, https:\/\/prague.org\/wp-content\/uploads\/2022\/12\/StockSnap_VPYPAS4FVT-1-1024x683.jpg 1024w, https:\/\/prague.org\/wp-content\/uploads\/2022\/12\/StockSnap_VPYPAS4FVT-1-768x512.jpg 768w, https:\/\/prague.org\/wp-content\/uploads\/2022\/12\/StockSnap_VPYPAS4FVT-1-1536x1024.jpg 1536w, https:\/\/prague.org\/wp-content\/uploads\/2022\/12\/StockSnap_VPYPAS4FVT-1-2048x1365.jpg 2048w, https:\/\/prague.org\/wp-content\/uploads\/2022\/12\/StockSnap_VPYPAS4FVT-1-380x253.jpg 380w, https:\/\/prague.org\/wp-content\/uploads\/2022\/12\/StockSnap_VPYPAS4FVT-1-800x533.jpg 800w, https:\/\/prague.org\/wp-content\/uploads\/2022\/12\/StockSnap_VPYPAS4FVT-1-1160x773.jpg 1160w\" sizes=\"(max-width: 2560px) 100vw, 2560px\" \/><div class=\"wp-block-cover__inner-container is-layout-flow wp-block-cover-is-layout-flow\">\n<h2 id=\"download-a-prague-metro-map\" class=\"has-text-align-center has-white-color has-text-color cnvs-block-core-heading-1682676693729 wp-block-heading\" style=\"padding-right:0rem;padding-left:0rem\">Download einer Prager Metrokarte<\/h2>\n\n\n\n<p class=\"has-text-align-center\">Wenn Sie keine der Top-Sehensw\u00fcrdigkeiten der Stadt verpassen wollen, sollten Sie einen <strong>Metroplan Prag<\/strong> in der pdf-Version ist die bequemste Art, einen detaillierten F\u00fchrer f\u00fcr \u00f6ffentliche Verkehrsmittel mit sich zu f\u00fchren.<br>Die Prager Altstadt liegt nicht nur g\u00fcnstig in der N\u00e4he der meisten U-Bahn-Haltestellen, sondern auch die Buchung von U-Bahn-Tickets ist ein Kinderspiel. Es ist sicher zu sagen, dass die Metro die beste Wahl ist, wenn Sie schnell zu den meisten touristischen Zielen gelangen wollen.<\/p>\n\n\n\n<div class=\"wp-block-buttons is-layout-flex wp-block-buttons-is-layout-flex\">\n<div class=\"wp-block-button aligncenter\"><a class=\"wp-block-button__link wp-element-button\" href=\"https:\/\/prague.org\/wp-content\/uploads\/2023\/04\/PRAGUE_MAP_.pdf\" target=\"_blank\" rel=\"noreferrer noopener\">DOWNLOAD KARTE<\/a><\/div>\n<\/div>\n<\/div><\/div>","protected":false},"excerpt":{"rendered":"Der Prager Metroplan bietet einen detaillierten Einblick in das \u00f6ffentliche Verkehrssystem der Stadt, das f\u00fcr die...","protected":false},"author":9,"featured_media":9528,"parent":0,"menu_order":0,"comment_status":"closed","ping_status":"closed","template":"","meta":{"footnotes":""},"_links":{"self":[{"href":"https:\/\/prague.org\/de\/wp-json\/wp\/v2\/pages\/9456"}],"collection":[{"href":"https:\/\/prague.org\/de\/wp-json\/wp\/v2\/pages"}],"about":[{"href":"https:\/\/prague.org\/de\/wp-json\/wp\/v2\/types\/page"}],"author":[{"embeddable":true,"href":"https:\/\/prague.org\/de\/wp-json\/wp\/v2\/users\/9"}],"replies":[{"embeddable":true,"href":"https:\/\/prague.org\/de\/wp-json\/wp\/v2\/comments?post=9456"}],"version-history":[{"count":42,"href":"https:\/\/prague.org\/de\/wp-json\/wp\/v2\/pages\/9456\/revisions"}],"predecessor-version":[{"id":10177,"href":"https:\/\/prague.org\/de\/wp-json\/wp\/v2\/pages\/9456\/revisions\/10177"}],"wp:featuredmedia":[{"embeddable":true,"href":"https:\/\/prague.org\/de\/wp-json\/wp\/v2\/media\/9528"}],"wp:attachment":[{"href":"https:\/\/prague.org\/de\/wp-json\/wp\/v2\/media?parent=9456"}],"curies":[{"name":"wp","href":"https:\/\/api.w.org\/{rel}","templated":true}]}}