{"id":3603,"date":"2022-06-09T20:33:09","date_gmt":"2022-06-09T18:33:09","guid":{"rendered":"https:\/\/prague.org\/?page_id=3603"},"modified":"2023-03-07T19:02:16","modified_gmt":"2023-03-07T17:02:16","slug":"about-us","status":"publish","type":"page","link":"https:\/\/prague.org\/es\/sobre-nosotros\/","title":{"rendered":"Sobre Praga.org"},"content":{"rendered":"<h2 id=\"by-locals\" class=\"wp-block-heading\">Por la zona.<\/h2>\n\n\n\n<p>El objetivo de nuestro sitio web es presentarle un <strong><a href=\"https:\/\/prague.org\/es\/?s=guide\">gu\u00eda de viaje<\/a><\/strong> que no s\u00f3lo va a ser <strong>detallado <\/strong>y <strong>\u00fatil <\/strong>pero tambi\u00e9n le proporcionar\u00e1 muchos <strong>Consejos de residentes en Praga<\/strong> todo sobre <a href=\"https:\/\/prague.org\/es\/\">Praga<\/a>.<\/p>\n\n\n\n<p>Todos los art\u00edculos de nuestra p\u00e1gina sobre Praga est\u00e1n escritos por los propietarios de la web (una pareja que vive en Dejvice, el barrio m\u00e1s bonito de Praga) o por autores que residen actualmente en Praga.<\/p>\n\n\n\n<h2 id=\"before-you-travel\" class=\"wp-block-heading\">Antes de viajar.<\/h2>\n\n\n\n<p><a href=\"https:\/\/prague.org\/es\/what-to-do-and-see\/\">\u00bfQu\u00e9 ver en Praga? \u00bfQu\u00e9 hay que saber sobre Praga? \u00bfQu\u00e9 puede hacer aqu\u00ed?<\/a> \u00bfViene una semana o s\u00f3lo un fin de semana? Todos estos <strong>preguntas <\/strong>tendr\u00e1 respuesta. Descubra datos interesantes sobre Praga utilizando nuestras detalladas gu\u00edas para sacar el m\u00e1ximo partido a su <strong>viaje <\/strong>y planif\u00edquelo adecuadamente antes de partir. Tambi\u00e9n podemos ayudarle a organizar las entradas y las reservas de hotel. <\/p>\n\n\n\n<p>En Praga hay literalmente algo que aprender para todo el mundo.. S\u00f3lo tienes que planificar bien.<\/p>\n\n\n\n<h2 id=\"once-you-are-in-prague\" class=\"wp-block-heading\">Una vez en Praga...<\/h2>\n\n\n\n<p>Acaba de aterrizar o de bajarse del coche... \u00bfy ahora qu\u00e9? \u00bfAd\u00f3nde ir para <a href=\"https:\/\/prague.org\/es\/best-breakfast-in-prague\/\">desayuno<\/a>? \u00bfCu\u00e1l es el <a href=\"https:\/\/prague.org\/es\/donde-comer-restaurantes-en-praga\/\">mejor restaurante<\/a> \u00bfpara comer? \u00bfC\u00f3mo utiliza <a href=\"https:\/\/prague.org\/es\/transporte-publico-en-praga\/\">transporte p\u00fablico<\/a>? \u00bfO debo usar taxi? Tenemos mucha informaci\u00f3n sobre Praga no s\u00f3lo para los que planean su viaje, sino tambi\u00e9n para los que ya est\u00e1n en Praga.<\/p>\n\n\n\n<h2 id=\"how-do-we-make-money\" class=\"wp-block-heading\">\u00bfC\u00f3mo ganamos dinero?<\/h2>\n\n\n\n<p>Recibimos una compensaci\u00f3n por algunos de los servicios a los que enlazamos. Nuestro modelo de negocio se basa en el llamado marketing de afiliaci\u00f3n. Las marcas o empresas no nos pagan directamente. En su lugar, elegimos las empresas con las que trabajamos, recomendamos sus servicios y recibimos una comisi\u00f3n si usted compra algo (billetes de avi\u00f3n, alojamiento, visita guiada...). Nuestros servicios, art\u00edculos, gu\u00edas y dem\u00e1s informaci\u00f3n sobre Praga son y ser\u00e1n siempre gratuitos para todos nuestros visitantes.<\/p>\n\n\n\n<h2 id=\"write-for-us\" class=\"wp-block-heading\">Escribe para nosotros<\/h2>\n\n\n\n<p>Siempre estamos buscando redactores de contenidos que puedan escribir datos interesantes sobre Praga. Si\u00e9ntase libre de <a href=\"https:\/\/prague.org\/es\/contact-us\/\">ponerse en contacto<\/a> con nosotros, pero ten en cuenta que s\u00f3lo buscamos redactores de contenidos con experiencia que vivan en Praga o que lleven viviendo en Praga al menos unos a\u00f1os.<\/p>","protected":false},"excerpt":{"rendered":"Por los lugare\u00f1os. El objetivo de nuestro sitio web es presentarle una gu\u00eda de viajes que va...","protected":false},"author":1,"featured_media":2312,"parent":0,"menu_order":0,"comment_status":"closed","ping_status":"closed","template":"","meta":{"footnotes":""},"_links":{"self":[{"href":"https:\/\/prague.org\/es\/wp-json\/wp\/v2\/pages\/3603"}],"collection":[{"href":"https:\/\/prague.org\/es\/wp-json\/wp\/v2\/pages"}],"about":[{"href":"https:\/\/prague.org\/es\/wp-json\/wp\/v2\/types\/page"}],"author":[{"embeddable":true,"href":"https:\/\/prague.org\/es\/wp-json\/wp\/v2\/users\/1"}],"replies":[{"embeddable":true,"href":"https:\/\/prague.org\/es\/wp-json\/wp\/v2\/comments?post=3603"}],"version-history":[{"count":10,"href":"https:\/\/prague.org\/es\/wp-json\/wp\/v2\/pages\/3603\/revisions"}],"predecessor-version":[{"id":8856,"href":"https:\/\/prague.org\/es\/wp-json\/wp\/v2\/pages\/3603\/revisions\/8856"}],"wp:featuredmedia":[{"embeddable":true,"href":"https:\/\/prague.org\/es\/wp-json\/wp\/v2\/media\/2312"}],"wp:attachment":[{"href":"https:\/\/prague.org\/es\/wp-json\/wp\/v2\/media?parent=3603"}],"curies":[{"name":"wp","href":"https:\/\/api.w.org\/{rel}","templated":true}]}}