{"id":9456,"date":"2023-04-28T12:23:06","date_gmt":"2023-04-28T10:23:06","guid":{"rendered":"https:\/\/prague.org\/?page_id=9456"},"modified":"2023-07-14T16:49:51","modified_gmt":"2023-07-14T14:49:51","slug":"prague-metro-map","status":"publish","type":"page","link":"https:\/\/prague.org\/es\/praga-metro-map\/","title":{"rendered":"Mapa del metro de Praga"},"content":{"rendered":"<div class=\"wp-block-cover is-light is-cnvs-vert-align-middle cnvs-block-core-cover-1669195481064\" style=\"padding-top:12px;padding-right:12px;padding-bottom:12px;padding-left:12px;min-height:400px\"><span aria-hidden=\"true\" class=\"wp-block-cover__background has-black-background-color has-background-dim\"><\/span><img decoding=\"async\" width=\"2560\" height=\"1440\" class=\"wp-block-cover__image-background wp-image-9239\" alt=\"Praga en primavera\" src=\"https:\/\/prague.org\/wp-content\/uploads\/2023\/03\/pexels-pierre-blache-2598484-1-scaled.jpg\" data-object-fit=\"cover\" srcset=\"https:\/\/prague.org\/wp-content\/uploads\/2023\/03\/pexels-pierre-blache-2598484-1-scaled.jpg 2560w, https:\/\/prague.org\/wp-content\/uploads\/2023\/03\/pexels-pierre-blache-2598484-1-scaled-600x338.jpg 600w, https:\/\/prague.org\/wp-content\/uploads\/2023\/03\/pexels-pierre-blache-2598484-1-300x169.jpg 300w, https:\/\/prague.org\/wp-content\/uploads\/2023\/03\/pexels-pierre-blache-2598484-1-1024x576.jpg 1024w, https:\/\/prague.org\/wp-content\/uploads\/2023\/03\/pexels-pierre-blache-2598484-1-768x432.jpg 768w, https:\/\/prague.org\/wp-content\/uploads\/2023\/03\/pexels-pierre-blache-2598484-1-1536x864.jpg 1536w, https:\/\/prague.org\/wp-content\/uploads\/2023\/03\/pexels-pierre-blache-2598484-1-2048x1152.jpg 2048w, https:\/\/prague.org\/wp-content\/uploads\/2023\/03\/pexels-pierre-blache-2598484-1-18x10.jpg 18w, https:\/\/prague.org\/wp-content\/uploads\/2023\/03\/pexels-pierre-blache-2598484-1-380x214.jpg 380w, https:\/\/prague.org\/wp-content\/uploads\/2023\/03\/pexels-pierre-blache-2598484-1-800x450.jpg 800w, https:\/\/prague.org\/wp-content\/uploads\/2023\/03\/pexels-pierre-blache-2598484-1-1160x653.jpg 1160w\" sizes=\"(max-width: 2560px) 100vw, 2560px\" \/><div class=\"wp-block-cover__inner-container is-layout-flow wp-block-cover-is-layout-flow\">\n<h1 id=\"navigate-the-city-easily-with-the-prague-metro-map\" class=\"has-text-align-center has-white-color has-text-color cnvs-block-core-heading-1669195481046 wp-block-heading\" style=\"padding-right:0rem;padding-left:0rem\">Navegue f\u00e1cilmente por la ciudad con el mapa del metro de Praga<\/h1>\n\n\n<div class=\"wp-block-image\">\n<figure class=\"aligncenter size-full\"><img decoding=\"async\" width=\"210\" height=\"26\" src=\"https:\/\/prague.org\/wp-content\/uploads\/2023\/04\/stars.png\" alt=\"\" class=\"wp-image-9463\" srcset=\"https:\/\/prague.org\/wp-content\/uploads\/2023\/04\/stars.png 210w, https:\/\/prague.org\/wp-content\/uploads\/2023\/04\/stars-18x2.png 18w, https:\/\/prague.org\/wp-content\/uploads\/2023\/04\/stars-200x26.png 200w\" sizes=\"(max-width: 210px) 100vw, 210px\" \/><\/figure><\/div>\n\n<\/div><\/div>\n\n\n\n<div class=\"wp-block-columns is-layout-flex wp-container-15 wp-block-columns-is-layout-flex\">\n<div class=\"wp-block-column is-layout-flow wp-block-column-is-layout-flow\">\n<p>En <strong><a href=\"https:\/\/prague.org\/es\/el-mapa-metro-de-praga\/\" data-type=\"URL\" data-id=\"https:\/\/prague.org\/the-prague-metro-map\/\">Plano del metro de Praga<\/a><\/strong> ofrece una visi\u00f3n en profundidad del sistema de transporte p\u00fablico de la ciudad, esencial para cualquier visitante. Utilizando el <strong>Mapa del metro de Praga en pdf<\/strong> le ayuda a trazar r\u00e1pidamente sus viajes en metro por Praga, la capital checa.&nbsp;<\/p>\n\n\n\n<p><a href=\"https:\/\/prague.org\/es\/las-10-mejores-atracciones-turisticas-de-praga-con-mapas\/\" data-type=\"URL\" data-id=\"https:\/\/prague.org\/10-top-prague-tourist-attractions-with-maps\/\">Las principales atracciones de Praga<\/a> Entre ellos, el Puente de Carlos, el Castillo de Praga, la Plaza de la Ciudad Vieja y el Reloj Astron\u00f3mico.<\/p>\n\n\n\n<h2 id=\"but-what-exactly-is-this-prague-metro-though\" class=\"cnvs-block-section-heading cnvs-block-section-heading-1682674068326 halignleft\" >\n\t<span class=\"cnvs-section-title\">\n\t\t<span><strong>Pero, \u00bfqu\u00e9 es exactamente el metro de Praga?<\/strong><\/span>\n\t<\/span>\n<\/h2>\n\n\n\n<p>El metro es el principal medio de transporte de la ciudad. <a href=\"https:\/\/prague.org\/es\/transporte-publico-en-praga\/\">transporte p\u00fablico en Praga<\/a>. En la actualidad, el<strong> Plano de la red de metro de Praga<\/strong> consta de 3 l\u00edneas: la ruta A (l\u00ednea verde), la ruta B (l\u00ednea amarilla) y la ruta C (l\u00ednea roja).&nbsp;<\/p>\n\n\n\n<p>Los 65 kil\u00f3metros de v\u00eda dan servicio a 61 estaciones, tres de ellas (Muzeum, Mstek y <strong>Metro Florenc en Praga<\/strong>) sirven de intercambiadores. En 2022 tambi\u00e9n se iniciaron las obras de lo que se convertir\u00eda en la ruta D del metro (la l\u00ednea azul).<\/p>\n<\/div>\n\n\n\n<div class=\"wp-block-column is-layout-flow wp-block-column-is-layout-flow\">\n<figure class=\"wp-block-image alignwide size-large\"><img decoding=\"async\" width=\"1024\" height=\"788\" src=\"https:\/\/prague.org\/wp-content\/uploads\/2023\/04\/PRAGUE-MAP-1024x788.webp\" alt=\"\" class=\"wp-image-9471\" srcset=\"https:\/\/prague.org\/wp-content\/uploads\/2023\/04\/PRAGUE-MAP-1024x788.webp 1024w, https:\/\/prague.org\/wp-content\/uploads\/2023\/04\/PRAGUE-MAP-600x462.webp 600w, https:\/\/prague.org\/wp-content\/uploads\/2023\/04\/PRAGUE-MAP-300x231.webp 300w, https:\/\/prague.org\/wp-content\/uploads\/2023\/04\/PRAGUE-MAP-768x591.webp 768w, https:\/\/prague.org\/wp-content\/uploads\/2023\/04\/PRAGUE-MAP-1536x1182.webp 1536w, https:\/\/prague.org\/wp-content\/uploads\/2023\/04\/PRAGUE-MAP-16x12.webp 16w, https:\/\/prague.org\/wp-content\/uploads\/2023\/04\/PRAGUE-MAP-380x292.webp 380w, https:\/\/prague.org\/wp-content\/uploads\/2023\/04\/PRAGUE-MAP-800x616.webp 800w, https:\/\/prague.org\/wp-content\/uploads\/2023\/04\/PRAGUE-MAP-1160x892.webp 1160w, https:\/\/prague.org\/wp-content\/uploads\/2023\/04\/PRAGUE-MAP.webp 1600w\" sizes=\"(max-width: 1024px) 100vw, 1024px\" \/><\/figure>\n\n\n\n<div class=\"wp-block-buttons is-content-justification-center is-layout-flex wp-container-13 wp-block-buttons-is-layout-flex\">\n<div class=\"wp-block-button\"><a class=\"wp-block-button__link wp-element-button\" href=\"#map\">DESCARGAR MAPA<\/a><\/div>\n<\/div>\n<\/div>\n<\/div>\n\n\n\n<h2 id=\"the-prague-metro\" class=\"wp-block-heading\">El metro de Praga<\/h2>\n\n\n\n<p>El metro de Praga es un sistema de transporte r\u00e1pido de Praga, capital de la Rep\u00fablica Checa. Es el segundo metro m\u00e1s antiguo de Europa Central, despu\u00e9s del de Budapest.<\/p>\n\n\n\n<p>El metro de Praga es una forma c\u00f3moda de moverse por Praga. Es r\u00e1pido, eficaz y asequible. El metro funciona de 5:00 a 1:00, y los billetes se pueden comprar en cualquier estaci\u00f3n de metro.<\/p>\n\n\n\n<h2 id=\"using-the-prague-metro\" class=\"wp-block-heading\"><strong>Utilizar el metro de Praga<\/strong><\/h2>\n\n\n\n<p>Para utilizar el metro de Praga hay que comprar un billete. Los billetes se pueden comprar en cualquier estaci\u00f3n de metro, as\u00ed como en algunos quioscos y estancos.<\/p>\n\n\n\n<p>Existen diferentes tipos de billetes, seg\u00fan el tiempo que desee utilizar el metro. Los billetes sencillos son v\u00e1lidos para un viaje, y los de un d\u00eda, para 24 horas.<\/p>\n\n\n\n<p>Una vez que tenga el billete, deber\u00e1 validarlo en las m\u00e1quinas amarillas situadas a la entrada de la estaci\u00f3n de metro.<\/p>\n\n\n\n<p>Para subir a un tren de metro, hay que esperar a que llegue el tren y tocar el billete en el lector amarillo del and\u00e9n.<\/p>\n\n\n\n<h3 id=\"tips-for-using-the-prague-metro\" class=\"wp-block-heading\"><strong>Consejos para utilizar el metro de Praga<\/strong><\/h3>\n\n\n\n<ul>\n<li>Sea consciente de su entorno y mantenga sus pertenencias cerca de usted.<\/li>\n\n\n\n<li>No haga fotos ni grabe v\u00eddeos de los trenes o estaciones de metro sin permiso.<\/li>\n\n\n\n<li>No fume en las estaciones de metro ni en los trenes.<\/li>\n\n\n\n<li>S\u00e9 respetuoso con los dem\u00e1s pasajeros.<\/li>\n<\/ul>\n\n\n\n<h2 id=\"metro-stations-in-prague\" class=\"wp-block-heading\">Estaciones de metro en Praga<\/h2>\n\n\n\n<p>En las tres intersecciones de las tres l\u00edneas de metro de la ciudad, encontrar\u00e1 estos transbordos <strong>estaciones de metro de Praga<\/strong>:<\/p>\n\n\n\n<p>Estos<strong> Estaciones de metro de Praga <\/strong>conectan diferentes l\u00edneas. S\u00f3lo se tarda entre tres y cinco minutos en recorrer cada una de las rutas de transbordo bien indicadas. Entre ellas est\u00e1n:<\/p>\n\n\n\n<div class=\"wp-block-columns is-layout-flex wp-container-19 wp-block-columns-is-layout-flex\">\n<div class=\"wp-block-column is-layout-flow wp-block-column-is-layout-flow\" style=\"padding-top:0;padding-right:0;padding-bottom:0;padding-left:0\">\n<figure class=\"wp-block-image size-full\"><img decoding=\"async\" width=\"800\" height=\"600\" src=\"https:\/\/prague.org\/wp-content\/uploads\/2023\/04\/mustek.jpg\" alt=\"\" class=\"wp-image-9478\" srcset=\"https:\/\/prague.org\/wp-content\/uploads\/2023\/04\/mustek.jpg 800w, https:\/\/prague.org\/wp-content\/uploads\/2023\/04\/mustek-600x450.jpg 600w, https:\/\/prague.org\/wp-content\/uploads\/2023\/04\/mustek-300x225.jpg 300w, https:\/\/prague.org\/wp-content\/uploads\/2023\/04\/mustek-768x576.jpg 768w, https:\/\/prague.org\/wp-content\/uploads\/2023\/04\/mustek-16x12.jpg 16w, https:\/\/prague.org\/wp-content\/uploads\/2023\/04\/mustek-200x150.jpg 200w, https:\/\/prague.org\/wp-content\/uploads\/2023\/04\/mustek-260x195.jpg 260w, https:\/\/prague.org\/wp-content\/uploads\/2023\/04\/mustek-380x285.jpg 380w\" sizes=\"(max-width: 800px) 100vw, 800px\" \/><\/figure>\n\n\n\n<h3 id=\"mustek\" class=\"wp-block-heading\">M\u016fstek<\/h3>\n\n\n\n<p>Se encuentra al final de la famosa Plaza de Wenceslao y sirve de conexi\u00f3n entre las l\u00edneas A y B.<\/p>\n<\/div>\n\n\n\n<div class=\"wp-block-column is-layout-flow wp-block-column-is-layout-flow\">\n<figure class=\"wp-block-image size-full\"><img decoding=\"async\" width=\"800\" height=\"600\" src=\"https:\/\/prague.org\/wp-content\/uploads\/2023\/04\/muzeum.jpg\" alt=\"\" class=\"wp-image-9477\" srcset=\"https:\/\/prague.org\/wp-content\/uploads\/2023\/04\/muzeum.jpg 800w, https:\/\/prague.org\/wp-content\/uploads\/2023\/04\/muzeum-600x450.jpg 600w, https:\/\/prague.org\/wp-content\/uploads\/2023\/04\/muzeum-300x225.jpg 300w, https:\/\/prague.org\/wp-content\/uploads\/2023\/04\/muzeum-768x576.jpg 768w, https:\/\/prague.org\/wp-content\/uploads\/2023\/04\/muzeum-16x12.jpg 16w, https:\/\/prague.org\/wp-content\/uploads\/2023\/04\/muzeum-200x150.jpg 200w, https:\/\/prague.org\/wp-content\/uploads\/2023\/04\/muzeum-260x195.jpg 260w, https:\/\/prague.org\/wp-content\/uploads\/2023\/04\/muzeum-380x285.jpg 380w\" sizes=\"(max-width: 800px) 100vw, 800px\" \/><\/figure>\n\n\n\n<h3 id=\"muzeum\" class=\"wp-block-heading\">Museo<\/h3>\n\n\n\n<p>La estaci\u00f3n de transferencia de la plaza de Wenceslao se encuentra en su extremo norte, donde confluyen las l\u00edneas A y C.<\/p>\n<\/div>\n\n\n\n<div class=\"wp-block-column is-layout-flow wp-block-column-is-layout-flow\">\n<figure class=\"wp-block-image size-full\"><img decoding=\"async\" width=\"800\" height=\"600\" src=\"https:\/\/prague.org\/wp-content\/uploads\/2023\/04\/florenc.jpg\" alt=\"\" class=\"wp-image-9476\" srcset=\"https:\/\/prague.org\/wp-content\/uploads\/2023\/04\/florenc.jpg 800w, https:\/\/prague.org\/wp-content\/uploads\/2023\/04\/florenc-600x450.jpg 600w, https:\/\/prague.org\/wp-content\/uploads\/2023\/04\/florenc-300x225.jpg 300w, https:\/\/prague.org\/wp-content\/uploads\/2023\/04\/florenc-768x576.jpg 768w, https:\/\/prague.org\/wp-content\/uploads\/2023\/04\/florenc-16x12.jpg 16w, https:\/\/prague.org\/wp-content\/uploads\/2023\/04\/florenc-200x150.jpg 200w, https:\/\/prague.org\/wp-content\/uploads\/2023\/04\/florenc-260x195.jpg 260w, https:\/\/prague.org\/wp-content\/uploads\/2023\/04\/florenc-380x285.jpg 380w\" sizes=\"(max-width: 800px) 100vw, 800px\" \/><\/figure>\n\n\n\n<h3 id=\"florenc\" class=\"wp-block-heading\">Florenc<\/h3>\n\n\n\n<p><strong>Metro Florenc en Praga<\/strong> es el terminal de bus primario donde la l\u00ednea B se encuentra con C&nbsp;<\/p>\n<\/div>\n<\/div>\n\n\n\n<div class=\"wp-block-cover is-cnvs-vert-align-middle cnvs-block-core-cover-1682676693745\" style=\"padding-top:12px;padding-right:12px;padding-bottom:12px;padding-left:12px;min-height:400px\" id=\"map\"><span aria-hidden=\"true\" class=\"wp-block-cover__background has-black-background-color has-background-dim\"><\/span><img decoding=\"async\" width=\"2560\" height=\"1707\" class=\"wp-block-cover__image-background wp-image-7217\" alt=\"Calles de Praga\" src=\"https:\/\/prague.org\/wp-content\/uploads\/2022\/12\/StockSnap_VPYPAS4FVT-1-scaled.jpg\" data-object-fit=\"cover\" srcset=\"https:\/\/prague.org\/wp-content\/uploads\/2022\/12\/StockSnap_VPYPAS4FVT-1-scaled.jpg 2560w, https:\/\/prague.org\/wp-content\/uploads\/2022\/12\/StockSnap_VPYPAS4FVT-1-scaled-600x400.jpg 600w, https:\/\/prague.org\/wp-content\/uploads\/2022\/12\/StockSnap_VPYPAS4FVT-1-300x200.jpg 300w, https:\/\/prague.org\/wp-content\/uploads\/2022\/12\/StockSnap_VPYPAS4FVT-1-1024x683.jpg 1024w, https:\/\/prague.org\/wp-content\/uploads\/2022\/12\/StockSnap_VPYPAS4FVT-1-768x512.jpg 768w, https:\/\/prague.org\/wp-content\/uploads\/2022\/12\/StockSnap_VPYPAS4FVT-1-1536x1024.jpg 1536w, https:\/\/prague.org\/wp-content\/uploads\/2022\/12\/StockSnap_VPYPAS4FVT-1-2048x1365.jpg 2048w, https:\/\/prague.org\/wp-content\/uploads\/2022\/12\/StockSnap_VPYPAS4FVT-1-380x253.jpg 380w, https:\/\/prague.org\/wp-content\/uploads\/2022\/12\/StockSnap_VPYPAS4FVT-1-800x533.jpg 800w, https:\/\/prague.org\/wp-content\/uploads\/2022\/12\/StockSnap_VPYPAS4FVT-1-1160x773.jpg 1160w\" sizes=\"(max-width: 2560px) 100vw, 2560px\" \/><div class=\"wp-block-cover__inner-container is-layout-flow wp-block-cover-is-layout-flow\">\n<h2 id=\"download-a-prague-metro-map\" class=\"has-text-align-center has-white-color has-text-color cnvs-block-core-heading-1682676693729 wp-block-heading\" style=\"padding-right:0rem;padding-left:0rem\">Descargar un mapa del metro de Praga<\/h2>\n\n\n\n<p class=\"has-text-align-center\">Si no quiere perderse ninguna de las principales atracciones de la ciudad, un <strong>Plano del metro de Praga<\/strong> en versi\u00f3n pdf es la forma m\u00e1s c\u00f3moda de llevar una gu\u00eda detallada de transporte p\u00fablico.<br>No s\u00f3lo el casco hist\u00f3rico de Praga est\u00e1 convenientemente situado cerca de la mayor\u00eda de las paradas de metro, sino que adem\u00e1s reservar billetes de metro es facil\u00edsimo. Si quieres llegar r\u00e1pidamente a la mayor\u00eda de los destinos tur\u00edsticos, el metro es tu mejor opci\u00f3n.<\/p>\n\n\n\n<div class=\"wp-block-buttons is-layout-flex wp-block-buttons-is-layout-flex\">\n<div class=\"wp-block-button aligncenter\"><a class=\"wp-block-button__link wp-element-button\" href=\"https:\/\/prague.org\/wp-content\/uploads\/2023\/04\/PRAGUE_MAP_.pdf\" target=\"_blank\" rel=\"noreferrer noopener\">DESCARGAR MAPA<\/a><\/div>\n<\/div>\n<\/div><\/div>","protected":false},"excerpt":{"rendered":"El plano del metro de Praga permite conocer a fondo el sistema de transporte p\u00fablico de la ciudad, esencial para...","protected":false},"author":9,"featured_media":9528,"parent":0,"menu_order":0,"comment_status":"closed","ping_status":"closed","template":"","meta":{"footnotes":""},"_links":{"self":[{"href":"https:\/\/prague.org\/es\/wp-json\/wp\/v2\/pages\/9456"}],"collection":[{"href":"https:\/\/prague.org\/es\/wp-json\/wp\/v2\/pages"}],"about":[{"href":"https:\/\/prague.org\/es\/wp-json\/wp\/v2\/types\/page"}],"author":[{"embeddable":true,"href":"https:\/\/prague.org\/es\/wp-json\/wp\/v2\/users\/9"}],"replies":[{"embeddable":true,"href":"https:\/\/prague.org\/es\/wp-json\/wp\/v2\/comments?post=9456"}],"version-history":[{"count":42,"href":"https:\/\/prague.org\/es\/wp-json\/wp\/v2\/pages\/9456\/revisions"}],"predecessor-version":[{"id":10177,"href":"https:\/\/prague.org\/es\/wp-json\/wp\/v2\/pages\/9456\/revisions\/10177"}],"wp:featuredmedia":[{"embeddable":true,"href":"https:\/\/prague.org\/es\/wp-json\/wp\/v2\/media\/9528"}],"wp:attachment":[{"href":"https:\/\/prague.org\/es\/wp-json\/wp\/v2\/media?parent=9456"}],"curies":[{"name":"wp","href":"https:\/\/api.w.org\/{rel}","templated":true}]}}