{"id":10538,"date":"2023-08-10T11:20:30","date_gmt":"2023-08-10T09:20:30","guid":{"rendered":"https:\/\/prague.org\/?post_type=product&#038;p=10538"},"modified":"2023-08-25T13:04:45","modified_gmt":"2023-08-25T11:04:45","slug":"prague-ebook","status":"publish","type":"product","link":"https:\/\/prague.org\/es\/producto\/praga-ebook\/","title":{"rendered":"Gu\u00eda de Praga PDF"},"content":{"rendered":"<h2 id=\"your-ultimate-prague-adventure-starts-here\">Su aventura definitiva en Praga comienza aqu\u00ed.<\/h2>\n<p>Emb\u00e1rquese en un cautivador viaje por la encantadora ciudad de Praga con esta gu\u00eda de viaje de Praga en PDF como compa\u00f1era de confianza. Descubra una selecta lista de lugares de visita obligada y joyas ocultas que muestran la rica historia y la vibrante cultura de la ciudad. Sum\u00e9rjase en las detalladas descripciones de cada lugar, que le permitir\u00e1n sumergirse por completo en la belleza y el significado de lugares como el Castillo de Praga, el Puente de Carlos y el Reloj Astron\u00f3mico.<\/p>\n<p>Navegue por la ciudad con facilidad utilizando nuestra detallada gu\u00eda en l\u00ednea de Praga sobre opciones de transporte. Desde tranv\u00edas hasta l\u00edneas de metro, obtenga informaci\u00f3n valiosa sobre el eficiente sistema de transporte de la ciudad, incluida informaci\u00f3n sobre tarifas y consejos de viaje. Tanto si viaja con un presupuesto ajustado como si busca opciones c\u00f3modas, esta gu\u00eda le proporciona la informaci\u00f3n que necesita para explorar Praga sin esfuerzo.<\/p>\n<p>Planificar su estancia es muy sencillo gracias a los consejos de los expertos para elegir el hotel perfecto. Desde alojamientos boutique situados en barrios con encanto hasta lujosos hoteles con vistas panor\u00e1micas, encuentre el alojamiento ideal que se adapte a sus preferencias y a su presupuesto. Aproveche al m\u00e1ximo su visita a Praga con esta gu\u00eda de viaje de Praga en PDF como recurso imprescindible para vivir una experiencia inolvidable en esta pintoresca joya europea.<\/p>\n<h2 id=\"whats-inside-the-prague-travel-guide-pdf\"><strong>Gu\u00eda de viaje de Praga PDF<\/strong><\/h2>\n<ol>\n<li><strong>Introducci\u00f3n a la Historia de la Ciudad:<\/strong> Descubra el rico tapiz del pasado de Praga, desde sus ra\u00edces medievales hasta su vitalidad actual.<\/li>\n<li><strong>C\u00f3mo desplazarse:<\/strong> Explore Praga como un lugare\u00f1o gracias a nuestra gu\u00eda de viaje en PDF, que incluye tranv\u00edas, autobuses y metro.<\/li>\n<li><strong>Moneda y banca:<\/strong> Familiar\u00edcese con la moneda local y las operaciones bancarias sin complicaciones utilizando nuestra gu\u00eda en l\u00ednea de Praga.<\/li>\n<li><strong>Lugares tur\u00edsticos de visita obligada:<\/strong> Explore los lugares emblem\u00e1ticos de Praga, como el majestuoso Castillo de Praga, el Puente de Carlos y el Reloj Astron\u00f3mico.<\/li>\n<li><strong>Joyas ocultas:<\/strong> Avent\u00farese fuera de los caminos trillados con los consejos de nuestra gu\u00eda de Praga en PDF, que le descubrir\u00e1 encantadoras callejuelas y rec\u00f3nditos patios.<\/li>\n<li><strong>Actividades para todos los viajeros:<\/strong> Tanto si le gusta el arte como la historia o la gastronom\u00eda, Praga ofrece actividades para todos los gustos.<\/li>\n<li><strong>Gastronom\u00eda - Platos t\u00edpicos:<\/strong> Del\u00e9itese con la oferta culinaria de Praga, saboreando platos tradicionales que captan la esencia de la cocina checa.<\/li>\n<li><strong>Gastronom\u00eda - Restaurantes:<\/strong> Deleite su paladar en los restaurantes y locales recomendados, cada uno de los cuales ofrece una experiencia culinaria \u00fanica.<\/li>\n<li><strong>Opciones de alojamiento:<\/strong> Encuentre el lugar perfecto para alojarse, tanto si prefiere hoteles boutique, acogedoras pensiones o modernos apartamentos.<\/li>\n<li><strong>Palabras y expresiones \u00fatiles:<\/strong> Supera las barreras del idioma con las expresiones comunes checas de nuestra gu\u00eda de viaje de Praga en PDF.<\/li>\n<li><strong>Lista de comprobaci\u00f3n previa a la salida:<\/strong> Aseg\u00farese una salida sin estr\u00e9s con nuestra lista de comprobaci\u00f3n que incluye todos los elementos esenciales que necesita antes de emprender el viaje.<\/li>\n<\/ol>\n<h2 id=\"why-choose-our-prague-online-guide\"><strong>Por qu\u00e9 elegir nuestra gu\u00eda online de Praga<\/strong><\/h2>\n<ul>\n<li><strong>Cobertura total:<\/strong> Sum\u00e9rjase en el encanto de Praga con nuestra meticulosa gu\u00eda de Praga en PDF. Hemos recopilado la informaci\u00f3n m\u00e1s relevante y esencial para que su viaje sea inolvidable.<\/li>\n<li><strong>Opiniones de expertos:<\/strong> Mejore su experiencia con la informaci\u00f3n local y las recomendaciones de los expertos. Nuestra gu\u00eda de viaje de Praga en PDF ofrece una gran cantidad de conocimientos que mejoran todos los aspectos de su visita.<\/li>\n<li><strong>Comodidad:<\/strong> Lleve consigo en su dispositivo la potencia de nuestra gu\u00eda en l\u00ednea de Praga. Disfruta de acceso instant\u00e1neo a informaci\u00f3n inestimable est\u00e9s donde est\u00e9s en Praga, para que tu viaje sea fluido y agradable.<\/li>\n<li><strong>Asequible:<\/strong> Mejore su viaje sin arruinarse. Por solo 5 euros, nuestra gu\u00eda de Praga en PDF le abre las puertas a un mundo de conocimientos que enriquecer\u00e1n su exploraci\u00f3n.<\/li>\n<\/ul>\n<p>No pierda la oportunidad de hacer que su aventura en Praga sea realmente extraordinaria. Consiga hoy mismo su ejemplar en PDF de nuestra gu\u00eda de viaje de Praga y emb\u00e1rquese en un enriquecedor viaje de descubrimiento por una de las ciudades m\u00e1s encantadoras de Europa. El camino hacia una experiencia inolvidable en Praga comienza aqu\u00ed.<\/p>\n<p>&nbsp;<\/p>\n<p><strong>Precio:<\/strong> \u20ac5<\/p>\n<p><strong>N\u00famero de p\u00e1ginas:<\/strong> 31<\/p>\n<p><strong>Idioma:<\/strong> Ingl\u00e9s<\/p>","protected":false},"excerpt":{"rendered":"\ud83d\udcda Descarga tu gu\u00eda online de Praga - Desbloquea la magia de la ciudad \ud83c\udff0.\nDescubre la encantadora ciudad de Praga como nunca antes con nuestra completa gu\u00eda online de Praga. Repleta de 31 p\u00e1ginas de informaci\u00f3n esencial, consejos y curiosidades, esta gu\u00eda de viaje de Praga en PDF es tu compa\u00f1era perfecta para un viaje inolvidable. Tanto si es la primera vez que visita la ciudad como si es un viajero experimentado, nuestra gu\u00eda de viaje de Praga en PDF incluye todo lo que necesita saber para disfrutar de una experiencia enriquecedora y sin contratiempos.\nTodos los recursos esenciales para planificar tu viaje te llegar\u00e1n directamente a la bandeja de entrada de tu correo electr\u00f3nico \ud83d\udce9.","protected":false},"featured_media":10547,"comment_status":"closed","ping_status":"closed","template":"","meta":[],"product_cat":[236],"product_tag":[],"_links":{"self":[{"href":"https:\/\/prague.org\/es\/wp-json\/wp\/v2\/product\/10538"}],"collection":[{"href":"https:\/\/prague.org\/es\/wp-json\/wp\/v2\/product"}],"about":[{"href":"https:\/\/prague.org\/es\/wp-json\/wp\/v2\/types\/product"}],"replies":[{"embeddable":true,"href":"https:\/\/prague.org\/es\/wp-json\/wp\/v2\/comments?post=10538"}],"wp:featuredmedia":[{"embeddable":true,"href":"https:\/\/prague.org\/es\/wp-json\/wp\/v2\/media\/10547"}],"wp:attachment":[{"href":"https:\/\/prague.org\/es\/wp-json\/wp\/v2\/media?parent=10538"}],"wp:term":[{"taxonomy":"product_cat","embeddable":true,"href":"https:\/\/prague.org\/es\/wp-json\/wp\/v2\/product_cat?post=10538"},{"taxonomy":"product_tag","embeddable":true,"href":"https:\/\/prague.org\/es\/wp-json\/wp\/v2\/product_tag?post=10538"}],"curies":[{"name":"wp","href":"https:\/\/api.w.org\/{rel}","templated":true}]}}