{"id":3,"date":"2022-05-12T10:36:03","date_gmt":"2022-05-12T08:36:03","guid":{"rendered":"https:\/\/prague.org\/?page_id=3"},"modified":"2023-02-23T09:23:42","modified_gmt":"2023-02-23T07:23:42","slug":"privacy-policy","status":"publish","type":"page","link":"https:\/\/prague.org\/fi\/yksityisyyden-suojaa-koskeva-politiikka\/","title":{"rendered":"Tietosuojak\u00e4yt\u00e4nt\u00f6"},"content":{"rendered":"<p><strong>Tietosuojak\u00e4yt\u00e4nt\u00f6 - Suomi<\/strong><\/p>\n\n\n\n<p>Viimeksi p\u00e4ivitetty: Kes\u00e4kuu 17, 2022<\/p>\n\n\n\n<h2 id=\"who-we-are\" class=\"wp-block-heading\">Keit\u00e4 me olemme<\/h2>\n\n\n\n<p>Verkkosivustomme osoite on:<a href=\"https:\/\/prague.org\/fi\/\"> <strong>https:\/\/prague.org\/<\/strong><\/a><\/p>\n\n\n\n<h2 id=\"use-of-cookies\" class=\"wp-block-heading\">Ev\u00e4steiden k\u00e4ytt\u00f6<\/h2>\n\n\n\n<p>Prague.orgin verkkosivusto k\u00e4ytt\u00e4\u00e4 ev\u00e4steit\u00e4 erilaisten tietojen ker\u00e4\u00e4miseen. Tallennamme esimerkiksi tietoja kuukausittaisten k\u00e4yntien m\u00e4\u00e4r\u00e4st\u00e4 ja k\u00e4vij\u00f6iden polusta, joka n\u00e4ytt\u00e4\u00e4 eri sivut, jotka h\u00e4n on n\u00e4hnyt. Tiedot tallennetaan muodossa, joka ei mahdollista k\u00e4ytt\u00e4jien tunnistamista. Ker\u00e4ttyj\u00e4 tietoja k\u00e4ytet\u00e4\u00e4n ymm\u00e4rt\u00e4m\u00e4\u00e4n paremmin, mit\u00e4 tietoja k\u00e4ytt\u00e4j\u00e4t etsiv\u00e4t verkkosivustoltamme. Niiden avulla voimme my\u00f6s tunnistaa mahdolliset navigointiongelmat.<\/p>\n\n\n\n<p>Prague.org suojaa k\u00e4ytt\u00e4jien antamia henkil\u00f6kohtaisia tietoja. N\u00e4m\u00e4 henkil\u00f6tiedot tallennetaan palvelimillemme suojattuun ja valvottuun ymp\u00e4rist\u00f6\u00f6n.<\/p>\n\n\n\n<h2 id=\"embedded-content-from-other-websites\" class=\"wp-block-heading\">Muiden verkkosivustojen upotettu sis\u00e4lt\u00f6<\/h2>\n\n\n\n<p>T\u00e4m\u00e4n sivuston artikkelit voivat sis\u00e4lt\u00e4\u00e4 <strong>upotettu sis\u00e4lt\u00f6<\/strong> (esim. videot, kuvat, artikkelit jne.). Muiden verkkosivustojen upotettu sis\u00e4lt\u00f6 k\u00e4ytt\u00e4ytyy t\u00e4sm\u00e4lleen samalla tavalla kuin jos k\u00e4vij\u00e4 olisi vieraillut toisella verkkosivustolla.<\/p>\n\n\n\n<p>N\u00e4m\u00e4 verkkosivustot voivat ker\u00e4t\u00e4 <strong>tiedot <\/strong>sinusta, k\u00e4ytt\u00e4\u00e4 ev\u00e4steit\u00e4, upottaa kolmannen osapuolen lis\u00e4seurantaa ja seurata vuorovaikutustasi kyseisen upotetun sis\u00e4ll\u00f6n kanssa, mukaan lukien vuorovaikutuksesi seuraaminen upotetun sis\u00e4ll\u00f6n kanssa, jos sinulla on tili ja olet kirjautunut kyseiselle verkkosivustolle.<\/p>\n\n\n\n<h2 id=\"advertisers-allowed\" class=\"wp-block-heading\">Mainostajat sallittu :<\/h2>\n\n\n\n<p><br>2 Captify Technologies Limited<br>11 Quantcast International Limited<br>12 BeeswaxIO Corporation<br>16 RTB House S.A.<br>21 Kauppap\u00f6yt\u00e4<br>23 Amobee Inc.<br>25 Yahoo EMEA Limited<br>39 ADITION technologies GmbH<br>40 Active Agent (ADITION technologies GmbH)<br>50 Adform<br>68 Sizmek Amazonin toimesta<br>71 Roku mainospalvelut<br>73 Simplifi Holdings Inc<br>76 PubMatic, Inc.<br>79 MediaMath, Inc.<br>87 Betgenius Ltd<br>91 Criteo SA<br>128 BIDSWITCH GmbH<br>129 IPONWEB GmbH<br>142 Media.net Advertising FZ-LLC<br>151 Admedo Technology Ltd<br>156 Centro, Inc.<br>161 Smadex SL<br>238 StackAdapt<br>253 Digitaalisen toiminnan parantaminen<br>254 LiquidM Technology GmbH<br>264 Adobe Advertising Cloud<br>284 Weborama<br>316 Gamned<br>382 The Reach Group GmbH<br>423 travel audience GmbH<br>469 Zeta Global<br>565 Adobe Audience Manager, Adobe Experience Platform, Adobe Experience Platform<br>655 Sportradar AG<br>755 Googlen mainostuotteet<br>776 Mars Media Group<br>793 Amazon-mainonta<br>922 Amnet GmbH<br>990 QuantumCast digital GmbH<br>32 Xandr<br>45 Smart Adserver<br>52 Magnite, Inc.<br>102 Magnite, Inc. (Outstream)<br>81 PulsePoint<br>10 Index Exchange, Inc.<br>114 ylev\u00e4<br>164 Outbrain UK Ltd<br>42 Taboola Europe Limited<br>13 Sovrn Holdings Inc<br>183 EMX Digital LLC<br>165 SpotX, Inc<br>259 ADYOULIKE SA<br>132 Teadit<br>72 Nano Interactive GmbH<br>724 Vaihdon v\u00e4lill\u00e4<br>62 Justpremium BV<br>69 OpenX<br>639 Hymy halutaan ryhm\u00e4<br>241 OneTag Limited<br>108 Rikkaan yleis\u00f6n teknologiat SL<br>28 TripleLift, Inc.<br>617 Onfocus (Adagio)<br>511 Admixer EU GmbH<br>816 NoBid, Inc.<br>138 ConnectAd Realtime GmbH<br>606 Impactify<br>436 INVIBES-RYHM\u00c4<br>80 Sharethrough, Inc<br>924 Viewdeos 2015 LTD<br>799 Adpone SL<br>90 Teroa S.A.<br>410 Adtelligent Inc.<br>780 Aniview LTD<br>666 BeOp<br>24 Epsilon<br>781 FeedAd GmbH<br>737 Monet Engine Inc<br>210 Zemanta, Inc.<br>610 Azerion Holding B.V.<br>31 Ogury Ltd.<br>157 Seedtag Advertising S.L<br>61 GumGum, Inc.<br>434 DynAdmic<br>484 SublimeSkinz - Adledge<br>301 ZEOTAP<br>380 Vidoomy Media SL<\/p>","protected":false},"excerpt":{"rendered":"Tietosuojak\u00e4yt\u00e4nt\u00f6 - Suomi Viimeksi p\u00e4ivitetty: Sivustomme osoite on: https:\/\/prague.org\/ K\u00e4yt\u00e4...","protected":false},"author":1,"featured_media":0,"parent":0,"menu_order":0,"comment_status":"closed","ping_status":"closed","template":"","meta":{"footnotes":""},"_links":{"self":[{"href":"https:\/\/prague.org\/fi\/wp-json\/wp\/v2\/pages\/3"}],"collection":[{"href":"https:\/\/prague.org\/fi\/wp-json\/wp\/v2\/pages"}],"about":[{"href":"https:\/\/prague.org\/fi\/wp-json\/wp\/v2\/types\/page"}],"author":[{"embeddable":true,"href":"https:\/\/prague.org\/fi\/wp-json\/wp\/v2\/users\/1"}],"replies":[{"embeddable":true,"href":"https:\/\/prague.org\/fi\/wp-json\/wp\/v2\/comments?post=3"}],"version-history":[{"count":11,"href":"https:\/\/prague.org\/fi\/wp-json\/wp\/v2\/pages\/3\/revisions"}],"predecessor-version":[{"id":8567,"href":"https:\/\/prague.org\/fi\/wp-json\/wp\/v2\/pages\/3\/revisions\/8567"}],"wp:attachment":[{"href":"https:\/\/prague.org\/fi\/wp-json\/wp\/v2\/media?parent=3"}],"curies":[{"name":"wp","href":"https:\/\/api.w.org\/{rel}","templated":true}]}}