{"id":3603,"date":"2022-06-09T20:33:09","date_gmt":"2022-06-09T18:33:09","guid":{"rendered":"https:\/\/prague.org\/?page_id=3603"},"modified":"2023-03-07T19:02:16","modified_gmt":"2023-03-07T17:02:16","slug":"about-us","status":"publish","type":"page","link":"https:\/\/prague.org\/fi\/meista\/","title":{"rendered":"Tietoja Prague.orgista"},"content":{"rendered":"<h2 id=\"by-locals\" class=\"wp-block-heading\">Paikallisten mukaan.<\/h2>\n\n\n\n<p>Verkkosivustomme tavoitteena on esitell\u00e4 sinulle <strong><a href=\"https:\/\/prague.org\/fi\/?s=guide\">matkaopas<\/a><\/strong> joka ei ole ainoastaan <strong>yksityiskohtainen <\/strong>ja <strong>hy\u00f6dyllinen <\/strong>mutta antaa sinulle my\u00f6s monia <strong>vinkkej\u00e4 Prahassa asuvilta paikallisilta<\/strong> kaikki noin <a href=\"https:\/\/prague.org\/fi\/\">Praha<\/a>.<\/p>\n\n\n\n<p>Kaikki Prahaa koskevat artikkelit sivustollamme ovat joko sivuston omistajien (Prahan kauneimmassa kaupunginosassa Dejvicess\u00e4 asuva pariskunta) tai Prahassa t\u00e4ll\u00e4 hetkell\u00e4 asuvien kirjoittajien kirjoittamia.<\/p>\n\n\n\n<h2 id=\"before-you-travel\" class=\"wp-block-heading\">Ennen matkaa.<\/h2>\n\n\n\n<p><a href=\"https:\/\/prague.org\/fi\/what-to-do-and-see\/\">Mit\u00e4 Prahassa voi n\u00e4hd\u00e4? Mit\u00e4 Prahasta kannattaa tiet\u00e4\u00e4? Mit\u00e4 voit tehd\u00e4 t\u00e4\u00e4ll\u00e4?<\/a> Pit\u00e4isik\u00f6 sinun tulla viikoksi vai vain viikonlopuksi? Kaikki n\u00e4m\u00e4 <strong>kysymykset <\/strong>vastataan. Tutustu mielenkiintoisiin faktoihin Prahasta yksityiskohtaisten oppaidemme avulla, jotta saat kaiken irti lomastasi. <strong>matka <\/strong>ja suunnittele se kunnolla ennen l\u00e4ht\u00f6\u00e4si. Voimme my\u00f6s auttaa sinua lippujen ja hotellivarausten j\u00e4rjest\u00e4misess\u00e4. <\/p>\n\n\n\n<p>Prahasta on kirjaimellisesti jokaiselle jotakin opittavaa... Sinun on vain suunniteltava hyvin.<\/p>\n\n\n\n<h2 id=\"once-you-are-in-prague\" class=\"wp-block-heading\">Kun olet Prahassa...<\/h2>\n\n\n\n<p>Olet juuri laskeutunut tai noussut autostasi... ja mit\u00e4 nyt? Minne menn\u00e4 <a href=\"https:\/\/prague.org\/fi\/best-breakfast-in-prague\/\">aamiainen<\/a>? Mik\u00e4 on <a href=\"https:\/\/prague.org\/fi\/where-to-eat-restaurants-in-prague\/\">paras ravintola<\/a> lounaalle? Miten k\u00e4yt\u00e4t <a href=\"https:\/\/prague.org\/fi\/public-transport-in-prague\/\">julkinen liikenne<\/a>? Vai pit\u00e4isik\u00f6 minun k\u00e4ytt\u00e4\u00e4 taksia? Meill\u00e4 on paljon tietoa Prahasta paitsi matkaa suunnitteleville my\u00f6s niille, jotka ovat jo Prahassa.<\/p>\n\n\n\n<h2 id=\"how-do-we-make-money\" class=\"wp-block-heading\">Miten me ansaitsemme rahaa?<\/h2>\n\n\n\n<p>Saamme korvausta joistakin palveluista, joihin linkit\u00e4mme. Liiketoimintamallimme perustuu niin sanottuun affiliate-markkinointiin. Br\u00e4ndi tai yritykset eiv\u00e4t maksa meille suoraan. Sen sijaan valitsemme yritykset, joiden kanssa ty\u00f6skentelemme, suosittelemme niiden palveluita ja saamme provision, jos ostat jotain (lentoliput, majoitus, opastettu kierros...). Palvelumme, artikkelimme, oppaamme ja kaikki muu Prahaa koskeva tieto on ja tulee aina olemaan ilmaista kaikille k\u00e4vij\u00f6illemme.<\/p>\n\n\n\n<h2 id=\"write-for-us\" class=\"wp-block-heading\">Kirjoita meille<\/h2>\n\n\n\n<p>Etsimme aina sis\u00e4ll\u00f6n kirjoittajia, jotka voivat kirjoittaa mielenkiintoisia faktoja Prahasta. Ota rohkeasti yhteytt\u00e4 <a href=\"https:\/\/prague.org\/fi\/contact-us\/\">ota yhteytt\u00e4<\/a> kanssamme, mutta muistathan, ett\u00e4 etsimme vain kokeneita sis\u00e4ll\u00f6n kirjoittajia, jotka joko asuvat Prahassa tai ovat asuneet Prahassa v\u00e4hint\u00e4\u00e4n muutaman vuoden.<\/p>","protected":false},"excerpt":{"rendered":"Paikallisten mukaan. Sivustomme tavoitteena on esitell\u00e4 sinulle matkaopas, joka tulee...","protected":false},"author":1,"featured_media":2312,"parent":0,"menu_order":0,"comment_status":"closed","ping_status":"closed","template":"","meta":{"footnotes":""},"_links":{"self":[{"href":"https:\/\/prague.org\/fi\/wp-json\/wp\/v2\/pages\/3603"}],"collection":[{"href":"https:\/\/prague.org\/fi\/wp-json\/wp\/v2\/pages"}],"about":[{"href":"https:\/\/prague.org\/fi\/wp-json\/wp\/v2\/types\/page"}],"author":[{"embeddable":true,"href":"https:\/\/prague.org\/fi\/wp-json\/wp\/v2\/users\/1"}],"replies":[{"embeddable":true,"href":"https:\/\/prague.org\/fi\/wp-json\/wp\/v2\/comments?post=3603"}],"version-history":[{"count":10,"href":"https:\/\/prague.org\/fi\/wp-json\/wp\/v2\/pages\/3603\/revisions"}],"predecessor-version":[{"id":8856,"href":"https:\/\/prague.org\/fi\/wp-json\/wp\/v2\/pages\/3603\/revisions\/8856"}],"wp:featuredmedia":[{"embeddable":true,"href":"https:\/\/prague.org\/fi\/wp-json\/wp\/v2\/media\/2312"}],"wp:attachment":[{"href":"https:\/\/prague.org\/fi\/wp-json\/wp\/v2\/media?parent=3603"}],"curies":[{"name":"wp","href":"https:\/\/api.w.org\/{rel}","templated":true}]}}