{"id":3,"date":"2022-05-12T10:36:03","date_gmt":"2022-05-12T08:36:03","guid":{"rendered":"https:\/\/prague.org\/?page_id=3"},"modified":"2023-02-23T09:23:42","modified_gmt":"2023-02-23T07:23:42","slug":"privacy-policy","status":"publish","type":"page","link":"https:\/\/prague.org\/fr\/politique-de-confidentialite\/","title":{"rendered":"Politique de confidentialit\u00e9"},"content":{"rendered":"<p><strong>Politique de confidentialit\u00e9 - anglais<\/strong><\/p>\n\n\n\n<p>Derni\u00e8re mise \u00e0 jour : 17 juin 2022<\/p>\n\n\n\n<h2 id=\"who-we-are\" class=\"wp-block-heading\">Qui sommes-nous ?<\/h2>\n\n\n\n<p>L'adresse de notre site web est la suivante :<a href=\"https:\/\/prague.org\/fr\/\"> <strong>https:\/\/prague.org\/<\/strong><\/a><\/p>\n\n\n\n<h2 id=\"use-of-cookies\" class=\"wp-block-heading\">Utilisation de cookies<\/h2>\n\n\n\n<p>Le site web de Prague.org utilise des cookies pour collecter diff\u00e9rents types de donn\u00e9es. Par exemple, nous stockons des informations sur le nombre de visites mensuelles et le chemin parcouru par les visiteurs pour afficher les diff\u00e9rentes pages qu'ils ont vues. Les donn\u00e9es sont stock\u00e9es dans un format qui ne permet pas d'identifier les utilisateurs. Les donn\u00e9es collect\u00e9es sont utilis\u00e9es pour mieux comprendre les informations que les utilisateurs recherchent sur notre site web. Elles nous permettent \u00e9galement d'identifier d'\u00e9ventuels probl\u00e8mes de navigation.<\/p>\n\n\n\n<p>Prague.org prot\u00e8ge les informations personnelles fournies par les utilisateurs. Ces informations personnelles sont stock\u00e9es sur nos serveurs dans un environnement prot\u00e9g\u00e9 et contr\u00f4l\u00e9.<\/p>\n\n\n\n<h2 id=\"embedded-content-from-other-websites\" class=\"wp-block-heading\">Contenu int\u00e9gr\u00e9 d'autres sites web<\/h2>\n\n\n\n<p>Les articles sur ce site peuvent inclure <strong>contenu int\u00e9gr\u00e9<\/strong> (par exemple, vid\u00e9os, images, articles, etc.). Le contenu incorpor\u00e9 provenant d'autres sites web se comporte exactement de la m\u00eame mani\u00e8re que si le visiteur avait visit\u00e9 l'autre site web.<\/p>\n\n\n\n<p>Ces sites web peuvent collecter <strong>donn\u00e9es <\/strong>sur vous, utilisent des cookies, int\u00e8grent un suivi suppl\u00e9mentaire par des tiers et contr\u00f4lent votre interaction avec ce contenu int\u00e9gr\u00e9, y compris votre interaction avec le contenu int\u00e9gr\u00e9 si vous avez un compte et que vous \u00eates connect\u00e9 \u00e0 ce site web.<\/p>\n\n\n\n<h2 id=\"advertisers-allowed\" class=\"wp-block-heading\">Annonceurs autoris\u00e9s :<\/h2>\n\n\n\n<p><br>2 Captify Technologies Limited<br>11 Quantcast International Limited<br>12 BeeswaxIO Corporation<br>16 RTB House S.A.<br>21 Le comptoir commercial<br>23 Amobee Inc.<br>25 Yahoo EMEA Limited<br>39 ADITION technologies GmbH<br>40 Active Agent (ADITION technologies GmbH)<br>50 Adform<br>68 Sizmek par Amazon<br>71 Services de publicit\u00e9 Roku<br>73 Simplifi Holdings Inc<br>76 PubMatic, Inc.<br>79 MediaMath, Inc.<br>87 Betgenius Ltd<br>91 Criteo SA<br>128 BIDSWITCH GmbH<br>129 IPONWEB GmbH<br>142 Media.net Advertising FZ-LLC<br>151 Admedo Technology Ltd<br>156 Centro, Inc.<br>161 Smadex SL<br>238 StackAdapt<br>253 Am\u00e9liorer le num\u00e9rique<br>254 LiquidM Technology GmbH<br>264 Adobe Advertising Cloud<br>284 Weborama<br>316 Gamned<br>382 The Reach Group GmbH<br>423 travel audience GmbH<br>469 Zeta Global<br>565 Adobe Audience Manager, Adobe Experience Platform<br>655 Sportradar AG<br>755 Produits publicitaires Google<br>776 Mars Media Group<br>793 Publicit\u00e9 Amazon<br>922 Amnet GmbH<br>990 QuantumCast digital GmbH<br>32 Xandr<br>45 Smart Adserver<br>52 Magnite, Inc.<br>102 Magnite, Inc. (Outstream)<br>81 PulsePoint<br>10 Index Exchange, Inc.<br>114 Sublime<br>164 Outbrain UK Ltd<br>42 Taboola Europe Limited<br>13 Sovrn Holdings Inc<br>183 EMX Digital LLC<br>165 SpotX, Inc<br>259 ADYOULIKE SA<br>132 Teads<br>72 Nano Interactive GmbH<br>724 Entre deux bourses<br>62 Justpremium BV<br>69 OpenX<br>639 Groupe Smile Wanted<br>241 OneTag Limited<br>108 Technologies de l'audience riche SL<br>28 TripleLift, Inc.<br>617 Onfocus (Adagio)<br>511 Admixer EU GmbH<br>816 NoBid, Inc.<br>138 ConnectAd Realtime GmbH<br>606 Impactify<br>436 GROUPE INVIBES<br>80 Sharethrough, Inc<br>924 Viewdeos 2015 LTD<br>799 Adpone SL<br>90 Teroa S.A.<br>410 Adtelligent Inc.<br>780 Aniview LTD<br>666 BeOp<br>24 Epsilon<br>781 FeedAd GmbH<br>737 Monet Engine Inc<br>210 Zemanta, Inc.<br>610 Azerion Holding B.V.<br>31 Ogury Ltd.<br>157 Seedtag Advertising S.L<br>61 GumGum, Inc.<br>434 DynAdmic<br>484 SublimeSkinz - Adledge<br>301 ZEOTAP<br>380 Vidoomy Media SL<\/p>","protected":false},"excerpt":{"rendered":"Politique de confidentialit\u00e9 - Anglais Derni\u00e8re mise \u00e0 jour : 17 juin 2022 Qui sommes-nous ? L'adresse de notre site web est : https:\/\/prague.org\/ Utilisation...","protected":false},"author":1,"featured_media":0,"parent":0,"menu_order":0,"comment_status":"closed","ping_status":"closed","template":"","meta":{"footnotes":""},"_links":{"self":[{"href":"https:\/\/prague.org\/fr\/wp-json\/wp\/v2\/pages\/3"}],"collection":[{"href":"https:\/\/prague.org\/fr\/wp-json\/wp\/v2\/pages"}],"about":[{"href":"https:\/\/prague.org\/fr\/wp-json\/wp\/v2\/types\/page"}],"author":[{"embeddable":true,"href":"https:\/\/prague.org\/fr\/wp-json\/wp\/v2\/users\/1"}],"replies":[{"embeddable":true,"href":"https:\/\/prague.org\/fr\/wp-json\/wp\/v2\/comments?post=3"}],"version-history":[{"count":11,"href":"https:\/\/prague.org\/fr\/wp-json\/wp\/v2\/pages\/3\/revisions"}],"predecessor-version":[{"id":8567,"href":"https:\/\/prague.org\/fr\/wp-json\/wp\/v2\/pages\/3\/revisions\/8567"}],"wp:attachment":[{"href":"https:\/\/prague.org\/fr\/wp-json\/wp\/v2\/media?parent=3"}],"curies":[{"name":"wp","href":"https:\/\/api.w.org\/{rel}","templated":true}]}}