{"id":3603,"date":"2022-06-09T20:33:09","date_gmt":"2022-06-09T18:33:09","guid":{"rendered":"https:\/\/prague.org\/?page_id=3603"},"modified":"2023-03-07T19:02:16","modified_gmt":"2023-03-07T17:02:16","slug":"about-us","status":"publish","type":"page","link":"https:\/\/prague.org\/fr\/a-propos-de-nous\/","title":{"rendered":"\u00c0 propos de Prague.org"},"content":{"rendered":"<h2 id=\"by-locals\" class=\"wp-block-heading\">Par les habitants.<\/h2>\n\n\n\n<p>L'objectif de notre site web est de vous pr\u00e9senter une <strong><a href=\"https:\/\/prague.org\/fr\/?s=guide\">guide de voyage<\/a><\/strong> qui ne sera pas seulement <strong>d\u00e9taill\u00e9e <\/strong>et <strong>utile <\/strong>mais vous fournira \u00e9galement de nombreux <strong>Conseils d'habitants vivant \u00e0 Prague<\/strong> tout savoir sur <a href=\"https:\/\/prague.org\/fr\/\">Prague<\/a>.<\/p>\n\n\n\n<p>Tous les articles de notre site sur Prague sont \u00e9crits par les propri\u00e9taires du site (un couple vivant dans le plus beau quartier de Prague, Dejvice) ou par des auteurs r\u00e9sidant actuellement \u00e0 Prague.<\/p>\n\n\n\n<h2 id=\"before-you-travel\" class=\"wp-block-heading\">Avant de partir.<\/h2>\n\n\n\n<p><a href=\"https:\/\/prague.org\/fr\/what-to-do-and-see\/\">Que peut-on voir \u00e0 Prague ? Que savoir sur Prague ? Que peut-on faire ici ?<\/a> Voulez-vous venir pour une semaine ou seulement pour un week-end ? Tous ces <strong>questions <\/strong>sera r\u00e9pondu. D\u00e9couvrez des faits int\u00e9ressants sur Prague en utilisant nos guides d\u00e9taill\u00e9s pour tirer le meilleur parti de votre s\u00e9jour. <strong>voyage <\/strong>et le planifier correctement avant de partir. Nous pouvons \u00e9galement vous aider \u00e0 r\u00e9server des billets et des chambres d'h\u00f4tel. <\/p>\n\n\n\n<p>Il y a litt\u00e9ralement quelque chose \u00e0 apprendre pour tout le monde \u00e0 Prague. Il suffit de bien s'organiser.<\/p>\n\n\n\n<h2 id=\"once-you-are-in-prague\" class=\"wp-block-heading\">Une fois \u00e0 Prague...<\/h2>\n\n\n\n<p>Vous venez d'atterrir ou de sortir de votre voiture... et maintenant ? O\u00f9 aller pour <a href=\"https:\/\/prague.org\/fr\/meilleur-petit-dejeuner-a-prague\/\">petit d\u00e9jeuner<\/a>? Quelle est la <a href=\"https:\/\/prague.org\/fr\/ou-manger-restaurants-a-prague\/\">meilleur restaurant<\/a> pour le d\u00e9jeuner ? Comment utilisez-vous <a href=\"https:\/\/prague.org\/fr\/transports-publics-a-prague\/\">les transports publics<\/a>? Ou dois-je prendre un taxi ? Nous avons beaucoup d'informations sur Prague, non seulement pour ceux qui pr\u00e9parent leur voyage, mais aussi pour ceux qui sont d\u00e9j\u00e0 \u00e0 Prague.<\/p>\n\n\n\n<h2 id=\"how-do-we-make-money\" class=\"wp-block-heading\">Comment gagner de l'argent ?<\/h2>\n\n\n\n<p>Nous recevons une r\u00e9mun\u00e9ration pour certains services vers lesquels nous \u00e9tablissons des liens. Notre mod\u00e8le d'entreprise est bas\u00e9 sur ce que l'on appelle le marketing d'affiliation. Nous ne sommes pas pay\u00e9s directement par les marques ou les entreprises. Au contraire, nous choisissons les entreprises avec lesquelles nous travaillons, nous recommandons leurs services et nous recevons une commission si vous achetez quelque chose (billets d'avion, h\u00e9bergement, visite guid\u00e9e...). Nos services, articles, guides et toute autre information sur Prague sont et seront toujours gratuits pour tous nos visiteurs.<\/p>\n\n\n\n<h2 id=\"write-for-us\" class=\"wp-block-heading\">\u00c9crire pour nous<\/h2>\n\n\n\n<p>Nous sommes toujours \u00e0 la recherche de r\u00e9dacteurs de contenu capables d'\u00e9crire des faits int\u00e9ressants sur Prague. N'h\u00e9sitez pas \u00e0 <a href=\"https:\/\/prague.org\/fr\/contact-us\/\">prendre contact<\/a> avec nous, mais gardez \u00e0 l'esprit que nous ne recherchons que des r\u00e9dacteurs de contenu exp\u00e9riment\u00e9s qui vivent \u00e0 Prague ou qui ont v\u00e9cu \u00e0 Prague pendant au moins quelques ann\u00e9es.<\/p>","protected":false},"excerpt":{"rendered":"Par les locaux. L'objectif de notre site est de vous pr\u00e9senter un guide de voyage qui va...","protected":false},"author":1,"featured_media":2312,"parent":0,"menu_order":0,"comment_status":"closed","ping_status":"closed","template":"","meta":{"footnotes":""},"_links":{"self":[{"href":"https:\/\/prague.org\/fr\/wp-json\/wp\/v2\/pages\/3603"}],"collection":[{"href":"https:\/\/prague.org\/fr\/wp-json\/wp\/v2\/pages"}],"about":[{"href":"https:\/\/prague.org\/fr\/wp-json\/wp\/v2\/types\/page"}],"author":[{"embeddable":true,"href":"https:\/\/prague.org\/fr\/wp-json\/wp\/v2\/users\/1"}],"replies":[{"embeddable":true,"href":"https:\/\/prague.org\/fr\/wp-json\/wp\/v2\/comments?post=3603"}],"version-history":[{"count":10,"href":"https:\/\/prague.org\/fr\/wp-json\/wp\/v2\/pages\/3603\/revisions"}],"predecessor-version":[{"id":8856,"href":"https:\/\/prague.org\/fr\/wp-json\/wp\/v2\/pages\/3603\/revisions\/8856"}],"wp:featuredmedia":[{"embeddable":true,"href":"https:\/\/prague.org\/fr\/wp-json\/wp\/v2\/media\/2312"}],"wp:attachment":[{"href":"https:\/\/prague.org\/fr\/wp-json\/wp\/v2\/media?parent=3603"}],"curies":[{"name":"wp","href":"https:\/\/api.w.org\/{rel}","templated":true}]}}