{"id":3,"date":"2022-05-12T10:36:03","date_gmt":"2022-05-12T08:36:03","guid":{"rendered":"https:\/\/prague.org\/?page_id=3"},"modified":"2023-02-23T09:23:42","modified_gmt":"2023-02-23T07:23:42","slug":"privacy-policy","status":"publish","type":"page","link":"https:\/\/prague.org\/hu\/adatvedelmi-politika\/","title":{"rendered":"Adatv\u00e9delmi ir\u00e1nyelvek"},"content":{"rendered":"<p><strong>Adatv\u00e9delmi szab\u00e1lyzat - angol<\/strong><\/p>\n\n\n\n<p>Utols\u00f3 friss\u00edt\u00e9s: j\u00fanius 17, 2022<\/p>\n\n\n\n<h2 id=\"who-we-are\" class=\"wp-block-heading\">Kik vagyunk<\/h2>\n\n\n\n<p>Honlapunk c\u00edme:<a href=\"https:\/\/prague.org\/hu\/\"> <strong>https:\/\/prague.org\/<\/strong><\/a><\/p>\n\n\n\n<h2 id=\"use-of-cookies\" class=\"wp-block-heading\">S\u00fctik haszn\u00e1lata<\/h2>\n\n\n\n<p>A Prague.org weboldal k\u00fcl\u00f6nb\u00f6z\u0151 t\u00edpus\u00fa adatok gy\u0171jt\u00e9s\u00e9re s\u00fctiket haszn\u00e1l. P\u00e9ld\u00e1ul inform\u00e1ci\u00f3kat t\u00e1rolunk a havi l\u00e1togat\u00e1sok sz\u00e1m\u00e1r\u00f3l \u00e9s az \u00e1ltala l\u00e1tott k\u00fcl\u00f6nb\u00f6z\u0151 oldalakat megjelen\u00edt\u0151 l\u00e1togat\u00f3k \u00fatvonal\u00e1r\u00f3l. Az adatokat olyan form\u00e1tumban t\u00e1roljuk, amely nem teszi lehet\u0151v\u00e9 a felhaszn\u00e1l\u00f3k azonos\u00edt\u00e1s\u00e1t. Az \u00f6sszegy\u0171jt\u00f6tt adatokat arra haszn\u00e1ljuk, hogy jobban meg\u00e9rts\u00fck, milyen inform\u00e1ci\u00f3kat keresnek a felhaszn\u00e1l\u00f3k a weboldalunkon. Emellett lehet\u0151v\u00e9 teszi sz\u00e1munkra az esetleges navig\u00e1ci\u00f3s probl\u00e9m\u00e1k azonos\u00edt\u00e1s\u00e1t is.<\/p>\n\n\n\n<p>A Prague.org v\u00e9di a felhaszn\u00e1l\u00f3k \u00e1ltal megadott szem\u00e9lyes adatokat. Ezeket a szem\u00e9lyes adatokat szervereinken, v\u00e9dett \u00e9s ellen\u0151rz\u00f6tt k\u00f6rnyezetben t\u00e1roljuk.<\/p>\n\n\n\n<h2 id=\"embedded-content-from-other-websites\" class=\"wp-block-heading\">Be\u00e1gyazott tartalom m\u00e1s webhelyekr\u0151l<\/h2>\n\n\n\n<p>Az oldalon tal\u00e1lhat\u00f3 cikkek a k\u00f6vetkez\u0151k lehetnek <strong>be\u00e1gyazott tartalom<\/strong> (pl. vide\u00f3k, k\u00e9pek, cikkek stb.). A m\u00e1s webhelyekr\u0151l sz\u00e1rmaz\u00f3 be\u00e1gyazott tartalom pontosan ugyan\u00fagy viselkedik, mintha a l\u00e1togat\u00f3 megl\u00e1togatta volna a m\u00e1sik webhelyet.<\/p>\n\n\n\n<p>Ezek a weboldalak gy\u0171jthetnek <strong>adatok <\/strong>\u00d6nr\u0151l, cookie-kat haszn\u00e1lnak, tov\u00e1bbi harmadik f\u00e9lt\u0151l sz\u00e1rmaz\u00f3 nyomk\u00f6vet\u00e9st \u00e1gyaznak be, \u00e9s nyomon k\u00f6vetik az \u00d6n interakci\u00f3j\u00e1t a be\u00e1gyazott tartalommal, bele\u00e9rtve a be\u00e1gyazott tartalommal val\u00f3 interakci\u00f3j\u00e1nak nyomon k\u00f6vet\u00e9s\u00e9t, ha \u00d6n rendelkezik fi\u00f3kkal \u00e9s be van jelentkezve az adott weboldalra.<\/p>\n\n\n\n<h2 id=\"advertisers-allowed\" class=\"wp-block-heading\">Hirdet\u0151k enged\u00e9lyezve :<\/h2>\n\n\n\n<p><br>2 Captify Technologies Limited<br>11 Quantcast International Limited<br>12 BeeswaxIO Corporation<br>16 RTB House S.A.<br>21 A kereskedelmi pult<br>23 Amobee Inc.<br>25 Yahoo EMEA Limited<br>39 ADITION technologies GmbH<br>40 Akt\u00edv \u00fcgyn\u00f6k (ADITION technologies GmbH)<br>50 Adform<br>68 Sizmek az Amazon \u00e1ltal<br>71 Roku hirdet\u00e9si szolg\u00e1ltat\u00e1sok<br>73 Simplifi Holdings Inc.<br>76 PubMatic, Inc.<br>79 MediaMath, Inc.<br>87 Betgenius Ltd<br>91 Criteo SA<br>128 BIDSWITCH GmbH<br>129 IPONWEB GmbH<br>142 Media.net Advertising FZ-LLC<br>151 Admedo Technology Ltd.<br>156 Centro, Inc.<br>161 Smadex SL<br>238 StackAdapt<br>253 Digit\u00e1lis jav\u00edt\u00e1s<br>254 LiquidM Technology GmbH<br>264 Adobe Advertising Cloud<br>284 Weborama<br>316 Gamned<br>382 The Reach Group GmbH<br>423 travel audience GmbH<br>469 Zeta Global<br>565 Adobe Audience Manager, Adobe Experience Platform<br>655 Sportradar AG<br>755 Google hirdet\u00e9si term\u00e9kek<br>776 Mars Media Group<br>793 Amazon rekl\u00e1m<br>922 Amnet GmbH<br>990 QuantumCast digital GmbH<br>32 Xandr<br>45 Smart Adserver<br>52 Magnite, Inc.<br>102 Magnite, Inc. (Outstream)<br>81 PulsePoint<br>10 Index Exchange, Inc.<br>114 Fens\u00e9ges<br>164 Outbrain UK Ltd.<br>42 Taboola Europe Limited<br>13 Sovrn Holdings Inc<br>183 EMX Digital LLC<br>165 SpotX, Inc.<br>259 ADYOULIKE SA<br>132 Tead<br>72 Nano Interactive GmbH<br>724 A csere k\u00f6z\u00f6tt<br>62 Justpremium BV<br>69 OpenX<br>639 Smile Wanted csoport<br>241 OneTag Limited<br>108 Rich Audience Technologies SL<br>28 TripleLift, Inc.<br>617 Onfocus (Adagio)<br>511 Admixer EU GmbH<br>816 NoBid, Inc.<br>138 ConnectAd Realtime GmbH<br>606 Impactify<br>436 INVIBES CSOPORT<br>80 Sharethrough, Inc.<br>924 Viewdeos 2015 LTD<br>799 Adpone SL<br>90 Teroa S.A.<br>410 Adtelligent Inc.<br>780 Aniview LTD<br>666 BeOp<br>24 Epsilon<br>781 FeedAd GmbH<br>737 Monet Engine Inc<br>210 Zemanta, Inc.<br>610 Azerion Holding B.V.<br>31 Ogury Ltd.<br>157 Seedtag Advertising S.L<br>61 GumGum, Inc.<br>434 DynAdmic<br>484 SublimeSkinz - Adledge<br>301 ZEOTAP<br>380 Vidoomy Media SL<\/p>","protected":false},"excerpt":{"rendered":"Adatv\u00e9delmi szab\u00e1lyzat - angol Utols\u00f3 friss\u00edt\u00e9s: Honlapunk c\u00edme: https:\/\/prague.org\/ Use...","protected":false},"author":1,"featured_media":0,"parent":0,"menu_order":0,"comment_status":"closed","ping_status":"closed","template":"","meta":{"footnotes":""},"_links":{"self":[{"href":"https:\/\/prague.org\/hu\/wp-json\/wp\/v2\/pages\/3"}],"collection":[{"href":"https:\/\/prague.org\/hu\/wp-json\/wp\/v2\/pages"}],"about":[{"href":"https:\/\/prague.org\/hu\/wp-json\/wp\/v2\/types\/page"}],"author":[{"embeddable":true,"href":"https:\/\/prague.org\/hu\/wp-json\/wp\/v2\/users\/1"}],"replies":[{"embeddable":true,"href":"https:\/\/prague.org\/hu\/wp-json\/wp\/v2\/comments?post=3"}],"version-history":[{"count":11,"href":"https:\/\/prague.org\/hu\/wp-json\/wp\/v2\/pages\/3\/revisions"}],"predecessor-version":[{"id":8567,"href":"https:\/\/prague.org\/hu\/wp-json\/wp\/v2\/pages\/3\/revisions\/8567"}],"wp:attachment":[{"href":"https:\/\/prague.org\/hu\/wp-json\/wp\/v2\/media?parent=3"}],"curies":[{"name":"wp","href":"https:\/\/api.w.org\/{rel}","templated":true}]}}