{"id":9456,"date":"2023-04-28T12:23:06","date_gmt":"2023-04-28T10:23:06","guid":{"rendered":"https:\/\/prague.org\/?page_id=9456"},"modified":"2023-07-14T16:49:51","modified_gmt":"2023-07-14T14:49:51","slug":"prague-metro-map","status":"publish","type":"page","link":"https:\/\/prague.org\/hu\/prague-metro-map\/","title":{"rendered":"Pr\u00e1ga metr\u00f3 t\u00e9rk\u00e9p"},"content":{"rendered":"<div class=\"wp-block-cover is-light is-cnvs-vert-align-middle cnvs-block-core-cover-1669195481064\" style=\"padding-top:12px;padding-right:12px;padding-bottom:12px;padding-left:12px;min-height:400px\"><span aria-hidden=\"true\" class=\"wp-block-cover__background has-black-background-color has-background-dim\"><\/span><img decoding=\"async\" width=\"2560\" height=\"1440\" class=\"wp-block-cover__image-background wp-image-9239\" alt=\"Pr\u00e1ga tavasszal\" src=\"https:\/\/prague.org\/wp-content\/uploads\/2023\/03\/pexels-pierre-blache-2598484-1-scaled.jpg\" data-object-fit=\"cover\" srcset=\"https:\/\/prague.org\/wp-content\/uploads\/2023\/03\/pexels-pierre-blache-2598484-1-scaled.jpg 2560w, https:\/\/prague.org\/wp-content\/uploads\/2023\/03\/pexels-pierre-blache-2598484-1-scaled-600x338.jpg 600w, https:\/\/prague.org\/wp-content\/uploads\/2023\/03\/pexels-pierre-blache-2598484-1-300x169.jpg 300w, https:\/\/prague.org\/wp-content\/uploads\/2023\/03\/pexels-pierre-blache-2598484-1-1024x576.jpg 1024w, https:\/\/prague.org\/wp-content\/uploads\/2023\/03\/pexels-pierre-blache-2598484-1-768x432.jpg 768w, https:\/\/prague.org\/wp-content\/uploads\/2023\/03\/pexels-pierre-blache-2598484-1-1536x864.jpg 1536w, https:\/\/prague.org\/wp-content\/uploads\/2023\/03\/pexels-pierre-blache-2598484-1-2048x1152.jpg 2048w, https:\/\/prague.org\/wp-content\/uploads\/2023\/03\/pexels-pierre-blache-2598484-1-18x10.jpg 18w, https:\/\/prague.org\/wp-content\/uploads\/2023\/03\/pexels-pierre-blache-2598484-1-380x214.jpg 380w, https:\/\/prague.org\/wp-content\/uploads\/2023\/03\/pexels-pierre-blache-2598484-1-800x450.jpg 800w, https:\/\/prague.org\/wp-content\/uploads\/2023\/03\/pexels-pierre-blache-2598484-1-1160x653.jpg 1160w\" sizes=\"(max-width: 2560px) 100vw, 2560px\" \/><div class=\"wp-block-cover__inner-container is-layout-flow wp-block-cover-is-layout-flow\">\n<h1 id=\"navigate-the-city-easily-with-the-prague-metro-map\" class=\"has-text-align-center has-white-color has-text-color cnvs-block-core-heading-1669195481046 wp-block-heading\" style=\"padding-right:0rem;padding-left:0rem\">K\u00f6nnyen navig\u00e1ljon a v\u00e1rosban a pr\u00e1gai metr\u00f3 t\u00e9rk\u00e9p\u00e9vel<\/h1>\n\n\n<div class=\"wp-block-image\">\n<figure class=\"aligncenter size-full\"><img decoding=\"async\" width=\"210\" height=\"26\" src=\"https:\/\/prague.org\/wp-content\/uploads\/2023\/04\/stars.png\" alt=\"\" class=\"wp-image-9463\" srcset=\"https:\/\/prague.org\/wp-content\/uploads\/2023\/04\/stars.png 210w, https:\/\/prague.org\/wp-content\/uploads\/2023\/04\/stars-18x2.png 18w, https:\/\/prague.org\/wp-content\/uploads\/2023\/04\/stars-200x26.png 200w\" sizes=\"(max-width: 210px) 100vw, 210px\" \/><\/figure><\/div>\n\n<\/div><\/div>\n\n\n\n<div class=\"wp-block-columns is-layout-flex wp-container-15 wp-block-columns-is-layout-flex\">\n<div class=\"wp-block-column is-layout-flow wp-block-column-is-layout-flow\">\n<p>A <strong><a href=\"https:\/\/prague.org\/hu\/the-prague-metro-map\/\" data-type=\"URL\" data-id=\"https:\/\/prague.org\/the-prague-metro-map\/\">Pr\u00e1ga metr\u00f3 t\u00e9rk\u00e9p<\/a><\/strong> r\u00e9szletes betekint\u00e9st ny\u00fajt a v\u00e1ros t\u00f6megk\u00f6zleked\u00e9si rendszer\u00e9be, amely minden l\u00e1togat\u00f3 sz\u00e1m\u00e1ra elengedhetetlen. A <strong>Pr\u00e1gai metr\u00f3 t\u00e9rk\u00e9p pdf-ben<\/strong> seg\u00edts\u00e9g\u00e9vel gyorsan megtervezheti metr\u00f3\u00fatjait a cseh f\u0151v\u00e1rosban, Pr\u00e1g\u00e1ban.&nbsp;<\/p>\n\n\n\n<p><a href=\"https:\/\/prague.org\/hu\/10-top-praga-turisztikai-latvanyossagok-terkepekkel\/\" data-type=\"URL\" data-id=\"https:\/\/prague.org\/10-top-prague-tourist-attractions-with-maps\/\">Pr\u00e1ga legn\u00e9pszer\u0171bb l\u00e1tnival\u00f3i<\/a> a K\u00e1roly-h\u00edd, a pr\u00e1gai v\u00e1r, az \u00d3v\u00e1ros t\u00e9r \u00e9s a csillag\u00e1szati \u00f3ra.<\/p>\n\n\n\n<h2 id=\"but-what-exactly-is-this-prague-metro-though\" class=\"cnvs-block-section-heading cnvs-block-section-heading-1682674068326 halignleft\" >\n\t<span class=\"cnvs-section-title\">\n\t\t<span><strong>De mi is pontosan ez a pr\u00e1gai metr\u00f3?<\/strong><\/span>\n\t<\/span>\n<\/h2>\n\n\n\n<p>A metr\u00f3 a v\u00e1ros f\u0151 k\u00f6zleked\u00e9si eszk\u00f6ze. <a href=\"https:\/\/prague.org\/hu\/public-transport-in-prague\/\">t\u00f6megk\u00f6zleked\u00e9s Pr\u00e1g\u00e1ban<\/a>. Jelenleg a<strong> a pr\u00e1gai metr\u00f3h\u00e1l\u00f3zat t\u00e9rk\u00e9pe<\/strong> 3 vonalb\u00f3l \u00e1ll: A vonal (z\u00f6ld vonal), B vonal (s\u00e1rga vonal) \u00e9s C vonal (piros vonal).&nbsp;<\/p>\n\n\n\n<p>A 65 kilom\u00e9ternyi p\u00e1lya 61 \u00e1llom\u00e1st szolg\u00e1l ki, k\u00f6z\u00fcl\u00fck h\u00e1rom (Muzeum, Mstek, \u00e9s <strong>Florenc metr\u00f3 Pr\u00e1g\u00e1ban<\/strong>) szolg\u00e1lnak v\u00e1lt\u00f3helyk\u00e9nt. 2022-ben megkezd\u0151dtek a D metr\u00f3vonal (a k\u00e9k vonal) munk\u00e1latai is.<\/p>\n<\/div>\n\n\n\n<div class=\"wp-block-column is-layout-flow wp-block-column-is-layout-flow\">\n<figure class=\"wp-block-image alignwide size-large\"><img decoding=\"async\" width=\"1024\" height=\"788\" src=\"https:\/\/prague.org\/wp-content\/uploads\/2023\/04\/PRAGUE-MAP-1024x788.webp\" alt=\"\" class=\"wp-image-9471\" srcset=\"https:\/\/prague.org\/wp-content\/uploads\/2023\/04\/PRAGUE-MAP-1024x788.webp 1024w, https:\/\/prague.org\/wp-content\/uploads\/2023\/04\/PRAGUE-MAP-600x462.webp 600w, https:\/\/prague.org\/wp-content\/uploads\/2023\/04\/PRAGUE-MAP-300x231.webp 300w, https:\/\/prague.org\/wp-content\/uploads\/2023\/04\/PRAGUE-MAP-768x591.webp 768w, https:\/\/prague.org\/wp-content\/uploads\/2023\/04\/PRAGUE-MAP-1536x1182.webp 1536w, https:\/\/prague.org\/wp-content\/uploads\/2023\/04\/PRAGUE-MAP-16x12.webp 16w, https:\/\/prague.org\/wp-content\/uploads\/2023\/04\/PRAGUE-MAP-380x292.webp 380w, https:\/\/prague.org\/wp-content\/uploads\/2023\/04\/PRAGUE-MAP-800x616.webp 800w, https:\/\/prague.org\/wp-content\/uploads\/2023\/04\/PRAGUE-MAP-1160x892.webp 1160w, https:\/\/prague.org\/wp-content\/uploads\/2023\/04\/PRAGUE-MAP.webp 1600w\" sizes=\"(max-width: 1024px) 100vw, 1024px\" \/><\/figure>\n\n\n\n<div class=\"wp-block-buttons is-content-justification-center is-layout-flex wp-container-13 wp-block-buttons-is-layout-flex\">\n<div class=\"wp-block-button\"><a class=\"wp-block-button__link wp-element-button\" href=\"#map\">LET\u00d6LT\u00c9S TAPASZTALAT<\/a><\/div>\n<\/div>\n<\/div>\n<\/div>\n\n\n\n<h2 id=\"the-prague-metro\" class=\"wp-block-heading\">A pr\u00e1gai metr\u00f3<\/h2>\n\n\n\n<p>A pr\u00e1gai metr\u00f3 a Cseh K\u00f6zt\u00e1rsas\u00e1g f\u0151v\u00e1ros\u00e1t, Pr\u00e1g\u00e1t kiszolg\u00e1l\u00f3 gyorsvas\u00fati rendszer. A budapesti metr\u00f3 ut\u00e1n a m\u00e1sodik legr\u00e9gebbi metr\u00f3rendszer K\u00f6z\u00e9p-Eur\u00f3p\u00e1ban.<\/p>\n\n\n\n<p>A pr\u00e1gai metr\u00f3 k\u00e9nyelmes m\u00f3dja a pr\u00e1gai k\u00f6zleked\u00e9snek. Gyors, hat\u00e9kony \u00e9s megfizethet\u0151. A metr\u00f3 reggel 5:00 \u00f3r\u00e1t\u00f3l hajnali 1:00 \u00f3r\u00e1ig k\u00f6zlekedik, \u00e9s a jegyek b\u00e1rmelyik metr\u00f3\u00e1llom\u00e1son megv\u00e1s\u00e1rolhat\u00f3k.<\/p>\n\n\n\n<h2 id=\"using-the-prague-metro\" class=\"wp-block-heading\"><strong>A pr\u00e1gai metr\u00f3 haszn\u00e1lata<\/strong><\/h2>\n\n\n\n<p>A pr\u00e1gai metr\u00f3 haszn\u00e1lat\u00e1hoz jegyet kell v\u00e1ltania. Jegyeket b\u00e1rmelyik metr\u00f3\u00e1llom\u00e1son, valamint egyes \u00fajs\u00e1g\u00e1rusokn\u00e1l \u00e9s doh\u00e1nyboltokban lehet v\u00e1s\u00e1rolni.<\/p>\n\n\n\n<p>K\u00fcl\u00f6nb\u00f6z\u0151 t\u00edpus\u00fa jegyek \u00e1llnak rendelkez\u00e9sre, att\u00f3l f\u00fcgg\u0151en, hogy mennyi ideig szeretn\u00e9 haszn\u00e1lni a metr\u00f3t. Az egyszeri jegyek egy \u00fatra \u00e9rv\u00e9nyesek, a napijegyek pedig 24 \u00f3r\u00e1n \u00e1t \u00e9rv\u00e9nyesek.<\/p>\n\n\n\n<p>Ha m\u00e1r van jegye, azt a metr\u00f3\u00e1llom\u00e1s bej\u00e1rat\u00e1n\u00e1l l\u00e9v\u0151 s\u00e1rga automat\u00e1kn\u00e1l \u00e9rv\u00e9nyes\u00edteni kell.<\/p>\n\n\n\n<p>A metr\u00f3szerelv\u00e9nyre val\u00f3 felsz\u00e1ll\u00e1shoz meg kell v\u00e1rnia, am\u00edg a vonat meg\u00e9rkezik, majd a peronon l\u00e9v\u0151 s\u00e1rga leolvas\u00f3ra kell koppintania a jegy\u00e9t.<\/p>\n\n\n\n<h3 id=\"tips-for-using-the-prague-metro\" class=\"wp-block-heading\"><strong>Tippek a pr\u00e1gai metr\u00f3 haszn\u00e1lat\u00e1hoz<\/strong><\/h3>\n\n\n\n<ul>\n<li>Legyen tiszt\u00e1ban a k\u00f6rnyezet\u00e9vel, \u00e9s tartsa a holmij\u00e1t a k\u00f6zel\u00e9ben.<\/li>\n\n\n\n<li>Ne k\u00e9sz\u00edtsen enged\u00e9ly n\u00e9lk\u00fcl f\u00e9nyk\u00e9peket vagy vide\u00f3kat a metr\u00f3szerelv\u00e9nyekr\u0151l vagy \u00e1llom\u00e1sokr\u00f3l.<\/li>\n\n\n\n<li>Ne doh\u00e1nyozzon a metr\u00f3\u00e1llom\u00e1sokon \u00e9s a vonatokon.<\/li>\n\n\n\n<li>Legyen tekintettel a t\u00f6bbi utasra.<\/li>\n<\/ul>\n\n\n\n<h2 id=\"metro-stations-in-prague\" class=\"wp-block-heading\">Pr\u00e1gai metr\u00f3\u00e1llom\u00e1sok<\/h2>\n\n\n\n<p>A v\u00e1ros h\u00e1rom metr\u00f3vonal\u00e1nak h\u00e1rom keresztez\u0151d\u00e9s\u00e9n\u00e9l tal\u00e1lja ezeket az \u00e1tsz\u00e1ll\u00e1si pontokat. <strong>metr\u00f3\u00e1llom\u00e1sok Pr\u00e1g\u00e1ban<\/strong>:<\/p>\n\n\n\n<p>Ezek a<strong> Pr\u00e1gai metr\u00f3\u00e1llom\u00e1sok <\/strong>k\u00fcl\u00f6nb\u00f6z\u0151 vonalak \u00f6sszekapcsol\u00e1sa. A j\u00f3l jelzett \u00e1tsz\u00e1ll\u00e1si \u00fatvonalakon mind\u00f6ssze h\u00e1rom-\u00f6t percet vesz ig\u00e9nybe a gyalogl\u00e1s. Ezek k\u00f6z\u00e9 tartoznak: A k\u00f6vetkez\u0151 j\u00e1ratok:<\/p>\n\n\n\n<div class=\"wp-block-columns is-layout-flex wp-container-19 wp-block-columns-is-layout-flex\">\n<div class=\"wp-block-column is-layout-flow wp-block-column-is-layout-flow\" style=\"padding-top:0;padding-right:0;padding-bottom:0;padding-left:0\">\n<figure class=\"wp-block-image size-full\"><img decoding=\"async\" width=\"800\" height=\"600\" src=\"https:\/\/prague.org\/wp-content\/uploads\/2023\/04\/mustek.jpg\" alt=\"\" class=\"wp-image-9478\" srcset=\"https:\/\/prague.org\/wp-content\/uploads\/2023\/04\/mustek.jpg 800w, https:\/\/prague.org\/wp-content\/uploads\/2023\/04\/mustek-600x450.jpg 600w, https:\/\/prague.org\/wp-content\/uploads\/2023\/04\/mustek-300x225.jpg 300w, https:\/\/prague.org\/wp-content\/uploads\/2023\/04\/mustek-768x576.jpg 768w, https:\/\/prague.org\/wp-content\/uploads\/2023\/04\/mustek-16x12.jpg 16w, https:\/\/prague.org\/wp-content\/uploads\/2023\/04\/mustek-200x150.jpg 200w, https:\/\/prague.org\/wp-content\/uploads\/2023\/04\/mustek-260x195.jpg 260w, https:\/\/prague.org\/wp-content\/uploads\/2023\/04\/mustek-380x285.jpg 380w\" sizes=\"(max-width: 800px) 100vw, 800px\" \/><\/figure>\n\n\n\n<h3 id=\"mustek\" class=\"wp-block-heading\">M\u016fstek<\/h3>\n\n\n\n<p>A h\u00edres Vencel t\u00e9r v\u00e9g\u00e9hez k\u00f6zel tal\u00e1lhat\u00f3.Ez az \u00e1llom\u00e1s az A \u00e9s B vonalak k\u00f6z\u00f6tti \u00f6sszek\u00f6ttet\u00e9st biztos\u00edtja.<\/p>\n<\/div>\n\n\n\n<div class=\"wp-block-column is-layout-flow wp-block-column-is-layout-flow\">\n<figure class=\"wp-block-image size-full\"><img decoding=\"async\" width=\"800\" height=\"600\" src=\"https:\/\/prague.org\/wp-content\/uploads\/2023\/04\/muzeum.jpg\" alt=\"\" class=\"wp-image-9477\" srcset=\"https:\/\/prague.org\/wp-content\/uploads\/2023\/04\/muzeum.jpg 800w, https:\/\/prague.org\/wp-content\/uploads\/2023\/04\/muzeum-600x450.jpg 600w, https:\/\/prague.org\/wp-content\/uploads\/2023\/04\/muzeum-300x225.jpg 300w, https:\/\/prague.org\/wp-content\/uploads\/2023\/04\/muzeum-768x576.jpg 768w, https:\/\/prague.org\/wp-content\/uploads\/2023\/04\/muzeum-16x12.jpg 16w, https:\/\/prague.org\/wp-content\/uploads\/2023\/04\/muzeum-200x150.jpg 200w, https:\/\/prague.org\/wp-content\/uploads\/2023\/04\/muzeum-260x195.jpg 260w, https:\/\/prague.org\/wp-content\/uploads\/2023\/04\/muzeum-380x285.jpg 380w\" sizes=\"(max-width: 800px) 100vw, 800px\" \/><\/figure>\n\n\n\n<h3 id=\"muzeum\" class=\"wp-block-heading\">Muzeum<\/h3>\n\n\n\n<p>A Vencel t\u00e9ri \u00e1tsz\u00e1ll\u00f3\u00e1llom\u00e1s az \u00e9szaki v\u00e9ge k\u00f6r\u00fcl tal\u00e1lhat\u00f3.Itt tal\u00e1lkozik az A \u00e9s a C vonal.<\/p>\n<\/div>\n\n\n\n<div class=\"wp-block-column is-layout-flow wp-block-column-is-layout-flow\">\n<figure class=\"wp-block-image size-full\"><img decoding=\"async\" width=\"800\" height=\"600\" src=\"https:\/\/prague.org\/wp-content\/uploads\/2023\/04\/florenc.jpg\" alt=\"\" class=\"wp-image-9476\" srcset=\"https:\/\/prague.org\/wp-content\/uploads\/2023\/04\/florenc.jpg 800w, https:\/\/prague.org\/wp-content\/uploads\/2023\/04\/florenc-600x450.jpg 600w, https:\/\/prague.org\/wp-content\/uploads\/2023\/04\/florenc-300x225.jpg 300w, https:\/\/prague.org\/wp-content\/uploads\/2023\/04\/florenc-768x576.jpg 768w, https:\/\/prague.org\/wp-content\/uploads\/2023\/04\/florenc-16x12.jpg 16w, https:\/\/prague.org\/wp-content\/uploads\/2023\/04\/florenc-200x150.jpg 200w, https:\/\/prague.org\/wp-content\/uploads\/2023\/04\/florenc-260x195.jpg 260w, https:\/\/prague.org\/wp-content\/uploads\/2023\/04\/florenc-380x285.jpg 380w\" sizes=\"(max-width: 800px) 100vw, 800px\" \/><\/figure>\n\n\n\n<h3 id=\"florenc\" class=\"wp-block-heading\">Florenc<\/h3>\n\n\n\n<p><strong>Florenc metr\u00f3 Pr\u00e1g\u00e1ban<\/strong> az els\u0151dleges buszv\u00e9gpont, ahol a B vonal \u00e9s a C vonal tal\u00e1lkozik&nbsp;<\/p>\n<\/div>\n<\/div>\n\n\n\n<div class=\"wp-block-cover is-cnvs-vert-align-middle cnvs-block-core-cover-1682676693745\" style=\"padding-top:12px;padding-right:12px;padding-bottom:12px;padding-left:12px;min-height:400px\" id=\"map\"><span aria-hidden=\"true\" class=\"wp-block-cover__background has-black-background-color has-background-dim\"><\/span><img decoding=\"async\" width=\"2560\" height=\"1707\" class=\"wp-block-cover__image-background wp-image-7217\" alt=\"Prague utc\u00e1k\" src=\"https:\/\/prague.org\/wp-content\/uploads\/2022\/12\/StockSnap_VPYPAS4FVT-1-scaled.jpg\" data-object-fit=\"cover\" srcset=\"https:\/\/prague.org\/wp-content\/uploads\/2022\/12\/StockSnap_VPYPAS4FVT-1-scaled.jpg 2560w, https:\/\/prague.org\/wp-content\/uploads\/2022\/12\/StockSnap_VPYPAS4FVT-1-scaled-600x400.jpg 600w, https:\/\/prague.org\/wp-content\/uploads\/2022\/12\/StockSnap_VPYPAS4FVT-1-300x200.jpg 300w, https:\/\/prague.org\/wp-content\/uploads\/2022\/12\/StockSnap_VPYPAS4FVT-1-1024x683.jpg 1024w, https:\/\/prague.org\/wp-content\/uploads\/2022\/12\/StockSnap_VPYPAS4FVT-1-768x512.jpg 768w, https:\/\/prague.org\/wp-content\/uploads\/2022\/12\/StockSnap_VPYPAS4FVT-1-1536x1024.jpg 1536w, https:\/\/prague.org\/wp-content\/uploads\/2022\/12\/StockSnap_VPYPAS4FVT-1-2048x1365.jpg 2048w, https:\/\/prague.org\/wp-content\/uploads\/2022\/12\/StockSnap_VPYPAS4FVT-1-380x253.jpg 380w, https:\/\/prague.org\/wp-content\/uploads\/2022\/12\/StockSnap_VPYPAS4FVT-1-800x533.jpg 800w, https:\/\/prague.org\/wp-content\/uploads\/2022\/12\/StockSnap_VPYPAS4FVT-1-1160x773.jpg 1160w\" sizes=\"(max-width: 2560px) 100vw, 2560px\" \/><div class=\"wp-block-cover__inner-container is-layout-flow wp-block-cover-is-layout-flow\">\n<h2 id=\"download-a-prague-metro-map\" class=\"has-text-align-center has-white-color has-text-color cnvs-block-core-heading-1682676693729 wp-block-heading\" style=\"padding-right:0rem;padding-left:0rem\">Pr\u00e1ga metr\u00f3 t\u00e9rk\u00e9p\u00e9nek let\u00f6lt\u00e9se<\/h2>\n\n\n\n<p class=\"has-text-align-center\">Ha nem akarja kihagyni a v\u00e1ros egyik legn\u00e9pszer\u0171bb l\u00e1tnival\u00f3j\u00e1t sem, egy <strong>Pr\u00e1ga metr\u00f3 t\u00e9rk\u00e9p<\/strong> pdf v\u00e1ltozatban a legk\u00e9nyelmesebb m\u00f3dja a r\u00e9szletes t\u00f6megk\u00f6zleked\u00e9si \u00fatik\u00f6nyv k\u00e9zben tart\u00e1s\u00e1nak.<br>Pr\u00e1ga t\u00f6rt\u00e9nelmi ker\u00fclete nem csak a legt\u00f6bb metr\u00f3meg\u00e1ll\u00f3 k\u00f6zel\u00e9ben tal\u00e1lhat\u00f3, de a metr\u00f3jegyek foglal\u00e1sa is gyerekj\u00e1t\u00e9k. Nyugodtan kijelenthetj\u00fck, hogy a metr\u00f3 a legjobb v\u00e1laszt\u00e1s, ha gyorsan szeretne eljutni a legt\u00f6bb turisztikai c\u00e9lponthoz.<\/p>\n\n\n\n<div class=\"wp-block-buttons is-layout-flex wp-block-buttons-is-layout-flex\">\n<div class=\"wp-block-button aligncenter\"><a class=\"wp-block-button__link wp-element-button\" href=\"https:\/\/prague.org\/wp-content\/uploads\/2023\/04\/PRAGUE_MAP_.pdf\" target=\"_blank\" rel=\"noreferrer noopener\">LET\u00d6LT\u00c9S TAPASZTALAT<\/a><\/div>\n<\/div>\n<\/div><\/div>","protected":false},"excerpt":{"rendered":"A pr\u00e1gai metr\u00f3 t\u00e9rk\u00e9p r\u00e9szletes betekint\u00e9st ny\u00fajt a v\u00e1ros t\u00f6megk\u00f6zleked\u00e9si rendszer\u00e9be, amely elengedhetetlen a...","protected":false},"author":9,"featured_media":9528,"parent":0,"menu_order":0,"comment_status":"closed","ping_status":"closed","template":"","meta":{"footnotes":""},"_links":{"self":[{"href":"https:\/\/prague.org\/hu\/wp-json\/wp\/v2\/pages\/9456"}],"collection":[{"href":"https:\/\/prague.org\/hu\/wp-json\/wp\/v2\/pages"}],"about":[{"href":"https:\/\/prague.org\/hu\/wp-json\/wp\/v2\/types\/page"}],"author":[{"embeddable":true,"href":"https:\/\/prague.org\/hu\/wp-json\/wp\/v2\/users\/9"}],"replies":[{"embeddable":true,"href":"https:\/\/prague.org\/hu\/wp-json\/wp\/v2\/comments?post=9456"}],"version-history":[{"count":42,"href":"https:\/\/prague.org\/hu\/wp-json\/wp\/v2\/pages\/9456\/revisions"}],"predecessor-version":[{"id":10177,"href":"https:\/\/prague.org\/hu\/wp-json\/wp\/v2\/pages\/9456\/revisions\/10177"}],"wp:featuredmedia":[{"embeddable":true,"href":"https:\/\/prague.org\/hu\/wp-json\/wp\/v2\/media\/9528"}],"wp:attachment":[{"href":"https:\/\/prague.org\/hu\/wp-json\/wp\/v2\/media?parent=9456"}],"curies":[{"name":"wp","href":"https:\/\/api.w.org\/{rel}","templated":true}]}}