{"id":3603,"date":"2022-06-09T20:33:09","date_gmt":"2022-06-09T18:33:09","guid":{"rendered":"https:\/\/prague.org\/?page_id=3603"},"modified":"2023-03-07T19:02:16","modified_gmt":"2023-03-07T17:02:16","slug":"about-us","status":"publish","type":"page","link":"https:\/\/prague.org\/it\/su-di-noi\/","title":{"rendered":"Informazioni su Praga.org"},"content":{"rendered":"<h2 id=\"by-locals\" class=\"wp-block-heading\">Per gli abitanti del luogo.<\/h2>\n\n\n\n<p>L'obiettivo del nostro sito web \u00e8 quello di presentarvi una <strong><a href=\"https:\/\/prague.org\/it\/?s=guide\">guida di viaggio<\/a><\/strong> che non solo sar\u00e0 <strong>dettagliato <\/strong>e <strong>utile <\/strong>ma vi fornir\u00e0 anche molti <strong>consigli dei locali che vivono a Praga<\/strong> tutto su <a href=\"https:\/\/prague.org\/it\/\">Praga<\/a>.<\/p>\n\n\n\n<p>Tutti gli articoli su Praga presenti sul nostro sito sono scritti dai proprietari del sito (una coppia che vive nel quartiere pi\u00f9 bello di Praga, Dejvice) o da autori che attualmente risiedono a Praga.<\/p>\n\n\n\n<h2 id=\"before-you-travel\" class=\"wp-block-heading\">Prima del viaggio.<\/h2>\n\n\n\n<p><a href=\"https:\/\/prague.org\/it\/what-to-do-and-see\/\">Cosa si pu\u00f2 vedere a Praga? Cosa c'\u00e8 da sapere su Praga? Cosa si pu\u00f2 fare qui?<\/a> Venite per una settimana o solo per un weekend? Tutti questi <strong>domande <\/strong>troveranno una risposta. Scoprite le curiosit\u00e0 su Praga utilizzando le nostre guide dettagliate per trarre il massimo dal vostro viaggio. <strong>viaggio <\/strong>e pianificarlo adeguatamente prima di partire. Possiamo anche aiutarvi a organizzare i biglietti e le prenotazioni alberghiere. <\/p>\n\n\n\n<p>A Praga c'\u00e8 letteralmente qualcosa da imparare per tutti... Basta pianificare bene.<\/p>\n\n\n\n<h2 id=\"once-you-are-in-prague\" class=\"wp-block-heading\">Una volta arrivati a Praga...<\/h2>\n\n\n\n<p>Siete appena atterrati o scesi dall'auto... e ora? Dove andare per <a href=\"https:\/\/prague.org\/it\/le-migliori-colazioni-a-praga\/\">colazione<\/a>? Qual \u00e8 il <a href=\"https:\/\/prague.org\/it\/dove-mangiare-ristoranti-a-praga\/\">miglior ristorante<\/a> per il pranzo? Come si usa <a href=\"https:\/\/prague.org\/it\/trasporto-pubblico-a-praga\/\">trasporto pubblico<\/a>? O devo usare il taxi? Abbiamo molte informazioni su Praga non solo per chi sta pianificando il proprio viaggio, ma anche per chi si trova gi\u00e0 a Praga.<\/p>\n\n\n\n<h2 id=\"how-do-we-make-money\" class=\"wp-block-heading\">Come facciamo a guadagnare?<\/h2>\n\n\n\n<p>Riceviamo un compenso per alcuni servizi che colleghiamo. Il nostro modello di business si basa sul cosiddetto marketing di affiliazione. Non siamo pagati direttamente da marchi o aziende. Invece, scegliamo le aziende con cui collaborare, raccomandiamo i loro servizi e riceviamo una commissione se acquistate qualcosa (biglietti aerei, alloggi, visite guidate...). I nostri servizi, articoli, guide e tutte le altre informazioni su Praga sono e saranno sempre gratuiti per tutti i nostri visitatori.<\/p>\n\n\n\n<h2 id=\"write-for-us\" class=\"wp-block-heading\">Scrivi per noi<\/h2>\n\n\n\n<p>Siamo sempre alla ricerca di autori di contenuti che possano scrivere fatti interessanti su Praga. Sentitevi liberi di <a href=\"https:\/\/prague.org\/it\/contact-us\/\">contattaci<\/a> con noi, ma tenete presente che cerchiamo solo redattori di contenuti esperti che vivono a Praga o che hanno vissuto a Praga per almeno qualche anno.<\/p>","protected":false},"excerpt":{"rendered":"Da parte della gente del posto. L'obiettivo del nostro sito \u00e8 quello di presentarvi una guida turistica che...","protected":false},"author":1,"featured_media":2312,"parent":0,"menu_order":0,"comment_status":"closed","ping_status":"closed","template":"","meta":{"footnotes":""},"_links":{"self":[{"href":"https:\/\/prague.org\/it\/wp-json\/wp\/v2\/pages\/3603"}],"collection":[{"href":"https:\/\/prague.org\/it\/wp-json\/wp\/v2\/pages"}],"about":[{"href":"https:\/\/prague.org\/it\/wp-json\/wp\/v2\/types\/page"}],"author":[{"embeddable":true,"href":"https:\/\/prague.org\/it\/wp-json\/wp\/v2\/users\/1"}],"replies":[{"embeddable":true,"href":"https:\/\/prague.org\/it\/wp-json\/wp\/v2\/comments?post=3603"}],"version-history":[{"count":10,"href":"https:\/\/prague.org\/it\/wp-json\/wp\/v2\/pages\/3603\/revisions"}],"predecessor-version":[{"id":8856,"href":"https:\/\/prague.org\/it\/wp-json\/wp\/v2\/pages\/3603\/revisions\/8856"}],"wp:featuredmedia":[{"embeddable":true,"href":"https:\/\/prague.org\/it\/wp-json\/wp\/v2\/media\/2312"}],"wp:attachment":[{"href":"https:\/\/prague.org\/it\/wp-json\/wp\/v2\/media?parent=3603"}],"curies":[{"name":"wp","href":"https:\/\/api.w.org\/{rel}","templated":true}]}}