{"id":9456,"date":"2023-04-28T12:23:06","date_gmt":"2023-04-28T10:23:06","guid":{"rendered":"https:\/\/prague.org\/?page_id=9456"},"modified":"2023-07-14T16:49:51","modified_gmt":"2023-07-14T14:49:51","slug":"prague-metro-map","status":"publish","type":"page","link":"https:\/\/prague.org\/it\/praga-metropolitana\/","title":{"rendered":"Mappa della metropolitana di Praga"},"content":{"rendered":"<div class=\"wp-block-cover is-light is-cnvs-vert-align-middle cnvs-block-core-cover-1669195481064\" style=\"padding-top:12px;padding-right:12px;padding-bottom:12px;padding-left:12px;min-height:400px\"><span aria-hidden=\"true\" class=\"wp-block-cover__background has-black-background-color has-background-dim\"><\/span><img decoding=\"async\" width=\"2560\" height=\"1440\" class=\"wp-block-cover__image-background wp-image-9239\" alt=\"Praga in primavera\" src=\"https:\/\/prague.org\/wp-content\/uploads\/2023\/03\/pexels-pierre-blache-2598484-1-scaled.jpg\" data-object-fit=\"cover\" srcset=\"https:\/\/prague.org\/wp-content\/uploads\/2023\/03\/pexels-pierre-blache-2598484-1-scaled.jpg 2560w, https:\/\/prague.org\/wp-content\/uploads\/2023\/03\/pexels-pierre-blache-2598484-1-scaled-600x338.jpg 600w, https:\/\/prague.org\/wp-content\/uploads\/2023\/03\/pexels-pierre-blache-2598484-1-300x169.jpg 300w, https:\/\/prague.org\/wp-content\/uploads\/2023\/03\/pexels-pierre-blache-2598484-1-1024x576.jpg 1024w, https:\/\/prague.org\/wp-content\/uploads\/2023\/03\/pexels-pierre-blache-2598484-1-768x432.jpg 768w, https:\/\/prague.org\/wp-content\/uploads\/2023\/03\/pexels-pierre-blache-2598484-1-1536x864.jpg 1536w, https:\/\/prague.org\/wp-content\/uploads\/2023\/03\/pexels-pierre-blache-2598484-1-2048x1152.jpg 2048w, https:\/\/prague.org\/wp-content\/uploads\/2023\/03\/pexels-pierre-blache-2598484-1-18x10.jpg 18w, https:\/\/prague.org\/wp-content\/uploads\/2023\/03\/pexels-pierre-blache-2598484-1-380x214.jpg 380w, https:\/\/prague.org\/wp-content\/uploads\/2023\/03\/pexels-pierre-blache-2598484-1-800x450.jpg 800w, https:\/\/prague.org\/wp-content\/uploads\/2023\/03\/pexels-pierre-blache-2598484-1-1160x653.jpg 1160w\" sizes=\"(max-width: 2560px) 100vw, 2560px\" \/><div class=\"wp-block-cover__inner-container is-layout-flow wp-block-cover-is-layout-flow\">\n<h1 id=\"navigate-the-city-easily-with-the-prague-metro-map\" class=\"has-text-align-center has-white-color has-text-color cnvs-block-core-heading-1669195481046 wp-block-heading\" style=\"padding-right:0rem;padding-left:0rem\">Navigare facilmente in citt\u00e0 con la mappa della metropolitana di Praga<\/h1>\n\n\n<div class=\"wp-block-image\">\n<figure class=\"aligncenter size-full\"><img decoding=\"async\" width=\"210\" height=\"26\" src=\"https:\/\/prague.org\/wp-content\/uploads\/2023\/04\/stars.png\" alt=\"\" class=\"wp-image-9463\" srcset=\"https:\/\/prague.org\/wp-content\/uploads\/2023\/04\/stars.png 210w, https:\/\/prague.org\/wp-content\/uploads\/2023\/04\/stars-18x2.png 18w, https:\/\/prague.org\/wp-content\/uploads\/2023\/04\/stars-200x26.png 200w\" sizes=\"(max-width: 210px) 100vw, 210px\" \/><\/figure><\/div>\n\n<\/div><\/div>\n\n\n\n<div class=\"wp-block-columns is-layout-flex wp-container-15 wp-block-columns-is-layout-flex\">\n<div class=\"wp-block-column is-layout-flow wp-block-column-is-layout-flow\">\n<p>Il <strong><a href=\"https:\/\/prague.org\/it\/la-mappa-della-metropolitana-di-praga\/\" data-type=\"URL\" data-id=\"https:\/\/prague.org\/the-prague-metro-map\/\">Mappa della metropolitana di Praga<\/a><\/strong> offre uno sguardo approfondito sul sistema di trasporto pubblico della citt\u00e0, essenziale per ogni visitatore. Utilizzando il <strong>Mappa della metropolitana di Praga in pdf<\/strong> vi aiuta a pianificare rapidamente i vostri spostamenti in metropolitana nella capitale ceca di Praga.&nbsp;<\/p>\n\n\n\n<p><a href=\"https:\/\/prague.org\/it\/10-top-prague-attrazioni-turistiche-con-mappa\/\" data-type=\"URL\" data-id=\"https:\/\/prague.org\/10-top-prague-tourist-attractions-with-maps\/\">Le principali attrazioni di Praga<\/a> Tra gli altri, il Ponte Carlo, il Castello di Praga, la Piazza della Citt\u00e0 Vecchia e l'Orologio Astronomico.<\/p>\n\n\n\n<h2 id=\"but-what-exactly-is-this-prague-metro-though\" class=\"cnvs-block-section-heading cnvs-block-section-heading-1682674068326 halignleft\" >\n\t<span class=\"cnvs-section-title\">\n\t\t<span><strong>Ma cos'\u00e8 esattamente questa metropolitana di Praga?<\/strong><\/span>\n\t<\/span>\n<\/h2>\n\n\n\n<p>La metropolitana \u00e8 il principale mezzo di trasporto della citt\u00e0. <a href=\"https:\/\/prague.org\/it\/trasporto-pubblico-a-praga\/\">Trasporto pubblico a Praga<\/a>. Attualmente, il<strong> mappa della metropolitana di Praga<\/strong> \u00e8 composto da 3 linee: la linea A (linea verde), la linea B (linea gialla) e la linea C (linea rossa).&nbsp;<\/p>\n\n\n\n<p>I 65 chilometri di binari servono 61 stazioni, tre delle quali (Muzeum, Mstek, e <strong>La metropolitana Florenc a Praga<\/strong>) fungono da interscambi. Nel 2022 iniziarono anche i lavori per quella che sarebbe diventata la linea D della metropolitana (la linea blu).<\/p>\n<\/div>\n\n\n\n<div class=\"wp-block-column is-layout-flow wp-block-column-is-layout-flow\">\n<figure class=\"wp-block-image alignwide size-large\"><img decoding=\"async\" width=\"1024\" height=\"788\" src=\"https:\/\/prague.org\/wp-content\/uploads\/2023\/04\/PRAGUE-MAP-1024x788.webp\" alt=\"\" class=\"wp-image-9471\" srcset=\"https:\/\/prague.org\/wp-content\/uploads\/2023\/04\/PRAGUE-MAP-1024x788.webp 1024w, https:\/\/prague.org\/wp-content\/uploads\/2023\/04\/PRAGUE-MAP-600x462.webp 600w, https:\/\/prague.org\/wp-content\/uploads\/2023\/04\/PRAGUE-MAP-300x231.webp 300w, https:\/\/prague.org\/wp-content\/uploads\/2023\/04\/PRAGUE-MAP-768x591.webp 768w, https:\/\/prague.org\/wp-content\/uploads\/2023\/04\/PRAGUE-MAP-1536x1182.webp 1536w, https:\/\/prague.org\/wp-content\/uploads\/2023\/04\/PRAGUE-MAP-16x12.webp 16w, https:\/\/prague.org\/wp-content\/uploads\/2023\/04\/PRAGUE-MAP-380x292.webp 380w, https:\/\/prague.org\/wp-content\/uploads\/2023\/04\/PRAGUE-MAP-800x616.webp 800w, https:\/\/prague.org\/wp-content\/uploads\/2023\/04\/PRAGUE-MAP-1160x892.webp 1160w, https:\/\/prague.org\/wp-content\/uploads\/2023\/04\/PRAGUE-MAP.webp 1600w\" sizes=\"(max-width: 1024px) 100vw, 1024px\" \/><\/figure>\n\n\n\n<div class=\"wp-block-buttons is-content-justification-center is-layout-flex wp-container-13 wp-block-buttons-is-layout-flex\">\n<div class=\"wp-block-button\"><a class=\"wp-block-button__link wp-element-button\" href=\"#map\">SCARICA MAPPA<\/a><\/div>\n<\/div>\n<\/div>\n<\/div>\n\n\n\n<h2 id=\"the-prague-metro\" class=\"wp-block-heading\">La metropolitana di Praga<\/h2>\n\n\n\n<p>La metropolitana di Praga \u00e8 un sistema di trasporto rapido che serve Praga, la capitale della Repubblica Ceca. \u00c8 la seconda metropolitana pi\u00f9 vecchia dell'Europa centrale, dopo quella di Budapest.<\/p>\n\n\n\n<p>La metropolitana di Praga \u00e8 un modo comodo per spostarsi a Praga. \u00c8 veloce, efficiente e conveniente. La metropolitana funziona dalle 5:00 del mattino all'1:00 di notte e i biglietti possono essere acquistati in qualsiasi stazione della metropolitana.<\/p>\n\n\n\n<h2 id=\"using-the-prague-metro\" class=\"wp-block-heading\"><strong>Utilizzare la metropolitana di Praga<\/strong><\/h2>\n\n\n\n<p>Per utilizzare la metropolitana di Praga \u00e8 necessario acquistare un biglietto. I biglietti possono essere acquistati in qualsiasi stazione della metropolitana, oltre che in alcune edicole e tabaccherie.<\/p>\n\n\n\n<p>Sono disponibili diversi tipi di biglietti, a seconda della durata dell'utilizzo della metropolitana. I biglietti singoli sono validi per un viaggio, mentre i biglietti giornalieri sono validi per 24 ore.<\/p>\n\n\n\n<p>Una volta in possesso del biglietto, \u00e8 necessario convalidarlo nelle macchinette gialle all'ingresso della stazione della metropolitana.<\/p>\n\n\n\n<p>Per salire su un treno della metropolitana, \u00e8 necessario attendere l'arrivo del treno e poi toccare il biglietto sul lettore giallo sulla banchina.<\/p>\n\n\n\n<h3 id=\"tips-for-using-the-prague-metro\" class=\"wp-block-heading\"><strong>Consigli per l'utilizzo della metropolitana di Praga<\/strong><\/h3>\n\n\n\n<ul>\n<li>Siate consapevoli di ci\u00f2 che vi circonda e tenete i vostri effetti personali vicino a voi.<\/li>\n\n\n\n<li>Non scattate foto o video ai treni o alle stazioni della metropolitana senza autorizzazione.<\/li>\n\n\n\n<li>Non fumate nelle stazioni della metropolitana o nei treni.<\/li>\n\n\n\n<li>Rispettate gli altri passeggeri.<\/li>\n<\/ul>\n\n\n\n<h2 id=\"metro-stations-in-prague\" class=\"wp-block-heading\">Stazioni della metropolitana di Praga<\/h2>\n\n\n\n<p>Alle tre intersezioni delle tre linee metropolitane della citt\u00e0, si trovano questi trasferimenti <strong>stazioni della metropolitana di Praga<\/strong>:<\/p>\n\n\n\n<p>Questi<strong> Stazioni della metropolitana di Praga <\/strong>collegano linee diverse. Per percorrere a piedi ciascuno dei percorsi di trasferimento ben indicati occorrono dai tre ai cinque minuti. Tra questi ci sono:<\/p>\n\n\n\n<div class=\"wp-block-columns is-layout-flex wp-container-19 wp-block-columns-is-layout-flex\">\n<div class=\"wp-block-column is-layout-flow wp-block-column-is-layout-flow\" style=\"padding-top:0;padding-right:0;padding-bottom:0;padding-left:0\">\n<figure class=\"wp-block-image size-full\"><img decoding=\"async\" width=\"800\" height=\"600\" src=\"https:\/\/prague.org\/wp-content\/uploads\/2023\/04\/mustek.jpg\" alt=\"\" class=\"wp-image-9478\" srcset=\"https:\/\/prague.org\/wp-content\/uploads\/2023\/04\/mustek.jpg 800w, https:\/\/prague.org\/wp-content\/uploads\/2023\/04\/mustek-600x450.jpg 600w, https:\/\/prague.org\/wp-content\/uploads\/2023\/04\/mustek-300x225.jpg 300w, https:\/\/prague.org\/wp-content\/uploads\/2023\/04\/mustek-768x576.jpg 768w, https:\/\/prague.org\/wp-content\/uploads\/2023\/04\/mustek-16x12.jpg 16w, https:\/\/prague.org\/wp-content\/uploads\/2023\/04\/mustek-200x150.jpg 200w, https:\/\/prague.org\/wp-content\/uploads\/2023\/04\/mustek-260x195.jpg 260w, https:\/\/prague.org\/wp-content\/uploads\/2023\/04\/mustek-380x285.jpg 380w\" sizes=\"(max-width: 800px) 100vw, 800px\" \/><\/figure>\n\n\n\n<h3 id=\"mustek\" class=\"wp-block-heading\">M\u016fstek<\/h3>\n\n\n\n<p>Si trova vicino alla fine della rinomata Piazza Venceslao. Questa stazione funge da collegamento tra le linee A e B.<\/p>\n<\/div>\n\n\n\n<div class=\"wp-block-column is-layout-flow wp-block-column-is-layout-flow\">\n<figure class=\"wp-block-image size-full\"><img decoding=\"async\" width=\"800\" height=\"600\" src=\"https:\/\/prague.org\/wp-content\/uploads\/2023\/04\/muzeum.jpg\" alt=\"\" class=\"wp-image-9477\" srcset=\"https:\/\/prague.org\/wp-content\/uploads\/2023\/04\/muzeum.jpg 800w, https:\/\/prague.org\/wp-content\/uploads\/2023\/04\/muzeum-600x450.jpg 600w, https:\/\/prague.org\/wp-content\/uploads\/2023\/04\/muzeum-300x225.jpg 300w, https:\/\/prague.org\/wp-content\/uploads\/2023\/04\/muzeum-768x576.jpg 768w, https:\/\/prague.org\/wp-content\/uploads\/2023\/04\/muzeum-16x12.jpg 16w, https:\/\/prague.org\/wp-content\/uploads\/2023\/04\/muzeum-200x150.jpg 200w, https:\/\/prague.org\/wp-content\/uploads\/2023\/04\/muzeum-260x195.jpg 260w, https:\/\/prague.org\/wp-content\/uploads\/2023\/04\/muzeum-380x285.jpg 380w\" sizes=\"(max-width: 800px) 100vw, 800px\" \/><\/figure>\n\n\n\n<h3 id=\"muzeum\" class=\"wp-block-heading\">Muzeum<\/h3>\n\n\n\n<p>La stazione di trasferimento di Piazza Venceslao si trova all'estremit\u00e0 settentrionale, dove le linee A e C si incontrano.<\/p>\n<\/div>\n\n\n\n<div class=\"wp-block-column is-layout-flow wp-block-column-is-layout-flow\">\n<figure class=\"wp-block-image size-full\"><img decoding=\"async\" width=\"800\" height=\"600\" src=\"https:\/\/prague.org\/wp-content\/uploads\/2023\/04\/florenc.jpg\" alt=\"\" class=\"wp-image-9476\" srcset=\"https:\/\/prague.org\/wp-content\/uploads\/2023\/04\/florenc.jpg 800w, https:\/\/prague.org\/wp-content\/uploads\/2023\/04\/florenc-600x450.jpg 600w, https:\/\/prague.org\/wp-content\/uploads\/2023\/04\/florenc-300x225.jpg 300w, https:\/\/prague.org\/wp-content\/uploads\/2023\/04\/florenc-768x576.jpg 768w, https:\/\/prague.org\/wp-content\/uploads\/2023\/04\/florenc-16x12.jpg 16w, https:\/\/prague.org\/wp-content\/uploads\/2023\/04\/florenc-200x150.jpg 200w, https:\/\/prague.org\/wp-content\/uploads\/2023\/04\/florenc-260x195.jpg 260w, https:\/\/prague.org\/wp-content\/uploads\/2023\/04\/florenc-380x285.jpg 380w\" sizes=\"(max-width: 800px) 100vw, 800px\" \/><\/figure>\n\n\n\n<h3 id=\"florenc\" class=\"wp-block-heading\">Florenc<\/h3>\n\n\n\n<p><strong>La metropolitana Florenc a Praga<\/strong> \u00e8 il terminale del bus primario dove la linea B incontra C&nbsp;<\/p>\n<\/div>\n<\/div>\n\n\n\n<div class=\"wp-block-cover is-cnvs-vert-align-middle cnvs-block-core-cover-1682676693745\" style=\"padding-top:12px;padding-right:12px;padding-bottom:12px;padding-left:12px;min-height:400px\" id=\"map\"><span aria-hidden=\"true\" class=\"wp-block-cover__background has-black-background-color has-background-dim\"><\/span><img decoding=\"async\" width=\"2560\" height=\"1707\" class=\"wp-block-cover__image-background wp-image-7217\" alt=\"Le strade di Praga\" src=\"https:\/\/prague.org\/wp-content\/uploads\/2022\/12\/StockSnap_VPYPAS4FVT-1-scaled.jpg\" data-object-fit=\"cover\" srcset=\"https:\/\/prague.org\/wp-content\/uploads\/2022\/12\/StockSnap_VPYPAS4FVT-1-scaled.jpg 2560w, https:\/\/prague.org\/wp-content\/uploads\/2022\/12\/StockSnap_VPYPAS4FVT-1-scaled-600x400.jpg 600w, https:\/\/prague.org\/wp-content\/uploads\/2022\/12\/StockSnap_VPYPAS4FVT-1-300x200.jpg 300w, https:\/\/prague.org\/wp-content\/uploads\/2022\/12\/StockSnap_VPYPAS4FVT-1-1024x683.jpg 1024w, https:\/\/prague.org\/wp-content\/uploads\/2022\/12\/StockSnap_VPYPAS4FVT-1-768x512.jpg 768w, https:\/\/prague.org\/wp-content\/uploads\/2022\/12\/StockSnap_VPYPAS4FVT-1-1536x1024.jpg 1536w, https:\/\/prague.org\/wp-content\/uploads\/2022\/12\/StockSnap_VPYPAS4FVT-1-2048x1365.jpg 2048w, https:\/\/prague.org\/wp-content\/uploads\/2022\/12\/StockSnap_VPYPAS4FVT-1-380x253.jpg 380w, https:\/\/prague.org\/wp-content\/uploads\/2022\/12\/StockSnap_VPYPAS4FVT-1-800x533.jpg 800w, https:\/\/prague.org\/wp-content\/uploads\/2022\/12\/StockSnap_VPYPAS4FVT-1-1160x773.jpg 1160w\" sizes=\"(max-width: 2560px) 100vw, 2560px\" \/><div class=\"wp-block-cover__inner-container is-layout-flow wp-block-cover-is-layout-flow\">\n<h2 id=\"download-a-prague-metro-map\" class=\"has-text-align-center has-white-color has-text-color cnvs-block-core-heading-1682676693729 wp-block-heading\" style=\"padding-right:0rem;padding-left:0rem\">Scarica la mappa della metropolitana di Praga<\/h2>\n\n\n\n<p class=\"has-text-align-center\">Se non volete perdervi nessuna delle attrazioni pi\u00f9 importanti della citt\u00e0, una <strong>Mappa della metropolitana di Praga<\/strong> in versione pdf \u00e8 il modo pi\u00f9 comodo per portare con s\u00e9 una guida dettagliata dei trasporti pubblici.<br>Non solo il quartiere storico di Praga \u00e8 comodamente posizionato vicino alla maggior parte delle fermate della metropolitana, ma anche prenotare i biglietti della metropolitana \u00e8 un gioco da ragazzi. Si pu\u00f2 dire che la metropolitana \u00e8 la scelta migliore se si vuole raggiungere rapidamente la maggior parte delle destinazioni turistiche.<\/p>\n\n\n\n<div class=\"wp-block-buttons is-layout-flex wp-block-buttons-is-layout-flex\">\n<div class=\"wp-block-button aligncenter\"><a class=\"wp-block-button__link wp-element-button\" href=\"https:\/\/prague.org\/wp-content\/uploads\/2023\/04\/PRAGUE_MAP_.pdf\" target=\"_blank\" rel=\"noreferrer noopener\">SCARICA MAPPA<\/a><\/div>\n<\/div>\n<\/div><\/div>","protected":false},"excerpt":{"rendered":"La mappa della metropolitana di Praga offre uno sguardo approfondito sul sistema di trasporto pubblico della citt\u00e0, essenziale per...","protected":false},"author":9,"featured_media":9528,"parent":0,"menu_order":0,"comment_status":"closed","ping_status":"closed","template":"","meta":{"footnotes":""},"_links":{"self":[{"href":"https:\/\/prague.org\/it\/wp-json\/wp\/v2\/pages\/9456"}],"collection":[{"href":"https:\/\/prague.org\/it\/wp-json\/wp\/v2\/pages"}],"about":[{"href":"https:\/\/prague.org\/it\/wp-json\/wp\/v2\/types\/page"}],"author":[{"embeddable":true,"href":"https:\/\/prague.org\/it\/wp-json\/wp\/v2\/users\/9"}],"replies":[{"embeddable":true,"href":"https:\/\/prague.org\/it\/wp-json\/wp\/v2\/comments?post=9456"}],"version-history":[{"count":42,"href":"https:\/\/prague.org\/it\/wp-json\/wp\/v2\/pages\/9456\/revisions"}],"predecessor-version":[{"id":10177,"href":"https:\/\/prague.org\/it\/wp-json\/wp\/v2\/pages\/9456\/revisions\/10177"}],"wp:featuredmedia":[{"embeddable":true,"href":"https:\/\/prague.org\/it\/wp-json\/wp\/v2\/media\/9528"}],"wp:attachment":[{"href":"https:\/\/prague.org\/it\/wp-json\/wp\/v2\/media?parent=9456"}],"curies":[{"name":"wp","href":"https:\/\/api.w.org\/{rel}","templated":true}]}}