{"id":9456,"date":"2023-04-28T12:23:06","date_gmt":"2023-04-28T10:23:06","guid":{"rendered":"https:\/\/prague.org\/?page_id=9456"},"modified":"2023-07-14T16:49:51","modified_gmt":"2023-07-14T14:49:51","slug":"prague-metro-map","status":"publish","type":"page","link":"https:\/\/prague.org\/nl\/praag-metro-map\/","title":{"rendered":"Metrokaart Praag"},"content":{"rendered":"<div class=\"wp-block-cover is-light is-cnvs-vert-align-middle cnvs-block-core-cover-1669195481064\" style=\"padding-top:12px;padding-right:12px;padding-bottom:12px;padding-left:12px;min-height:400px\"><span aria-hidden=\"true\" class=\"wp-block-cover__background has-black-background-color has-background-dim\"><\/span><img decoding=\"async\" width=\"2560\" height=\"1440\" class=\"wp-block-cover__image-background wp-image-9239\" alt=\"Praag in de lente\" src=\"https:\/\/prague.org\/wp-content\/uploads\/2023\/03\/pexels-pierre-blache-2598484-1-scaled.jpg\" data-object-fit=\"cover\" srcset=\"https:\/\/prague.org\/wp-content\/uploads\/2023\/03\/pexels-pierre-blache-2598484-1-scaled.jpg 2560w, https:\/\/prague.org\/wp-content\/uploads\/2023\/03\/pexels-pierre-blache-2598484-1-scaled-600x338.jpg 600w, https:\/\/prague.org\/wp-content\/uploads\/2023\/03\/pexels-pierre-blache-2598484-1-300x169.jpg 300w, https:\/\/prague.org\/wp-content\/uploads\/2023\/03\/pexels-pierre-blache-2598484-1-1024x576.jpg 1024w, https:\/\/prague.org\/wp-content\/uploads\/2023\/03\/pexels-pierre-blache-2598484-1-768x432.jpg 768w, https:\/\/prague.org\/wp-content\/uploads\/2023\/03\/pexels-pierre-blache-2598484-1-1536x864.jpg 1536w, https:\/\/prague.org\/wp-content\/uploads\/2023\/03\/pexels-pierre-blache-2598484-1-2048x1152.jpg 2048w, https:\/\/prague.org\/wp-content\/uploads\/2023\/03\/pexels-pierre-blache-2598484-1-18x10.jpg 18w, https:\/\/prague.org\/wp-content\/uploads\/2023\/03\/pexels-pierre-blache-2598484-1-380x214.jpg 380w, https:\/\/prague.org\/wp-content\/uploads\/2023\/03\/pexels-pierre-blache-2598484-1-800x450.jpg 800w, https:\/\/prague.org\/wp-content\/uploads\/2023\/03\/pexels-pierre-blache-2598484-1-1160x653.jpg 1160w\" sizes=\"(max-width: 2560px) 100vw, 2560px\" \/><div class=\"wp-block-cover__inner-container is-layout-flow wp-block-cover-is-layout-flow\">\n<h1 id=\"navigate-the-city-easily-with-the-prague-metro-map\" class=\"has-text-align-center has-white-color has-text-color cnvs-block-core-heading-1669195481046 wp-block-heading\" style=\"padding-right:0rem;padding-left:0rem\">Navigeer gemakkelijk door de stad met de metrokaart van Praag<\/h1>\n\n\n<div class=\"wp-block-image\">\n<figure class=\"aligncenter size-full\"><img decoding=\"async\" width=\"210\" height=\"26\" src=\"https:\/\/prague.org\/wp-content\/uploads\/2023\/04\/stars.png\" alt=\"\" class=\"wp-image-9463\" srcset=\"https:\/\/prague.org\/wp-content\/uploads\/2023\/04\/stars.png 210w, https:\/\/prague.org\/wp-content\/uploads\/2023\/04\/stars-18x2.png 18w, https:\/\/prague.org\/wp-content\/uploads\/2023\/04\/stars-200x26.png 200w\" sizes=\"(max-width: 210px) 100vw, 210px\" \/><\/figure><\/div>\n\n<\/div><\/div>\n\n\n\n<div class=\"wp-block-columns is-layout-flex wp-container-15 wp-block-columns-is-layout-flex\">\n<div class=\"wp-block-column is-layout-flow wp-block-column-is-layout-flow\">\n<p>De <strong><a href=\"https:\/\/prague.org\/nl\/de-praag-metro-map\/\" data-type=\"URL\" data-id=\"https:\/\/prague.org\/the-prague-metro-map\/\">Metrokaart Praag<\/a><\/strong> biedt een diepgaand inzicht in het openbaar vervoer van de stad, dat essentieel is voor elke bezoeker. Met behulp van de <strong>metrokaart Praag in pdf<\/strong> helpt je om snel je metroritten in de Tsjechische hoofdstad Praag uit te stippelen.&nbsp;<\/p>\n\n\n\n<p><a href=\"https:\/\/prague.org\/nl\/10-top-praag-toeristische-attracties-met-kaarten\/\" data-type=\"URL\" data-id=\"https:\/\/prague.org\/10-top-prague-tourist-attractions-with-maps\/\">De topattracties van Praag<\/a> zijn de Karelsbrug, de Praagse Burcht, het Oude Stadsplein en de Astronomische Klok.<\/p>\n\n\n\n<h2 id=\"but-what-exactly-is-this-prague-metro-though\" class=\"cnvs-block-section-heading cnvs-block-section-heading-1682674068326 halignleft\" >\n\t<span class=\"cnvs-section-title\">\n\t\t<span><strong>Maar wat is die Praagse metro eigenlijk?<\/strong><\/span>\n\t<\/span>\n<\/h2>\n\n\n\n<p>De metro is het belangrijkste vervoersmiddel van de stad. <a href=\"https:\/\/prague.org\/nl\/openbaar-vervoer-in-praag\/\">openbaar vervoer in Praag<\/a>. Momenteel is de<strong> kaart van het Praagse metrosysteem<\/strong> bestaat uit 3 lijnen - Route A (groene lijn), Route B (gele lijn) en Route C (rode lijn).&nbsp;<\/p>\n\n\n\n<p>Het 65 kilometer lange spoor bedient 61 stations, waarvan er drie (Muzeum, Mstek, en <strong>metro Florenc in Praag<\/strong>) dienen als overstappunten. In 2022 begon ook het werk aan wat Metro Route D (de blauwe lijn) zou worden.<\/p>\n<\/div>\n\n\n\n<div class=\"wp-block-column is-layout-flow wp-block-column-is-layout-flow\">\n<figure class=\"wp-block-image alignwide size-large\"><img decoding=\"async\" width=\"1024\" height=\"788\" src=\"https:\/\/prague.org\/wp-content\/uploads\/2023\/04\/PRAGUE-MAP-1024x788.webp\" alt=\"\" class=\"wp-image-9471\" srcset=\"https:\/\/prague.org\/wp-content\/uploads\/2023\/04\/PRAGUE-MAP-1024x788.webp 1024w, https:\/\/prague.org\/wp-content\/uploads\/2023\/04\/PRAGUE-MAP-600x462.webp 600w, https:\/\/prague.org\/wp-content\/uploads\/2023\/04\/PRAGUE-MAP-300x231.webp 300w, https:\/\/prague.org\/wp-content\/uploads\/2023\/04\/PRAGUE-MAP-768x591.webp 768w, https:\/\/prague.org\/wp-content\/uploads\/2023\/04\/PRAGUE-MAP-1536x1182.webp 1536w, https:\/\/prague.org\/wp-content\/uploads\/2023\/04\/PRAGUE-MAP-16x12.webp 16w, https:\/\/prague.org\/wp-content\/uploads\/2023\/04\/PRAGUE-MAP-380x292.webp 380w, https:\/\/prague.org\/wp-content\/uploads\/2023\/04\/PRAGUE-MAP-800x616.webp 800w, https:\/\/prague.org\/wp-content\/uploads\/2023\/04\/PRAGUE-MAP-1160x892.webp 1160w, https:\/\/prague.org\/wp-content\/uploads\/2023\/04\/PRAGUE-MAP.webp 1600w\" sizes=\"(max-width: 1024px) 100vw, 1024px\" \/><\/figure>\n\n\n\n<div class=\"wp-block-buttons is-content-justification-center is-layout-flex wp-container-13 wp-block-buttons-is-layout-flex\">\n<div class=\"wp-block-button\"><a class=\"wp-block-button__link wp-element-button\" href=\"#map\">DOWNLOADEN KAART<\/a><\/div>\n<\/div>\n<\/div>\n<\/div>\n\n\n\n<h2 id=\"the-prague-metro\" class=\"wp-block-heading\">De metro van Praag<\/h2>\n\n\n\n<p>De metro van Praag is een snel transportsysteem dat Praag, de hoofdstad van Tsjechi\u00eb, bedient. Het is het op \u00e9\u00e9n na oudste metrosysteem in Centraal-Europa, na de metro van Boedapest.<\/p>\n\n\n\n<p>De Praagse metro is een handige manier om je door Praag te verplaatsen. Het is snel, effici\u00ebnt en betaalbaar. De metro rijdt van 5:00 tot 1:00 uur en kaartjes kun je op elk metrostation kopen.<\/p>\n\n\n\n<h2 id=\"using-the-prague-metro\" class=\"wp-block-heading\"><strong>De Praagse metro gebruiken<\/strong><\/h2>\n\n\n\n<p>Om de Praagse metro te gebruiken, moet je een kaartje kopen. Kaartjes kunnen op elk metrostation worden gekocht, maar ook bij sommige kiosken en tabakswinkels.<\/p>\n\n\n\n<p>Er zijn verschillende soorten tickets verkrijgbaar, afhankelijk van hoe lang je de metro wilt gebruiken. Enkele tickets zijn geldig voor \u00e9\u00e9n reis en dagtickets zijn 24 uur geldig.<\/p>\n\n\n\n<p>Als je eenmaal een kaartje hebt, moet je het valideren in de gele automaten bij de ingang van het metrostation.<\/p>\n\n\n\n<p>Om in een metrotrein te stappen, moet je wachten tot de trein aankomt en dan je kaartje op de gele lezer op het perron tikken.<\/p>\n\n\n\n<h3 id=\"tips-for-using-the-prague-metro\" class=\"wp-block-heading\"><strong>Tips voor het gebruik van de Praagse metro<\/strong><\/h3>\n\n\n\n<ul>\n<li>Wees je bewust van je omgeving en houd je spullen dicht bij je.<\/li>\n\n\n\n<li>Maak geen foto's of video's van de metrostellen of stations zonder toestemming.<\/li>\n\n\n\n<li>Rook niet in de metrostations of treinen.<\/li>\n\n\n\n<li>Heb respect voor andere passagiers.<\/li>\n<\/ul>\n\n\n\n<h2 id=\"metro-stations-in-prague\" class=\"wp-block-heading\">Metrostations in Praag<\/h2>\n\n\n\n<p>Op de drie kruispunten van de drie metrolijnen van de stad vind je deze overstapmogelijkheden <strong>metrostations in Praag<\/strong>:<\/p>\n\n\n\n<p>Deze<strong> Praagse metrostations <\/strong>verschillende lijnen met elkaar verbinden. Het duurt slechts drie tot vijf minuten om elk van de goed aangegeven overstaproutes te lopen. Enkele daarvan zijn:<\/p>\n\n\n\n<div class=\"wp-block-columns is-layout-flex wp-container-19 wp-block-columns-is-layout-flex\">\n<div class=\"wp-block-column is-layout-flow wp-block-column-is-layout-flow\" style=\"padding-top:0;padding-right:0;padding-bottom:0;padding-left:0\">\n<figure class=\"wp-block-image size-full\"><img decoding=\"async\" width=\"800\" height=\"600\" src=\"https:\/\/prague.org\/wp-content\/uploads\/2023\/04\/mustek.jpg\" alt=\"\" class=\"wp-image-9478\" srcset=\"https:\/\/prague.org\/wp-content\/uploads\/2023\/04\/mustek.jpg 800w, https:\/\/prague.org\/wp-content\/uploads\/2023\/04\/mustek-600x450.jpg 600w, https:\/\/prague.org\/wp-content\/uploads\/2023\/04\/mustek-300x225.jpg 300w, https:\/\/prague.org\/wp-content\/uploads\/2023\/04\/mustek-768x576.jpg 768w, https:\/\/prague.org\/wp-content\/uploads\/2023\/04\/mustek-16x12.jpg 16w, https:\/\/prague.org\/wp-content\/uploads\/2023\/04\/mustek-200x150.jpg 200w, https:\/\/prague.org\/wp-content\/uploads\/2023\/04\/mustek-260x195.jpg 260w, https:\/\/prague.org\/wp-content\/uploads\/2023\/04\/mustek-380x285.jpg 380w\" sizes=\"(max-width: 800px) 100vw, 800px\" \/><\/figure>\n\n\n\n<h3 id=\"mustek\" class=\"wp-block-heading\">M\u016fstek<\/h3>\n\n\n\n<p>Het bevindt zich aan het einde van het beroemde Wenceslasplein en dient als verbinding tussen de A- en B-lijn.<\/p>\n<\/div>\n\n\n\n<div class=\"wp-block-column is-layout-flow wp-block-column-is-layout-flow\">\n<figure class=\"wp-block-image size-full\"><img decoding=\"async\" width=\"800\" height=\"600\" src=\"https:\/\/prague.org\/wp-content\/uploads\/2023\/04\/muzeum.jpg\" alt=\"\" class=\"wp-image-9477\" srcset=\"https:\/\/prague.org\/wp-content\/uploads\/2023\/04\/muzeum.jpg 800w, https:\/\/prague.org\/wp-content\/uploads\/2023\/04\/muzeum-600x450.jpg 600w, https:\/\/prague.org\/wp-content\/uploads\/2023\/04\/muzeum-300x225.jpg 300w, https:\/\/prague.org\/wp-content\/uploads\/2023\/04\/muzeum-768x576.jpg 768w, https:\/\/prague.org\/wp-content\/uploads\/2023\/04\/muzeum-16x12.jpg 16w, https:\/\/prague.org\/wp-content\/uploads\/2023\/04\/muzeum-200x150.jpg 200w, https:\/\/prague.org\/wp-content\/uploads\/2023\/04\/muzeum-260x195.jpg 260w, https:\/\/prague.org\/wp-content\/uploads\/2023\/04\/muzeum-380x285.jpg 380w\" sizes=\"(max-width: 800px) 100vw, 800px\" \/><\/figure>\n\n\n\n<h3 id=\"muzeum\" class=\"wp-block-heading\">Muzeum<\/h3>\n\n\n\n<p>Je vindt het Wenceslas Square Transfer Station aan het noordelijke uiteinde, waar de A en C lijnen samenkomen.<\/p>\n<\/div>\n\n\n\n<div class=\"wp-block-column is-layout-flow wp-block-column-is-layout-flow\">\n<figure class=\"wp-block-image size-full\"><img decoding=\"async\" width=\"800\" height=\"600\" src=\"https:\/\/prague.org\/wp-content\/uploads\/2023\/04\/florenc.jpg\" alt=\"\" class=\"wp-image-9476\" srcset=\"https:\/\/prague.org\/wp-content\/uploads\/2023\/04\/florenc.jpg 800w, https:\/\/prague.org\/wp-content\/uploads\/2023\/04\/florenc-600x450.jpg 600w, https:\/\/prague.org\/wp-content\/uploads\/2023\/04\/florenc-300x225.jpg 300w, https:\/\/prague.org\/wp-content\/uploads\/2023\/04\/florenc-768x576.jpg 768w, https:\/\/prague.org\/wp-content\/uploads\/2023\/04\/florenc-16x12.jpg 16w, https:\/\/prague.org\/wp-content\/uploads\/2023\/04\/florenc-200x150.jpg 200w, https:\/\/prague.org\/wp-content\/uploads\/2023\/04\/florenc-260x195.jpg 260w, https:\/\/prague.org\/wp-content\/uploads\/2023\/04\/florenc-380x285.jpg 380w\" sizes=\"(max-width: 800px) 100vw, 800px\" \/><\/figure>\n\n\n\n<h3 id=\"florenc\" class=\"wp-block-heading\">Florenc<\/h3>\n\n\n\n<p><strong>metro Florenc in Praag<\/strong> is de primaire busklem waar B-lijn en C&nbsp;<\/p>\n<\/div>\n<\/div>\n\n\n\n<div class=\"wp-block-cover is-cnvs-vert-align-middle cnvs-block-core-cover-1682676693745\" style=\"padding-top:12px;padding-right:12px;padding-bottom:12px;padding-left:12px;min-height:400px\" id=\"map\"><span aria-hidden=\"true\" class=\"wp-block-cover__background has-black-background-color has-background-dim\"><\/span><img decoding=\"async\" width=\"2560\" height=\"1707\" class=\"wp-block-cover__image-background wp-image-7217\" alt=\"Praagse straten\" src=\"https:\/\/prague.org\/wp-content\/uploads\/2022\/12\/StockSnap_VPYPAS4FVT-1-scaled.jpg\" data-object-fit=\"cover\" srcset=\"https:\/\/prague.org\/wp-content\/uploads\/2022\/12\/StockSnap_VPYPAS4FVT-1-scaled.jpg 2560w, https:\/\/prague.org\/wp-content\/uploads\/2022\/12\/StockSnap_VPYPAS4FVT-1-scaled-600x400.jpg 600w, https:\/\/prague.org\/wp-content\/uploads\/2022\/12\/StockSnap_VPYPAS4FVT-1-300x200.jpg 300w, https:\/\/prague.org\/wp-content\/uploads\/2022\/12\/StockSnap_VPYPAS4FVT-1-1024x683.jpg 1024w, https:\/\/prague.org\/wp-content\/uploads\/2022\/12\/StockSnap_VPYPAS4FVT-1-768x512.jpg 768w, https:\/\/prague.org\/wp-content\/uploads\/2022\/12\/StockSnap_VPYPAS4FVT-1-1536x1024.jpg 1536w, https:\/\/prague.org\/wp-content\/uploads\/2022\/12\/StockSnap_VPYPAS4FVT-1-2048x1365.jpg 2048w, https:\/\/prague.org\/wp-content\/uploads\/2022\/12\/StockSnap_VPYPAS4FVT-1-380x253.jpg 380w, https:\/\/prague.org\/wp-content\/uploads\/2022\/12\/StockSnap_VPYPAS4FVT-1-800x533.jpg 800w, https:\/\/prague.org\/wp-content\/uploads\/2022\/12\/StockSnap_VPYPAS4FVT-1-1160x773.jpg 1160w\" sizes=\"(max-width: 2560px) 100vw, 2560px\" \/><div class=\"wp-block-cover__inner-container is-layout-flow wp-block-cover-is-layout-flow\">\n<h2 id=\"download-a-prague-metro-map\" class=\"has-text-align-center has-white-color has-text-color cnvs-block-core-heading-1682676693729 wp-block-heading\" style=\"padding-right:0rem;padding-left:0rem\">Een Praagse metrokaart downloaden<\/h2>\n\n\n\n<p class=\"has-text-align-center\">Als je geen van de topattracties van de stad wilt missen, is een <strong>Metrokaart Praag<\/strong> De pdf-versie is de handigste manier om een gedetailleerde gids over het openbaar vervoer mee te nemen.<br>Niet alleen is de historische wijk van Praag gunstig gelegen in de buurt van de meeste metrohaltes, maar ook het boeken van metrokaartjes is een fluitje van een cent. Je kunt gerust zeggen dat de metro je beste keuze is als je snel de meeste toeristische bestemmingen wilt bereiken.<\/p>\n\n\n\n<div class=\"wp-block-buttons is-layout-flex wp-block-buttons-is-layout-flex\">\n<div class=\"wp-block-button aligncenter\"><a class=\"wp-block-button__link wp-element-button\" href=\"https:\/\/prague.org\/wp-content\/uploads\/2023\/04\/PRAGUE_MAP_.pdf\" target=\"_blank\" rel=\"noreferrer noopener\">DOWNLOADEN KAART<\/a><\/div>\n<\/div>\n<\/div><\/div>","protected":false},"excerpt":{"rendered":"De metrokaart van Praag biedt een diepgaand inzicht in het openbaar vervoer van de stad, dat essentieel is voor...","protected":false},"author":9,"featured_media":9528,"parent":0,"menu_order":0,"comment_status":"closed","ping_status":"closed","template":"","meta":{"footnotes":""},"_links":{"self":[{"href":"https:\/\/prague.org\/nl\/wp-json\/wp\/v2\/pages\/9456"}],"collection":[{"href":"https:\/\/prague.org\/nl\/wp-json\/wp\/v2\/pages"}],"about":[{"href":"https:\/\/prague.org\/nl\/wp-json\/wp\/v2\/types\/page"}],"author":[{"embeddable":true,"href":"https:\/\/prague.org\/nl\/wp-json\/wp\/v2\/users\/9"}],"replies":[{"embeddable":true,"href":"https:\/\/prague.org\/nl\/wp-json\/wp\/v2\/comments?post=9456"}],"version-history":[{"count":42,"href":"https:\/\/prague.org\/nl\/wp-json\/wp\/v2\/pages\/9456\/revisions"}],"predecessor-version":[{"id":10177,"href":"https:\/\/prague.org\/nl\/wp-json\/wp\/v2\/pages\/9456\/revisions\/10177"}],"wp:featuredmedia":[{"embeddable":true,"href":"https:\/\/prague.org\/nl\/wp-json\/wp\/v2\/media\/9528"}],"wp:attachment":[{"href":"https:\/\/prague.org\/nl\/wp-json\/wp\/v2\/media?parent=9456"}],"curies":[{"name":"wp","href":"https:\/\/api.w.org\/{rel}","templated":true}]}}