{"id":3,"date":"2022-05-12T10:36:03","date_gmt":"2022-05-12T08:36:03","guid":{"rendered":"https:\/\/prague.org\/?page_id=3"},"modified":"2023-02-23T09:23:42","modified_gmt":"2023-02-23T07:23:42","slug":"privacy-policy","status":"publish","type":"page","link":"https:\/\/prague.org\/pl\/polityka-prywatnosci\/","title":{"rendered":"Polityka prywatno\u015bci"},"content":{"rendered":"<p><strong>Polityka prywatno\u015bci - j\u0119zyk angielski<\/strong><\/p>\n\n\n\n<p>Ostatnia aktualizacja: 17 czerwca 2022 r.<\/p>\n\n\n\n<h2 id=\"who-we-are\" class=\"wp-block-heading\">Kim jeste\u015bmy<\/h2>\n\n\n\n<p>Adres naszej strony internetowej to:<a href=\"https:\/\/prague.org\/pl\/\"> <strong>https:\/\/prague.org\/<\/strong><\/a><\/p>\n\n\n\n<h2 id=\"use-of-cookies\" class=\"wp-block-heading\">Korzystanie z plik\u00f3w cookie<\/h2>\n\n\n\n<p>Witryna Prague.org wykorzystuje pliki cookie do gromadzenia r\u00f3\u017cnych rodzaj\u00f3w danych. Na przyk\u0142ad, przechowujemy informacje o liczbie miesi\u0119cznych odwiedzin i \u015bcie\u017cce odwiedzaj\u0105cego wy\u015bwietlaj\u0105cej r\u00f3\u017cne strony, kt\u00f3re widzia\u0142. Dane s\u0105 przechowywane w formacie, kt\u00f3ry nie pozwala na identyfikacj\u0119 u\u017cytkownik\u00f3w. Zebrane dane s\u0105 wykorzystywane do lepszego zrozumienia, jakich informacji u\u017cytkownicy szukaj\u0105 w naszej witrynie. Pozwalaj\u0105 nam r\u00f3wnie\u017c zidentyfikowa\u0107 potencjalne problemy z nawigacj\u0105.<\/p>\n\n\n\n<p>Prague.org chroni dane osobowe przekazywane przez u\u017cytkownik\u00f3w. Te dane osobowe s\u0105 przechowywane na naszych serwerach w chronionym i kontrolowanym \u015brodowisku.<\/p>\n\n\n\n<h2 id=\"embedded-content-from-other-websites\" class=\"wp-block-heading\">Osadzona zawarto\u015b\u0107 z innych stron internetowych<\/h2>\n\n\n\n<p>Artyku\u0142y na tej stronie mog\u0105 obejmowa\u0107 <strong>zawarto\u015b\u0107 wbudowana<\/strong> (np. filmy, obrazy, artyku\u0142y itp.). Osadzone tre\u015bci z innych witryn zachowuj\u0105 si\u0119 dok\u0142adnie tak samo, jak gdyby u\u017cytkownik odwiedzi\u0142 inn\u0105 witryn\u0119.<\/p>\n\n\n\n<p>Witryny te mog\u0105 gromadzi\u0107 <strong>dane <\/strong>o u\u017cytkowniku, u\u017cywa\u0107 plik\u00f3w cookie, osadza\u0107 dodatkowe \u015bledzenie stron trzecich i monitorowa\u0107 interakcj\u0119 u\u017cytkownika z osadzon\u0105 tre\u015bci\u0105, w tym \u015bledzi\u0107 interakcj\u0119 u\u017cytkownika z osadzon\u0105 tre\u015bci\u0105, je\u015bli u\u017cytkownik ma konto i jest zalogowany w tej witrynie.<\/p>\n\n\n\n<h2 id=\"advertisers-allowed\" class=\"wp-block-heading\">Dozwoleni reklamodawcy :<\/h2>\n\n\n\n<p><br>2 Captify Technologies Limited<br>11 Quantcast International Limited<br>12 BeeswaxIO Corporation<br>16 RTB House S.A.<br>21 Trade Desk<br>23 Amobee Inc.<br>25 Yahoo EMEA Limited<br>39 ADITION technologies GmbH<br>40 Active Agent (ADITION technologies GmbH)<br>50 Adform<br>68 Sizmek by Amazon<br>71 Us\u0142ugi reklamowe Roku<br>73 Simplifi Holdings Inc<br>76 PubMatic, Inc.<br>79 MediaMath, Inc.<br>87 Betgenius Ltd<br>91 Criteo SA<br>128 BIDSWITCH GmbH<br>129 IPONWEB GmbH<br>142 Media.net Advertising FZ-LLC<br>151 Admedo Technology Ltd<br>156 Centro, Inc.<br>161 Smadex SL<br>238 StackAdapt<br>253 Ulepszenie technologii cyfrowej<br>254 LiquidM Technology GmbH<br>264 Adobe Advertising Cloud<br>284 Weborama<br>316 Gamned<br>382 The Reach Group GmbH<br>423 travel audience GmbH<br>469 Zeta Global<br>565 Adobe Audience Manager, Adobe Experience Platform<br>655 Sportradar AG<br>755 Produkty reklamowe Google<br>776 Mars Media Group<br>793 Reklama Amazon<br>922 Amnet GmbH<br>990 QuantumCast digital GmbH<br>32 Xandr<br>45 Smart Adserver<br>52 Magnite, Inc.<br>102 Magnite, Inc. (Outstream)<br>81 PulsePoint<br>10 Index Exchange, Inc.<br>114 Sublime<br>164 Outbrain UK Ltd<br>42 Taboola Europe Limited<br>13 Sovrn Holdings Inc<br>183 EMX Digital LLC<br>165 SpotX, Inc<br>259 ADYOULIKE SA<br>132 Teads<br>72 Nano Interactive GmbH<br>724 Mi\u0119dzy gie\u0142dami<br>62 Justpremium BV<br>69 OpenX<br>639 Smile Wanted Group<br>241 OneTag Limited<br>108 Rich Audience Technologies SL<br>28 TripleLift, Inc.<br>617 Onfocus (Adagio)<br>511 Admixer EU GmbH<br>816 NoBid, Inc.<br>138 ConnectAd Realtime GmbH<br>606 Impactify<br>436 INVIBES GROUP<br>80 Sharethrough, Inc<br>924 Viewdeos 2015 LTD<br>799 Adpone SL<br>90 Teroa S.A.<br>410 Adtelligent Inc.<br>780 Aniview LTD<br>666 BeOp<br>24 Epsilon<br>781 FeedAd GmbH<br>737 Monet Engine Inc<br>210 Zemanta, Inc.<br>610 Azerion Holding B.V.<br>31 Ogury Sp. z o.o.<br>157 Seedtag Advertising S.L<br>61 GumGum, Inc.<br>434 DynAdmic<br>484 SublimeSkinz - Adledge<br>301 ZEOTAP<br>380 Vidoomy Media SL<\/p>","protected":false},"excerpt":{"rendered":"Polityka prywatno\u015bci - j\u0119zyk angielski Ostatnia aktualizacja: 17 czerwca 2022 r. Kim jeste\u015bmy Adres naszej strony internetowej: https:\/\/prague.org\/...","protected":false},"author":1,"featured_media":0,"parent":0,"menu_order":0,"comment_status":"closed","ping_status":"closed","template":"","meta":{"footnotes":""},"_links":{"self":[{"href":"https:\/\/prague.org\/pl\/wp-json\/wp\/v2\/pages\/3"}],"collection":[{"href":"https:\/\/prague.org\/pl\/wp-json\/wp\/v2\/pages"}],"about":[{"href":"https:\/\/prague.org\/pl\/wp-json\/wp\/v2\/types\/page"}],"author":[{"embeddable":true,"href":"https:\/\/prague.org\/pl\/wp-json\/wp\/v2\/users\/1"}],"replies":[{"embeddable":true,"href":"https:\/\/prague.org\/pl\/wp-json\/wp\/v2\/comments?post=3"}],"version-history":[{"count":11,"href":"https:\/\/prague.org\/pl\/wp-json\/wp\/v2\/pages\/3\/revisions"}],"predecessor-version":[{"id":8567,"href":"https:\/\/prague.org\/pl\/wp-json\/wp\/v2\/pages\/3\/revisions\/8567"}],"wp:attachment":[{"href":"https:\/\/prague.org\/pl\/wp-json\/wp\/v2\/media?parent=3"}],"curies":[{"name":"wp","href":"https:\/\/api.w.org\/{rel}","templated":true}]}}