{"id":3603,"date":"2022-06-09T20:33:09","date_gmt":"2022-06-09T18:33:09","guid":{"rendered":"https:\/\/prague.org\/?page_id=3603"},"modified":"2023-03-07T19:02:16","modified_gmt":"2023-03-07T17:02:16","slug":"about-us","status":"publish","type":"page","link":"https:\/\/prague.org\/pl\/o-nas\/","title":{"rendered":"O Prague.org"},"content":{"rendered":"<h2 id=\"by-locals\" class=\"wp-block-heading\">Przez miejscowych.<\/h2>\n\n\n\n<p>Celem naszej strony internetowej jest przedstawienie u\u017cytkownikowi <strong><a href=\"https:\/\/prague.org\/pl\/?s=guide\">przewodnik turystyczny<\/a><\/strong> kt\u00f3ry b\u0119dzie nie tylko <strong>szczeg\u00f3\u0142owy <\/strong>oraz <strong>u\u017cyteczny <\/strong>ale tak\u017ce zapewni ci wiele <strong>Wskaz\u00f3wki od mieszka\u0144c\u00f3w Pragi<\/strong> wszystko o <a href=\"https:\/\/prague.org\/pl\/\">Praga<\/a>.<\/p>\n\n\n\n<p>Wszystkie artyku\u0142y na naszej stronie o Pradze s\u0105 pisane przez w\u0142a\u015bcicieli strony (par\u0119 mieszkaj\u0105c\u0105 w najpi\u0119kniejszej dzielnicy Pragi - Dejvice) lub przez autor\u00f3w, kt\u00f3rzy obecnie mieszkaj\u0105 w Pradze.<\/p>\n\n\n\n<h2 id=\"before-you-travel\" class=\"wp-block-heading\">Przed podr\u00f3\u017c\u0105.<\/h2>\n\n\n\n<p><a href=\"https:\/\/prague.org\/pl\/what-to-do-and-see\/\">Co mo\u017cna zobaczy\u0107 w Pradze? Co warto wiedzie\u0107 o Pradze? Co mo\u017cna tu robi\u0107?<\/a> Przyjecha\u0107 na tydzie\u0144 czy tylko na weekend? Wszystkie te <strong>pytania <\/strong>zostan\u0105 udzielone odpowiedzi. Odkryj interesuj\u0105ce fakty na temat Pragi, korzystaj\u0105c z naszych szczeg\u00f3\u0142owych przewodnik\u00f3w, aby jak najlepiej wykorzysta\u0107 czas sp\u0119dzony w Pradze. <strong>podr\u00f3\u017c <\/strong>i odpowiednio zaplanowa\u0107 przed wyjazdem. Mo\u017cemy r\u00f3wnie\u017c pom\u00f3c w zorganizowaniu bilet\u00f3w i rezerwacji hoteli. <\/p>\n\n\n\n<p>W Pradze ka\u017cdy znajdzie co\u015b dla siebie. Trzeba to tylko dobrze zaplanowa\u0107.<\/p>\n\n\n\n<h2 id=\"once-you-are-in-prague\" class=\"wp-block-heading\">Gdy ju\u017c znajdziesz si\u0119 w Pradze...<\/h2>\n\n\n\n<p>W\u0142a\u015bnie wyl\u0105dowa\u0142e\u015b lub wysiad\u0142e\u015b z samochodu... i co teraz? Gdzie si\u0119 uda\u0107 po <a href=\"https:\/\/prague.org\/pl\/najlepsze-sniadanie-w-pradze\/\">\u015bniadanie<\/a>? Co to jest <a href=\"https:\/\/prague.org\/pl\/gdzie-zjesc-restauracje-w-pradze\/\">najlepsza restauracja<\/a> na lunch? Jak u\u017cywa\u0107 <a href=\"https:\/\/prague.org\/pl\/transport-publiczny-w-pradze\/\">transport publiczny<\/a>? Czy powinienem skorzysta\u0107 z taks\u00f3wki? Mamy wiele informacji o Pradze nie tylko dla tych, kt\u00f3rzy planuj\u0105 podr\u00f3\u017c, ale tak\u017ce dla tych, kt\u00f3rzy ju\u017c tu s\u0105.<\/p>\n\n\n\n<h2 id=\"how-do-we-make-money\" class=\"wp-block-heading\">Jak zarabiamy pieni\u0105dze?<\/h2>\n\n\n\n<p>Otrzymujemy wynagrodzenie za niekt\u00f3re us\u0142ugi, do kt\u00f3rych linkujemy. Nasz model biznesowy opiera si\u0119 na tzw. marketingu afiliacyjnym. Nie jeste\u015bmy wynagradzani bezpo\u015brednio przez marki lub firmy. Zamiast tego wybieramy firmy, z kt\u00f3rymi wsp\u00f3\u0142pracujemy, polecamy ich us\u0142ugi i otrzymujemy prowizj\u0119, je\u015bli co\u015b kupisz (bilety lotnicze, zakwaterowanie, wycieczk\u0119 z przewodnikiem...). Nasze us\u0142ugi, artyku\u0142y, przewodniki i wszystkie inne informacje o Pradze s\u0105 i zawsze b\u0119d\u0105 bezp\u0142atne dla wszystkich odwiedzaj\u0105cych.<\/p>\n\n\n\n<h2 id=\"write-for-us\" class=\"wp-block-heading\">Napisz dla nas<\/h2>\n\n\n\n<p>Zawsze szukamy autor\u00f3w tre\u015bci, kt\u00f3rzy mog\u0105 napisa\u0107 interesuj\u0105ce fakty o Pradze. Zapraszamy do <a href=\"https:\/\/prague.org\/pl\/contact-us\/\">Skontaktuj si\u0119<\/a> ale pami\u0119taj, \u017ce szukamy tylko do\u015bwiadczonych autor\u00f3w tre\u015bci, kt\u00f3rzy mieszkaj\u0105 w Pradze lub mieszkaj\u0105 w Pradze od co najmniej kilku lat.<\/p>","protected":false},"excerpt":{"rendered":"Przez miejscowych. Celem naszej strony jest przedstawienie przewodnika turystycznego, kt\u00f3ry b\u0119dzie...","protected":false},"author":1,"featured_media":2312,"parent":0,"menu_order":0,"comment_status":"closed","ping_status":"closed","template":"","meta":{"footnotes":""},"_links":{"self":[{"href":"https:\/\/prague.org\/pl\/wp-json\/wp\/v2\/pages\/3603"}],"collection":[{"href":"https:\/\/prague.org\/pl\/wp-json\/wp\/v2\/pages"}],"about":[{"href":"https:\/\/prague.org\/pl\/wp-json\/wp\/v2\/types\/page"}],"author":[{"embeddable":true,"href":"https:\/\/prague.org\/pl\/wp-json\/wp\/v2\/users\/1"}],"replies":[{"embeddable":true,"href":"https:\/\/prague.org\/pl\/wp-json\/wp\/v2\/comments?post=3603"}],"version-history":[{"count":10,"href":"https:\/\/prague.org\/pl\/wp-json\/wp\/v2\/pages\/3603\/revisions"}],"predecessor-version":[{"id":8856,"href":"https:\/\/prague.org\/pl\/wp-json\/wp\/v2\/pages\/3603\/revisions\/8856"}],"wp:featuredmedia":[{"embeddable":true,"href":"https:\/\/prague.org\/pl\/wp-json\/wp\/v2\/media\/2312"}],"wp:attachment":[{"href":"https:\/\/prague.org\/pl\/wp-json\/wp\/v2\/media?parent=3603"}],"curies":[{"name":"wp","href":"https:\/\/api.w.org\/{rel}","templated":true}]}}