{"id":7926,"date":"2023-01-18T18:38:53","date_gmt":"2023-01-18T16:38:53","guid":{"rendered":"https:\/\/prague.org\/enquiry-thank-you-page\/"},"modified":"2023-01-18T18:38:53","modified_gmt":"2023-01-18T16:38:53","slug":"enquiry-thank-you-page","status":"publish","type":"page","link":"https:\/\/prague.org\/pl\/zapytanie-podziekowanie-strona\/","title":{"rendered":"Strona z podzi\u0119kowaniem za zapytanie"},"content":{"rendered":"<p>Dzi\u0119kujemy za zapytanie. Wkr\u00f3tce skontaktujemy si\u0119 z Pa\u0144stwem.<\/p>","protected":false},"excerpt":{"rendered":"Dzi\u0119kujemy za zapytanie. Wkr\u00f3tce skontaktujemy si\u0119 z Pa\u0144stwem.","protected":false},"author":2,"featured_media":0,"parent":0,"menu_order":0,"comment_status":"closed","ping_status":"closed","template":"","meta":{"footnotes":""},"_links":{"self":[{"href":"https:\/\/prague.org\/pl\/wp-json\/wp\/v2\/pages\/7926"}],"collection":[{"href":"https:\/\/prague.org\/pl\/wp-json\/wp\/v2\/pages"}],"about":[{"href":"https:\/\/prague.org\/pl\/wp-json\/wp\/v2\/types\/page"}],"author":[{"embeddable":true,"href":"https:\/\/prague.org\/pl\/wp-json\/wp\/v2\/users\/2"}],"replies":[{"embeddable":true,"href":"https:\/\/prague.org\/pl\/wp-json\/wp\/v2\/comments?post=7926"}],"version-history":[{"count":0,"href":"https:\/\/prague.org\/pl\/wp-json\/wp\/v2\/pages\/7926\/revisions"}],"wp:attachment":[{"href":"https:\/\/prague.org\/pl\/wp-json\/wp\/v2\/media?parent=7926"}],"curies":[{"name":"wp","href":"https:\/\/api.w.org\/{rel}","templated":true}]}}