{"id":9456,"date":"2023-04-28T12:23:06","date_gmt":"2023-04-28T10:23:06","guid":{"rendered":"https:\/\/prague.org\/?page_id=9456"},"modified":"2023-07-14T16:49:51","modified_gmt":"2023-07-14T14:49:51","slug":"prague-metro-map","status":"publish","type":"page","link":"https:\/\/prague.org\/pl\/praga-metro-mapa-2\/","title":{"rendered":"Mapa metra w Pradze"},"content":{"rendered":"<div class=\"wp-block-cover is-light is-cnvs-vert-align-middle cnvs-block-core-cover-1669195481064\" style=\"padding-top:12px;padding-right:12px;padding-bottom:12px;padding-left:12px;min-height:400px\"><span aria-hidden=\"true\" class=\"wp-block-cover__background has-black-background-color has-background-dim\"><\/span><img decoding=\"async\" width=\"2560\" height=\"1440\" class=\"wp-block-cover__image-background wp-image-9239\" alt=\"Praga wiosn\u0105\" src=\"https:\/\/prague.org\/wp-content\/uploads\/2023\/03\/pexels-pierre-blache-2598484-1-scaled.jpg\" data-object-fit=\"cover\" srcset=\"https:\/\/prague.org\/wp-content\/uploads\/2023\/03\/pexels-pierre-blache-2598484-1-scaled.jpg 2560w, https:\/\/prague.org\/wp-content\/uploads\/2023\/03\/pexels-pierre-blache-2598484-1-scaled-600x338.jpg 600w, https:\/\/prague.org\/wp-content\/uploads\/2023\/03\/pexels-pierre-blache-2598484-1-300x169.jpg 300w, https:\/\/prague.org\/wp-content\/uploads\/2023\/03\/pexels-pierre-blache-2598484-1-1024x576.jpg 1024w, https:\/\/prague.org\/wp-content\/uploads\/2023\/03\/pexels-pierre-blache-2598484-1-768x432.jpg 768w, https:\/\/prague.org\/wp-content\/uploads\/2023\/03\/pexels-pierre-blache-2598484-1-1536x864.jpg 1536w, https:\/\/prague.org\/wp-content\/uploads\/2023\/03\/pexels-pierre-blache-2598484-1-2048x1152.jpg 2048w, https:\/\/prague.org\/wp-content\/uploads\/2023\/03\/pexels-pierre-blache-2598484-1-18x10.jpg 18w, https:\/\/prague.org\/wp-content\/uploads\/2023\/03\/pexels-pierre-blache-2598484-1-380x214.jpg 380w, https:\/\/prague.org\/wp-content\/uploads\/2023\/03\/pexels-pierre-blache-2598484-1-800x450.jpg 800w, https:\/\/prague.org\/wp-content\/uploads\/2023\/03\/pexels-pierre-blache-2598484-1-1160x653.jpg 1160w\" sizes=\"(max-width: 2560px) 100vw, 2560px\" \/><div class=\"wp-block-cover__inner-container is-layout-flow wp-block-cover-is-layout-flow\">\n<h1 id=\"navigate-the-city-easily-with-the-prague-metro-map\" class=\"has-text-align-center has-white-color has-text-color cnvs-block-core-heading-1669195481046 wp-block-heading\" style=\"padding-right:0rem;padding-left:0rem\">\u0141atwe poruszanie si\u0119 po mie\u015bcie z map\u0105 metra w Pradze<\/h1>\n\n\n<div class=\"wp-block-image\">\n<figure class=\"aligncenter size-full\"><img decoding=\"async\" width=\"210\" height=\"26\" src=\"https:\/\/prague.org\/wp-content\/uploads\/2023\/04\/stars.png\" alt=\"\" class=\"wp-image-9463\" srcset=\"https:\/\/prague.org\/wp-content\/uploads\/2023\/04\/stars.png 210w, https:\/\/prague.org\/wp-content\/uploads\/2023\/04\/stars-18x2.png 18w, https:\/\/prague.org\/wp-content\/uploads\/2023\/04\/stars-200x26.png 200w\" sizes=\"(max-width: 210px) 100vw, 210px\" \/><\/figure><\/div>\n\n<\/div><\/div>\n\n\n\n<div class=\"wp-block-columns is-layout-flex wp-container-15 wp-block-columns-is-layout-flex\">\n<div class=\"wp-block-column is-layout-flow wp-block-column-is-layout-flow\">\n<p>The <strong><a href=\"https:\/\/prague.org\/pl\/praga-metro-mapa\/\" data-type=\"URL\" data-id=\"https:\/\/prague.org\/the-prague-metro-map\/\">Mapa metra w Pradze<\/a><\/strong> zapewnia dog\u0142\u0119bne spojrzenie na system transportu publicznego w mie\u015bcie, kt\u00f3ry jest niezb\u0119dny dla ka\u017cdego odwiedzaj\u0105cego. Korzystanie z <strong>Mapa metra w Pradze w pdf<\/strong> pomaga szybko zaplanowa\u0107 podr\u00f3\u017ce metrem w stolicy Czech, Pradze.&nbsp;<\/p>\n\n\n\n<p><a href=\"https:\/\/prague.org\/pl\/10-top-prague-tourist-attractions-with-maps\/\" data-type=\"URL\" data-id=\"https:\/\/prague.org\/10-top-prague-tourist-attractions-with-maps\/\">Najwi\u0119ksze atrakcje Pragi<\/a> Most Karola, Zamek Praski, Rynek Staromiejski i zegar astronomiczny.<\/p>\n\n\n\n<h2 id=\"but-what-exactly-is-this-prague-metro-though\" class=\"cnvs-block-section-heading cnvs-block-section-heading-1682674068326 halignleft\" >\n\t<span class=\"cnvs-section-title\">\n\t\t<span><strong>Ale czym w\u0142a\u015bciwie jest to praskie metro?<\/strong><\/span>\n\t<\/span>\n<\/h2>\n\n\n\n<p>Metro jest g\u0142\u00f3wnym \u015brodkiem transportu w mie\u015bcie. <a href=\"https:\/\/prague.org\/pl\/transport-publiczny-w-pradze\/\">transport publiczny w Pradze<\/a>. Obecnie<strong> Mapa systemu metra w Pradze<\/strong> sk\u0142ada si\u0119 z 3 linii - Trasa A (linia zielona), Trasa B (linia \u017c\u00f3\u0142ta) i Trasa C (linia czerwona).&nbsp;<\/p>\n\n\n\n<p>65 kilometr\u00f3w tor\u00f3w obs\u0142uguje 61 stacji, z kt\u00f3rych trzy (Muzeum, Mstek i <strong>Metro Florenc w Pradze<\/strong>) s\u0142u\u017c\u0105 jako w\u0119z\u0142y przesiadkowe. W 2022 r. rozpocz\u0119to r\u00f3wnie\u017c prace nad tras\u0105 metra D (niebieska linia).<\/p>\n<\/div>\n\n\n\n<div class=\"wp-block-column is-layout-flow wp-block-column-is-layout-flow\">\n<figure class=\"wp-block-image alignwide size-large\"><img decoding=\"async\" width=\"1024\" height=\"788\" src=\"https:\/\/prague.org\/wp-content\/uploads\/2023\/04\/PRAGUE-MAP-1024x788.webp\" alt=\"\" class=\"wp-image-9471\" srcset=\"https:\/\/prague.org\/wp-content\/uploads\/2023\/04\/PRAGUE-MAP-1024x788.webp 1024w, https:\/\/prague.org\/wp-content\/uploads\/2023\/04\/PRAGUE-MAP-600x462.webp 600w, https:\/\/prague.org\/wp-content\/uploads\/2023\/04\/PRAGUE-MAP-300x231.webp 300w, https:\/\/prague.org\/wp-content\/uploads\/2023\/04\/PRAGUE-MAP-768x591.webp 768w, https:\/\/prague.org\/wp-content\/uploads\/2023\/04\/PRAGUE-MAP-1536x1182.webp 1536w, https:\/\/prague.org\/wp-content\/uploads\/2023\/04\/PRAGUE-MAP-16x12.webp 16w, https:\/\/prague.org\/wp-content\/uploads\/2023\/04\/PRAGUE-MAP-380x292.webp 380w, https:\/\/prague.org\/wp-content\/uploads\/2023\/04\/PRAGUE-MAP-800x616.webp 800w, https:\/\/prague.org\/wp-content\/uploads\/2023\/04\/PRAGUE-MAP-1160x892.webp 1160w, https:\/\/prague.org\/wp-content\/uploads\/2023\/04\/PRAGUE-MAP.webp 1600w\" sizes=\"(max-width: 1024px) 100vw, 1024px\" \/><\/figure>\n\n\n\n<div class=\"wp-block-buttons is-content-justification-center is-layout-flex wp-container-13 wp-block-buttons-is-layout-flex\">\n<div class=\"wp-block-button\"><a class=\"wp-block-button__link wp-element-button\" href=\"#map\">POBIERZ MAP\u0118<\/a><\/div>\n<\/div>\n<\/div>\n<\/div>\n\n\n\n<h2 id=\"the-prague-metro\" class=\"wp-block-heading\">Metro w Pradze<\/h2>\n\n\n\n<p>Metro w Pradze to system szybkiego transportu obs\u0142uguj\u0105cy Prag\u0119, stolic\u0119 Republiki Czeskiej. Jest to drugi najstarszy system metra w Europie \u015arodkowej, po metrze w Budapeszcie.<\/p>\n\n\n\n<p>Metro w Pradze to wygodny spos\u00f3b poruszania si\u0119 po mie\u015bcie. Jest szybkie, wydajne i niedrogie. Metro kursuje od 5:00 do 1:00, a bilety mo\u017cna kupi\u0107 na ka\u017cdej stacji metra.<\/p>\n\n\n\n<h2 id=\"using-the-prague-metro\" class=\"wp-block-heading\"><strong>Korzystanie z praskiego metra<\/strong><\/h2>\n\n\n\n<p>Aby korzysta\u0107 z praskiego metra, nale\u017cy kupi\u0107 bilet. Bilety mo\u017cna kupi\u0107 na ka\u017cdej stacji metra, a tak\u017ce w niekt\u00f3rych kioskach i sklepach tytoniowych.<\/p>\n\n\n\n<p>Dost\u0119pne s\u0105 r\u00f3\u017cne rodzaje bilet\u00f3w, w zale\u017cno\u015bci od tego, jak d\u0142ugo chcesz korzysta\u0107 z metra. Bilety jednorazowe s\u0105 wa\u017cne na jedn\u0105 podr\u00f3\u017c, a bilety dzienne s\u0105 wa\u017cne przez 24 godziny.<\/p>\n\n\n\n<p>Po uzyskaniu biletu nale\u017cy skasowa\u0107 go w \u017c\u00f3\u0142tych automatach przy wej\u015bciu do stacji metra.<\/p>\n\n\n\n<p>Aby wsi\u0105\u015b\u0107 do poci\u0105gu metra, nale\u017cy poczeka\u0107 na jego przyjazd, a nast\u0119pnie przy\u0142o\u017cy\u0107 bilet do \u017c\u00f3\u0142tego czytnika na peronie.<\/p>\n\n\n\n<h3 id=\"tips-for-using-the-prague-metro\" class=\"wp-block-heading\"><strong>Wskaz\u00f3wki dotycz\u0105ce korzystania z praskiego metra<\/strong><\/h3>\n\n\n\n<ul>\n<li>B\u0105d\u017a \u015bwiadomy swojego otoczenia i trzymaj swoje rzeczy blisko siebie.<\/li>\n\n\n\n<li>Nie nale\u017cy robi\u0107 zdj\u0119\u0107 ani nagrywa\u0107 film\u00f3w z poci\u0105g\u00f3w lub stacji metra bez pozwolenia.<\/li>\n\n\n\n<li>Nie wolno pali\u0107 na stacjach metra ani w poci\u0105gach.<\/li>\n\n\n\n<li>Szanuj innych pasa\u017cer\u00f3w.<\/li>\n<\/ul>\n\n\n\n<h2 id=\"metro-stations-in-prague\" class=\"wp-block-heading\">Stacje metra w Pradze<\/h2>\n\n\n\n<p>Na trzech skrzy\u017cowaniach trzech linii metra w mie\u015bcie mo\u017cna znale\u017a\u0107 nast\u0119puj\u0105ce przesiadki <strong>stacje metra w Pradze<\/strong>:<\/p>\n\n\n\n<p>Te<strong> Stacje metra w Pradze <\/strong>\u0142\u0105cz\u0105 r\u00f3\u017cne linie. Przej\u015bcie ka\u017cdej z dobrze oznaczonych tras transferowych zajmuje od trzech do pi\u0119ciu minut. W\u015br\u00f3d nich s\u0105:<\/p>\n\n\n\n<div class=\"wp-block-columns is-layout-flex wp-container-19 wp-block-columns-is-layout-flex\">\n<div class=\"wp-block-column is-layout-flow wp-block-column-is-layout-flow\" style=\"padding-top:0;padding-right:0;padding-bottom:0;padding-left:0\">\n<figure class=\"wp-block-image size-full\"><img decoding=\"async\" width=\"800\" height=\"600\" src=\"https:\/\/prague.org\/wp-content\/uploads\/2023\/04\/mustek.jpg\" alt=\"\" class=\"wp-image-9478\" srcset=\"https:\/\/prague.org\/wp-content\/uploads\/2023\/04\/mustek.jpg 800w, https:\/\/prague.org\/wp-content\/uploads\/2023\/04\/mustek-600x450.jpg 600w, https:\/\/prague.org\/wp-content\/uploads\/2023\/04\/mustek-300x225.jpg 300w, https:\/\/prague.org\/wp-content\/uploads\/2023\/04\/mustek-768x576.jpg 768w, https:\/\/prague.org\/wp-content\/uploads\/2023\/04\/mustek-16x12.jpg 16w, https:\/\/prague.org\/wp-content\/uploads\/2023\/04\/mustek-200x150.jpg 200w, https:\/\/prague.org\/wp-content\/uploads\/2023\/04\/mustek-260x195.jpg 260w, https:\/\/prague.org\/wp-content\/uploads\/2023\/04\/mustek-380x285.jpg 380w\" sizes=\"(max-width: 800px) 100vw, 800px\" \/><\/figure>\n\n\n\n<h3 id=\"mustek\" class=\"wp-block-heading\">M\u016fstek<\/h3>\n\n\n\n<p>Mo\u017cna j\u0105 znale\u017a\u0107 w pobli\u017cu ko\u0144ca s\u0142ynnego Placu Wac\u0142awa. Stacja ta s\u0142u\u017cy jako po\u0142\u0105czenie mi\u0119dzy liniami A i B.<\/p>\n<\/div>\n\n\n\n<div class=\"wp-block-column is-layout-flow wp-block-column-is-layout-flow\">\n<figure class=\"wp-block-image size-full\"><img decoding=\"async\" width=\"800\" height=\"600\" src=\"https:\/\/prague.org\/wp-content\/uploads\/2023\/04\/muzeum.jpg\" alt=\"\" class=\"wp-image-9477\" srcset=\"https:\/\/prague.org\/wp-content\/uploads\/2023\/04\/muzeum.jpg 800w, https:\/\/prague.org\/wp-content\/uploads\/2023\/04\/muzeum-600x450.jpg 600w, https:\/\/prague.org\/wp-content\/uploads\/2023\/04\/muzeum-300x225.jpg 300w, https:\/\/prague.org\/wp-content\/uploads\/2023\/04\/muzeum-768x576.jpg 768w, https:\/\/prague.org\/wp-content\/uploads\/2023\/04\/muzeum-16x12.jpg 16w, https:\/\/prague.org\/wp-content\/uploads\/2023\/04\/muzeum-200x150.jpg 200w, https:\/\/prague.org\/wp-content\/uploads\/2023\/04\/muzeum-260x195.jpg 260w, https:\/\/prague.org\/wp-content\/uploads\/2023\/04\/muzeum-380x285.jpg 380w\" sizes=\"(max-width: 800px) 100vw, 800px\" \/><\/figure>\n\n\n\n<h3 id=\"muzeum\" class=\"wp-block-heading\">Muzeum<\/h3>\n\n\n\n<p>Na jego p\u00f3\u0142nocnym kra\u0144cu znajduje si\u0119 stacja przesiadkowa Wenceslas Square, gdzie spotykaj\u0105 si\u0119 linie A i C<\/p>\n<\/div>\n\n\n\n<div class=\"wp-block-column is-layout-flow wp-block-column-is-layout-flow\">\n<figure class=\"wp-block-image size-full\"><img decoding=\"async\" width=\"800\" height=\"600\" src=\"https:\/\/prague.org\/wp-content\/uploads\/2023\/04\/florenc.jpg\" alt=\"\" class=\"wp-image-9476\" srcset=\"https:\/\/prague.org\/wp-content\/uploads\/2023\/04\/florenc.jpg 800w, https:\/\/prague.org\/wp-content\/uploads\/2023\/04\/florenc-600x450.jpg 600w, https:\/\/prague.org\/wp-content\/uploads\/2023\/04\/florenc-300x225.jpg 300w, https:\/\/prague.org\/wp-content\/uploads\/2023\/04\/florenc-768x576.jpg 768w, https:\/\/prague.org\/wp-content\/uploads\/2023\/04\/florenc-16x12.jpg 16w, https:\/\/prague.org\/wp-content\/uploads\/2023\/04\/florenc-200x150.jpg 200w, https:\/\/prague.org\/wp-content\/uploads\/2023\/04\/florenc-260x195.jpg 260w, https:\/\/prague.org\/wp-content\/uploads\/2023\/04\/florenc-380x285.jpg 380w\" sizes=\"(max-width: 800px) 100vw, 800px\" \/><\/figure>\n\n\n\n<h3 id=\"florenc\" class=\"wp-block-heading\">Florenc<\/h3>\n\n\n\n<p><strong>Metro Florenc w Pradze<\/strong> to g\u0142\u00f3wny zacisk magistrali, gdzie linia B \u0142\u0105czy si\u0119 z lini\u0105 C&nbsp;<\/p>\n<\/div>\n<\/div>\n\n\n\n<div class=\"wp-block-cover is-cnvs-vert-align-middle cnvs-block-core-cover-1682676693745\" style=\"padding-top:12px;padding-right:12px;padding-bottom:12px;padding-left:12px;min-height:400px\" id=\"map\"><span aria-hidden=\"true\" class=\"wp-block-cover__background has-black-background-color has-background-dim\"><\/span><img decoding=\"async\" width=\"2560\" height=\"1707\" class=\"wp-block-cover__image-background wp-image-7217\" alt=\"Ulice Pragi\" src=\"https:\/\/prague.org\/wp-content\/uploads\/2022\/12\/StockSnap_VPYPAS4FVT-1-scaled.jpg\" data-object-fit=\"cover\" srcset=\"https:\/\/prague.org\/wp-content\/uploads\/2022\/12\/StockSnap_VPYPAS4FVT-1-scaled.jpg 2560w, https:\/\/prague.org\/wp-content\/uploads\/2022\/12\/StockSnap_VPYPAS4FVT-1-scaled-600x400.jpg 600w, https:\/\/prague.org\/wp-content\/uploads\/2022\/12\/StockSnap_VPYPAS4FVT-1-300x200.jpg 300w, https:\/\/prague.org\/wp-content\/uploads\/2022\/12\/StockSnap_VPYPAS4FVT-1-1024x683.jpg 1024w, https:\/\/prague.org\/wp-content\/uploads\/2022\/12\/StockSnap_VPYPAS4FVT-1-768x512.jpg 768w, https:\/\/prague.org\/wp-content\/uploads\/2022\/12\/StockSnap_VPYPAS4FVT-1-1536x1024.jpg 1536w, https:\/\/prague.org\/wp-content\/uploads\/2022\/12\/StockSnap_VPYPAS4FVT-1-2048x1365.jpg 2048w, https:\/\/prague.org\/wp-content\/uploads\/2022\/12\/StockSnap_VPYPAS4FVT-1-380x253.jpg 380w, https:\/\/prague.org\/wp-content\/uploads\/2022\/12\/StockSnap_VPYPAS4FVT-1-800x533.jpg 800w, https:\/\/prague.org\/wp-content\/uploads\/2022\/12\/StockSnap_VPYPAS4FVT-1-1160x773.jpg 1160w\" sizes=\"(max-width: 2560px) 100vw, 2560px\" \/><div class=\"wp-block-cover__inner-container is-layout-flow wp-block-cover-is-layout-flow\">\n<h2 id=\"download-a-prague-metro-map\" class=\"has-text-align-center has-white-color has-text-color cnvs-block-core-heading-1682676693729 wp-block-heading\" style=\"padding-right:0rem;padding-left:0rem\">Pobierz map\u0119 metra w Pradze<\/h2>\n\n\n\n<p class=\"has-text-align-center\">Je\u015bli nie chcesz przegapi\u0107 \u017cadnej z najwa\u017cniejszych atrakcji miasta, mo\u017cesz skorzysta\u0107 z oferty <strong>Mapa metra w Pradze<\/strong> w wersji pdf to najwygodniejszy spos\u00f3b na posiadanie szczeg\u00f3\u0142owego przewodnika po transporcie publicznym.<br>Nie tylko historyczna dzielnica Pragi jest dogodnie po\u0142o\u017cona w pobli\u017cu wi\u0119kszo\u015bci przystank\u00f3w metra, ale tak\u017ce rezerwacja bilet\u00f3w na metro jest bardzo prosta. Mo\u017cna \u015bmia\u0142o powiedzie\u0107, \u017ce metro to najlepszy wyb\u00f3r, je\u015bli chcesz szybko dosta\u0107 si\u0119 do wi\u0119kszo\u015bci miejsc turystycznych.<\/p>\n\n\n\n<div class=\"wp-block-buttons is-layout-flex wp-block-buttons-is-layout-flex\">\n<div class=\"wp-block-button aligncenter\"><a class=\"wp-block-button__link wp-element-button\" href=\"https:\/\/prague.org\/wp-content\/uploads\/2023\/04\/PRAGUE_MAP_.pdf\" target=\"_blank\" rel=\"noreferrer noopener\">POBIERZ MAP\u0118<\/a><\/div>\n<\/div>\n<\/div><\/div>","protected":false},"excerpt":{"rendered":"Mapa metra w Pradze zapewnia dog\u0142\u0119bne spojrzenie na system transportu publicznego w mie\u015bcie, kt\u00f3ry jest niezb\u0119dny dla...","protected":false},"author":9,"featured_media":9528,"parent":0,"menu_order":0,"comment_status":"closed","ping_status":"closed","template":"","meta":{"footnotes":""},"_links":{"self":[{"href":"https:\/\/prague.org\/pl\/wp-json\/wp\/v2\/pages\/9456"}],"collection":[{"href":"https:\/\/prague.org\/pl\/wp-json\/wp\/v2\/pages"}],"about":[{"href":"https:\/\/prague.org\/pl\/wp-json\/wp\/v2\/types\/page"}],"author":[{"embeddable":true,"href":"https:\/\/prague.org\/pl\/wp-json\/wp\/v2\/users\/9"}],"replies":[{"embeddable":true,"href":"https:\/\/prague.org\/pl\/wp-json\/wp\/v2\/comments?post=9456"}],"version-history":[{"count":42,"href":"https:\/\/prague.org\/pl\/wp-json\/wp\/v2\/pages\/9456\/revisions"}],"predecessor-version":[{"id":10177,"href":"https:\/\/prague.org\/pl\/wp-json\/wp\/v2\/pages\/9456\/revisions\/10177"}],"wp:featuredmedia":[{"embeddable":true,"href":"https:\/\/prague.org\/pl\/wp-json\/wp\/v2\/media\/9528"}],"wp:attachment":[{"href":"https:\/\/prague.org\/pl\/wp-json\/wp\/v2\/media?parent=9456"}],"curies":[{"name":"wp","href":"https:\/\/api.w.org\/{rel}","templated":true}]}}