{"id":3,"date":"2022-05-12T10:36:03","date_gmt":"2022-05-12T08:36:03","guid":{"rendered":"https:\/\/prague.org\/?page_id=3"},"modified":"2023-02-23T09:23:42","modified_gmt":"2023-02-23T07:23:42","slug":"privacy-policy","status":"publish","type":"page","link":"https:\/\/prague.org\/pt\/politica-de-privacidade\/","title":{"rendered":"Pol\u00edtica de privacidade"},"content":{"rendered":"<p><strong>Pol\u00edtica de privacidade - Ingl\u00eas<\/strong><\/p>\n\n\n\n<p>\u00daltima atualiza\u00e7\u00e3o: 17 de junho de 2022<\/p>\n\n\n\n<h2 id=\"who-we-are\" class=\"wp-block-heading\">Quem somos<\/h2>\n\n\n\n<p>O endere\u00e7o do nosso s\u00edtio Web \u00e9:<a href=\"https:\/\/prague.org\/pt\/\"> <strong>https:\/\/prague.org\/<\/strong><\/a><\/p>\n\n\n\n<h2 id=\"use-of-cookies\" class=\"wp-block-heading\">Utiliza\u00e7\u00e3o de cookies<\/h2>\n\n\n\n<p>O s\u00edtio Web Prague.org utiliza cookies para recolher diferentes tipos de dados. Por exemplo, armazenamos informa\u00e7\u00f5es sobre o n\u00famero de visitas mensais e o percurso dos visitantes que visualizam as diferentes p\u00e1ginas que viram. Os dados s\u00e3o armazenados num formato que n\u00e3o permite a identifica\u00e7\u00e3o dos utilizadores. Os dados recolhidos s\u00e3o utilizados para compreender melhor as informa\u00e7\u00f5es que os utilizadores procuram no nosso s\u00edtio Web. Permite-nos tamb\u00e9m identificar potenciais problemas de navega\u00e7\u00e3o.<\/p>\n\n\n\n<p>O Prague.org protege a informa\u00e7\u00e3o pessoal fornecida pelos utilizadores. Esta informa\u00e7\u00e3o pessoal \u00e9 armazenada nos nossos servidores num ambiente protegido e controlado.<\/p>\n\n\n\n<h2 id=\"embedded-content-from-other-websites\" class=\"wp-block-heading\">Conte\u00fado incorporado de outros s\u00edtios Web<\/h2>\n\n\n\n<p>Os artigos deste s\u00edtio podem incluir <strong>conte\u00fado incorporado<\/strong> (por exemplo, v\u00eddeos, imagens, artigos, etc.). O conte\u00fado incorporado de outros s\u00edtios Web comporta-se exatamente da mesma forma como se o visitante tivesse visitado o outro s\u00edtio Web.<\/p>\n\n\n\n<p>Estes s\u00edtios Web podem recolher <strong>dados <\/strong>sobre si, utilizar cookies, incorporar rastreio adicional de terceiros e monitorizar a sua intera\u00e7\u00e3o com esse conte\u00fado incorporado, incluindo o rastreio da sua intera\u00e7\u00e3o com o conte\u00fado incorporado se tiver uma conta e estiver ligado a esse s\u00edtio Web.<\/p>\n\n\n\n<h2 id=\"advertisers-allowed\" class=\"wp-block-heading\">Anunciantes autorizados :<\/h2>\n\n\n\n<p><br>2 Captify Technologies Limited<br>11 Quantcast International Limited<br>12 BeeswaxIO Corporation<br>16 RTB House S.A.<br>21 O balc\u00e3o de transac\u00e7\u00f5es<br>23 Amobee Inc.<br>25 Yahoo EMEA Limited<br>39 ADITION technologies GmbH<br>40 Active Agent (ADITION technologies GmbH)<br>50 Adform<br>68 Sizmek na Amazon<br>71 Servi\u00e7os de publicidade do Roku<br>73 Simplifi Holdings Inc<br>76 PubMatic, Inc.<br>79 MediaMath, Inc.<br>87 Betgenius Ltd<br>91 Criteo SA<br>128 BIDSWITCH GmbH<br>129 IPONWEB GmbH<br>142 Media.net Advertising FZ-LLC<br>151 Admedo Technology Ltd<br>156 Centro, Inc.<br>161 Smadex SL<br>238 StackAdapt<br>253 Melhorar o digital<br>254 LiquidM Technology GmbH<br>264 Adobe Advertising Cloud<br>284 Weborama<br>316 Gamned<br>382 The Reach Group GmbH<br>423 travel audience GmbH<br>469 Zeta Global<br>565 Adobe Audience Manager, Adobe Experience Platform<br>655 Sportradar AG<br>755 Produtos de publicidade do Google<br>776 Grupo Mars Media<br>793 Publicidade na Amazon<br>922 Amnet GmbH<br>990 QuantumCast digital GmbH<br>32 Xandr<br>45 Smart Adserver<br>52 Magnite, Inc.<br>102 Magnite, Inc. (Outstream)<br>81 PulsePoint<br>10 Index Exchange, Inc.<br>114 Sublime<br>164 Outbrain UK Ltd<br>42 Taboola Europe Limited<br>13 Sovrn Holdings Inc<br>183 EMX Digital LLC<br>165 SpotX, Inc<br>259 ADYOULIKE SA<br>132 Teads<br>72 Nano Interactive GmbH<br>724 Entre Troca<br>62 Justpremium BV<br>69 OpenX<br>639 Grupo Smile Wanted<br>241 OneTag Limited<br>108 Tecnologias para audi\u00eancias ricas SL<br>28 TripleLift, Inc.<br>617 Onfocus (Adagio)<br>511 Admixer EU GmbH<br>816 NoBid, Inc.<br>138 ConnectAd Realtime GmbH<br>606 Impactify<br>436 GRUPO INVIBES<br>80 Sharethrough, Inc<br>924 Viewdeos 2015 LTD<br>799 Adpone SL<br>90 Teroa S.A.<br>410 Adtelligent Inc.<br>780 Aniview LTD<br>666 BeOp<br>24 Epsilon<br>781 FeedAd GmbH<br>737 Monet Engine Inc<br>210 Zemanta, Inc.<br>610 Azerion Holding B.V.<br>31 Ogury Ltd.<br>157 Seedtag Advertising S.L<br>61 GumGum, Inc.<br>434 DynAdmic<br>484 SublimeSkinz - Adledge<br>301 ZEOTAP<br>380 Vidoomy Media SL<\/p>","protected":false},"excerpt":{"rendered":"Pol\u00edtica de Privacidade - Ingl\u00eas \u00daltima atualiza\u00e7\u00e3o: June 17, 2022 Quem somos O endere\u00e7o do nosso s\u00edtio Web \u00e9: https:\/\/prague.org\/ Utilizar...","protected":false},"author":1,"featured_media":0,"parent":0,"menu_order":0,"comment_status":"closed","ping_status":"closed","template":"","meta":{"footnotes":""},"_links":{"self":[{"href":"https:\/\/prague.org\/pt\/wp-json\/wp\/v2\/pages\/3"}],"collection":[{"href":"https:\/\/prague.org\/pt\/wp-json\/wp\/v2\/pages"}],"about":[{"href":"https:\/\/prague.org\/pt\/wp-json\/wp\/v2\/types\/page"}],"author":[{"embeddable":true,"href":"https:\/\/prague.org\/pt\/wp-json\/wp\/v2\/users\/1"}],"replies":[{"embeddable":true,"href":"https:\/\/prague.org\/pt\/wp-json\/wp\/v2\/comments?post=3"}],"version-history":[{"count":11,"href":"https:\/\/prague.org\/pt\/wp-json\/wp\/v2\/pages\/3\/revisions"}],"predecessor-version":[{"id":8567,"href":"https:\/\/prague.org\/pt\/wp-json\/wp\/v2\/pages\/3\/revisions\/8567"}],"wp:attachment":[{"href":"https:\/\/prague.org\/pt\/wp-json\/wp\/v2\/media?parent=3"}],"curies":[{"name":"wp","href":"https:\/\/api.w.org\/{rel}","templated":true}]}}