{"id":9456,"date":"2023-04-28T12:23:06","date_gmt":"2023-04-28T10:23:06","guid":{"rendered":"https:\/\/prague.org\/?page_id=9456"},"modified":"2023-07-14T16:49:51","modified_gmt":"2023-07-14T14:49:51","slug":"prague-metro-map","status":"publish","type":"page","link":"https:\/\/prague.org\/pt\/praga-metro-mapa\/","title":{"rendered":"Mapa do metro de Praga"},"content":{"rendered":"<div class=\"wp-block-cover is-light is-cnvs-vert-align-middle cnvs-block-core-cover-1669195481064\" style=\"padding-top:12px;padding-right:12px;padding-bottom:12px;padding-left:12px;min-height:400px\"><span aria-hidden=\"true\" class=\"wp-block-cover__background has-black-background-color has-background-dim\"><\/span><img decoding=\"async\" width=\"2560\" height=\"1440\" class=\"wp-block-cover__image-background wp-image-9239\" alt=\"Praga na primavera\" src=\"https:\/\/prague.org\/wp-content\/uploads\/2023\/03\/pexels-pierre-blache-2598484-1-scaled.jpg\" data-object-fit=\"cover\" srcset=\"https:\/\/prague.org\/wp-content\/uploads\/2023\/03\/pexels-pierre-blache-2598484-1-scaled.jpg 2560w, https:\/\/prague.org\/wp-content\/uploads\/2023\/03\/pexels-pierre-blache-2598484-1-scaled-600x338.jpg 600w, https:\/\/prague.org\/wp-content\/uploads\/2023\/03\/pexels-pierre-blache-2598484-1-300x169.jpg 300w, https:\/\/prague.org\/wp-content\/uploads\/2023\/03\/pexels-pierre-blache-2598484-1-1024x576.jpg 1024w, https:\/\/prague.org\/wp-content\/uploads\/2023\/03\/pexels-pierre-blache-2598484-1-768x432.jpg 768w, https:\/\/prague.org\/wp-content\/uploads\/2023\/03\/pexels-pierre-blache-2598484-1-1536x864.jpg 1536w, https:\/\/prague.org\/wp-content\/uploads\/2023\/03\/pexels-pierre-blache-2598484-1-2048x1152.jpg 2048w, https:\/\/prague.org\/wp-content\/uploads\/2023\/03\/pexels-pierre-blache-2598484-1-18x10.jpg 18w, https:\/\/prague.org\/wp-content\/uploads\/2023\/03\/pexels-pierre-blache-2598484-1-380x214.jpg 380w, https:\/\/prague.org\/wp-content\/uploads\/2023\/03\/pexels-pierre-blache-2598484-1-800x450.jpg 800w, https:\/\/prague.org\/wp-content\/uploads\/2023\/03\/pexels-pierre-blache-2598484-1-1160x653.jpg 1160w\" sizes=\"(max-width: 2560px) 100vw, 2560px\" \/><div class=\"wp-block-cover__inner-container is-layout-flow wp-block-cover-is-layout-flow\">\n<h1 id=\"navigate-the-city-easily-with-the-prague-metro-map\" class=\"has-text-align-center has-white-color has-text-color cnvs-block-core-heading-1669195481046 wp-block-heading\" style=\"padding-right:0rem;padding-left:0rem\">Navegar facilmente na cidade com o mapa do metro de Praga<\/h1>\n\n\n<div class=\"wp-block-image\">\n<figure class=\"aligncenter size-full\"><img decoding=\"async\" width=\"210\" height=\"26\" src=\"https:\/\/prague.org\/wp-content\/uploads\/2023\/04\/stars.png\" alt=\"\" class=\"wp-image-9463\" srcset=\"https:\/\/prague.org\/wp-content\/uploads\/2023\/04\/stars.png 210w, https:\/\/prague.org\/wp-content\/uploads\/2023\/04\/stars-18x2.png 18w, https:\/\/prague.org\/wp-content\/uploads\/2023\/04\/stars-200x26.png 200w\" sizes=\"(max-width: 210px) 100vw, 210px\" \/><\/figure><\/div>\n\n<\/div><\/div>\n\n\n\n<div class=\"wp-block-columns is-layout-flex wp-container-15 wp-block-columns-is-layout-flex\">\n<div class=\"wp-block-column is-layout-flow wp-block-column-is-layout-flow\">\n<p>O <strong><a href=\"https:\/\/prague.org\/pt\/o-mapa-da-area-metropolitana-de-praga\/\" data-type=\"URL\" data-id=\"https:\/\/prague.org\/the-prague-metro-map\/\">Mapa do metro de Praga<\/a><\/strong> fornece uma vis\u00e3o aprofundada do sistema de transportes p\u00fablicos da cidade, que \u00e9 essencial para qualquer visitante. Utilizando o <strong>Mapa do metro de Praga em pdf<\/strong> ajuda-o a planear rapidamente as suas viagens de metro na capital checa, Praga.&nbsp;<\/p>\n\n\n\n<p><a href=\"https:\/\/prague.org\/pt\/10-top-praga-atraccoes-turisticas-com-mapas\/\" data-type=\"URL\" data-id=\"https:\/\/prague.org\/10-top-prague-tourist-attractions-with-maps\/\">As principais atrac\u00e7\u00f5es de Praga<\/a> incluem a Ponte Carlos, o Castelo de Praga, a Pra\u00e7a da Cidade Velha e o Rel\u00f3gio Astron\u00f3mico.<\/p>\n\n\n\n<h2 id=\"but-what-exactly-is-this-prague-metro-though\" class=\"cnvs-block-section-heading cnvs-block-section-heading-1682674068326 halignleft\" >\n\t<span class=\"cnvs-section-title\">\n\t\t<span><strong>Mas, afinal, o que \u00e9 exatamente este metro de Praga?<\/strong><\/span>\n\t<\/span>\n<\/h2>\n\n\n\n<p>O metro \u00e9 o principal meio de transporte da cidade. <a href=\"https:\/\/prague.org\/pt\/transportes-publicos-em-praga\/\">transportes p\u00fablicos em Praga<\/a>. Atualmente, o<strong> mapa do sistema de metro de Praga<\/strong> \u00e9 composto por 3 linhas - a linha A (linha verde), a linha B (linha amarela) e a linha C (linha vermelha).&nbsp;<\/p>\n\n\n\n<p>Os 65 quil\u00f3metros de via servem 61 esta\u00e7\u00f5es, tr\u00eas das quais (Muzeum, Mstek e <strong>Metro de Floren\u00e7a em Praga<\/strong>) servem de interc\u00e2mbios. Em 2022, come\u00e7aram tamb\u00e9m as obras do que viria a ser a linha D do Metro (a linha azul).<\/p>\n<\/div>\n\n\n\n<div class=\"wp-block-column is-layout-flow wp-block-column-is-layout-flow\">\n<figure class=\"wp-block-image alignwide size-large\"><img decoding=\"async\" width=\"1024\" height=\"788\" src=\"https:\/\/prague.org\/wp-content\/uploads\/2023\/04\/PRAGUE-MAP-1024x788.webp\" alt=\"\" class=\"wp-image-9471\" srcset=\"https:\/\/prague.org\/wp-content\/uploads\/2023\/04\/PRAGUE-MAP-1024x788.webp 1024w, https:\/\/prague.org\/wp-content\/uploads\/2023\/04\/PRAGUE-MAP-600x462.webp 600w, https:\/\/prague.org\/wp-content\/uploads\/2023\/04\/PRAGUE-MAP-300x231.webp 300w, https:\/\/prague.org\/wp-content\/uploads\/2023\/04\/PRAGUE-MAP-768x591.webp 768w, https:\/\/prague.org\/wp-content\/uploads\/2023\/04\/PRAGUE-MAP-1536x1182.webp 1536w, https:\/\/prague.org\/wp-content\/uploads\/2023\/04\/PRAGUE-MAP-16x12.webp 16w, https:\/\/prague.org\/wp-content\/uploads\/2023\/04\/PRAGUE-MAP-380x292.webp 380w, https:\/\/prague.org\/wp-content\/uploads\/2023\/04\/PRAGUE-MAP-800x616.webp 800w, https:\/\/prague.org\/wp-content\/uploads\/2023\/04\/PRAGUE-MAP-1160x892.webp 1160w, https:\/\/prague.org\/wp-content\/uploads\/2023\/04\/PRAGUE-MAP.webp 1600w\" sizes=\"(max-width: 1024px) 100vw, 1024px\" \/><\/figure>\n\n\n\n<div class=\"wp-block-buttons is-content-justification-center is-layout-flex wp-container-13 wp-block-buttons-is-layout-flex\">\n<div class=\"wp-block-button\"><a class=\"wp-block-button__link wp-element-button\" href=\"#map\">DESCARREGAR O MAPA<\/a><\/div>\n<\/div>\n<\/div>\n<\/div>\n\n\n\n<h2 id=\"the-prague-metro\" class=\"wp-block-heading\">O metro de Praga<\/h2>\n\n\n\n<p>O Metro de Praga \u00e9 um sistema de tr\u00e2nsito r\u00e1pido que serve Praga, a capital da Rep\u00fablica Checa. \u00c9 o segundo sistema de metro mais antigo da Europa Central, a seguir ao Metro de Budapeste.<\/p>\n\n\n\n<p>O Metro de Praga \u00e9 uma forma conveniente de se deslocar em Praga. \u00c9 r\u00e1pido, eficiente e econ\u00f3mico. O metro funciona das 5:00 \u00e0 1:00 da manh\u00e3 e os bilhetes podem ser comprados em qualquer esta\u00e7\u00e3o de metro.<\/p>\n\n\n\n<h2 id=\"using-the-prague-metro\" class=\"wp-block-heading\"><strong>Utilizar o metro de Praga<\/strong><\/h2>\n\n\n\n<p>Para utilizar o metro de Praga, \u00e9 necess\u00e1rio comprar um bilhete. Os bilhetes podem ser comprados em qualquer esta\u00e7\u00e3o de metro, bem como em algumas bancas de jornais e tabacarias.<\/p>\n\n\n\n<p>Existem diferentes tipos de bilhetes dispon\u00edveis, consoante a dura\u00e7\u00e3o da utiliza\u00e7\u00e3o do metro. Os bilhetes simples s\u00e3o v\u00e1lidos para uma viagem e os bilhetes di\u00e1rios s\u00e3o v\u00e1lidos por 24 horas.<\/p>\n\n\n\n<p>Quando tiver um bilhete, tem de o validar nas m\u00e1quinas amarelas \u00e0 entrada da esta\u00e7\u00e3o de metro.<\/p>\n\n\n\n<p>Para embarcar num comboio do metro, \u00e9 preciso esperar que o comboio chegue e, em seguida, carregar no seu bilhete no leitor amarelo que se encontra na plataforma.<\/p>\n\n\n\n<h3 id=\"tips-for-using-the-prague-metro\" class=\"wp-block-heading\"><strong>Dicas para utilizar o metro de Praga<\/strong><\/h3>\n\n\n\n<ul>\n<li>Esteja atento ao que o rodeia e mantenha os seus pertences perto de si.<\/li>\n\n\n\n<li>N\u00e3o tire fotografias ou fa\u00e7a v\u00eddeos dos comboios ou esta\u00e7\u00f5es de metro sem autoriza\u00e7\u00e3o.<\/li>\n\n\n\n<li>N\u00e3o fumar nas esta\u00e7\u00f5es de metro ou nos comboios.<\/li>\n\n\n\n<li>Respeitar os outros passageiros.<\/li>\n<\/ul>\n\n\n\n<h2 id=\"metro-stations-in-prague\" class=\"wp-block-heading\">Esta\u00e7\u00f5es de metro em Praga<\/h2>\n\n\n\n<p>Nos tr\u00eas cruzamentos das tr\u00eas linhas de metro da cidade, encontrar\u00e1 estas transfer\u00eancias <strong>esta\u00e7\u00f5es de metro em Praga<\/strong>:<\/p>\n\n\n\n<p>Estes<strong> Esta\u00e7\u00f5es de metro de Praga <\/strong>ligam diferentes linhas. S\u00e3o necess\u00e1rios apenas tr\u00eas a cinco minutos para percorrer cada uma das rotas de transfer\u00eancia bem indicadas. Entre elas est\u00e3o:<\/p>\n\n\n\n<div class=\"wp-block-columns is-layout-flex wp-container-19 wp-block-columns-is-layout-flex\">\n<div class=\"wp-block-column is-layout-flow wp-block-column-is-layout-flow\" style=\"padding-top:0;padding-right:0;padding-bottom:0;padding-left:0\">\n<figure class=\"wp-block-image size-full\"><img decoding=\"async\" width=\"800\" height=\"600\" src=\"https:\/\/prague.org\/wp-content\/uploads\/2023\/04\/mustek.jpg\" alt=\"\" class=\"wp-image-9478\" srcset=\"https:\/\/prague.org\/wp-content\/uploads\/2023\/04\/mustek.jpg 800w, https:\/\/prague.org\/wp-content\/uploads\/2023\/04\/mustek-600x450.jpg 600w, https:\/\/prague.org\/wp-content\/uploads\/2023\/04\/mustek-300x225.jpg 300w, https:\/\/prague.org\/wp-content\/uploads\/2023\/04\/mustek-768x576.jpg 768w, https:\/\/prague.org\/wp-content\/uploads\/2023\/04\/mustek-16x12.jpg 16w, https:\/\/prague.org\/wp-content\/uploads\/2023\/04\/mustek-200x150.jpg 200w, https:\/\/prague.org\/wp-content\/uploads\/2023\/04\/mustek-260x195.jpg 260w, https:\/\/prague.org\/wp-content\/uploads\/2023\/04\/mustek-380x285.jpg 380w\" sizes=\"(max-width: 800px) 100vw, 800px\" \/><\/figure>\n\n\n\n<h3 id=\"mustek\" class=\"wp-block-heading\">M\u016fstek<\/h3>\n\n\n\n<p>Esta esta\u00e7\u00e3o serve de liga\u00e7\u00e3o entre as linhas A e B.<\/p>\n<\/div>\n\n\n\n<div class=\"wp-block-column is-layout-flow wp-block-column-is-layout-flow\">\n<figure class=\"wp-block-image size-full\"><img decoding=\"async\" width=\"800\" height=\"600\" src=\"https:\/\/prague.org\/wp-content\/uploads\/2023\/04\/muzeum.jpg\" alt=\"\" class=\"wp-image-9477\" srcset=\"https:\/\/prague.org\/wp-content\/uploads\/2023\/04\/muzeum.jpg 800w, https:\/\/prague.org\/wp-content\/uploads\/2023\/04\/muzeum-600x450.jpg 600w, https:\/\/prague.org\/wp-content\/uploads\/2023\/04\/muzeum-300x225.jpg 300w, https:\/\/prague.org\/wp-content\/uploads\/2023\/04\/muzeum-768x576.jpg 768w, https:\/\/prague.org\/wp-content\/uploads\/2023\/04\/muzeum-16x12.jpg 16w, https:\/\/prague.org\/wp-content\/uploads\/2023\/04\/muzeum-200x150.jpg 200w, https:\/\/prague.org\/wp-content\/uploads\/2023\/04\/muzeum-260x195.jpg 260w, https:\/\/prague.org\/wp-content\/uploads\/2023\/04\/muzeum-380x285.jpg 380w\" sizes=\"(max-width: 800px) 100vw, 800px\" \/><\/figure>\n\n\n\n<h3 id=\"muzeum\" class=\"wp-block-heading\">Museu<\/h3>\n\n\n\n<p>A esta\u00e7\u00e3o de transfer\u00eancia da Pra\u00e7a Venceslau fica na extremidade norte, onde as linhas A e C se encontram<\/p>\n<\/div>\n\n\n\n<div class=\"wp-block-column is-layout-flow wp-block-column-is-layout-flow\">\n<figure class=\"wp-block-image size-full\"><img decoding=\"async\" width=\"800\" height=\"600\" src=\"https:\/\/prague.org\/wp-content\/uploads\/2023\/04\/florenc.jpg\" alt=\"\" class=\"wp-image-9476\" srcset=\"https:\/\/prague.org\/wp-content\/uploads\/2023\/04\/florenc.jpg 800w, https:\/\/prague.org\/wp-content\/uploads\/2023\/04\/florenc-600x450.jpg 600w, https:\/\/prague.org\/wp-content\/uploads\/2023\/04\/florenc-300x225.jpg 300w, https:\/\/prague.org\/wp-content\/uploads\/2023\/04\/florenc-768x576.jpg 768w, https:\/\/prague.org\/wp-content\/uploads\/2023\/04\/florenc-16x12.jpg 16w, https:\/\/prague.org\/wp-content\/uploads\/2023\/04\/florenc-200x150.jpg 200w, https:\/\/prague.org\/wp-content\/uploads\/2023\/04\/florenc-260x195.jpg 260w, https:\/\/prague.org\/wp-content\/uploads\/2023\/04\/florenc-380x285.jpg 380w\" sizes=\"(max-width: 800px) 100vw, 800px\" \/><\/figure>\n\n\n\n<h3 id=\"florenc\" class=\"wp-block-heading\">Floren\u00e7a<\/h3>\n\n\n\n<p><strong>Metro de Floren\u00e7a em Praga<\/strong> \u00e9 o terminal de barramento prim\u00e1rio onde a linha B encontra a linha C&nbsp;<\/p>\n<\/div>\n<\/div>\n\n\n\n<div class=\"wp-block-cover is-cnvs-vert-align-middle cnvs-block-core-cover-1682676693745\" style=\"padding-top:12px;padding-right:12px;padding-bottom:12px;padding-left:12px;min-height:400px\" id=\"map\"><span aria-hidden=\"true\" class=\"wp-block-cover__background has-black-background-color has-background-dim\"><\/span><img decoding=\"async\" width=\"2560\" height=\"1707\" class=\"wp-block-cover__image-background wp-image-7217\" alt=\"Ruas de Praga\" src=\"https:\/\/prague.org\/wp-content\/uploads\/2022\/12\/StockSnap_VPYPAS4FVT-1-scaled.jpg\" data-object-fit=\"cover\" srcset=\"https:\/\/prague.org\/wp-content\/uploads\/2022\/12\/StockSnap_VPYPAS4FVT-1-scaled.jpg 2560w, https:\/\/prague.org\/wp-content\/uploads\/2022\/12\/StockSnap_VPYPAS4FVT-1-scaled-600x400.jpg 600w, https:\/\/prague.org\/wp-content\/uploads\/2022\/12\/StockSnap_VPYPAS4FVT-1-300x200.jpg 300w, https:\/\/prague.org\/wp-content\/uploads\/2022\/12\/StockSnap_VPYPAS4FVT-1-1024x683.jpg 1024w, https:\/\/prague.org\/wp-content\/uploads\/2022\/12\/StockSnap_VPYPAS4FVT-1-768x512.jpg 768w, https:\/\/prague.org\/wp-content\/uploads\/2022\/12\/StockSnap_VPYPAS4FVT-1-1536x1024.jpg 1536w, https:\/\/prague.org\/wp-content\/uploads\/2022\/12\/StockSnap_VPYPAS4FVT-1-2048x1365.jpg 2048w, https:\/\/prague.org\/wp-content\/uploads\/2022\/12\/StockSnap_VPYPAS4FVT-1-380x253.jpg 380w, https:\/\/prague.org\/wp-content\/uploads\/2022\/12\/StockSnap_VPYPAS4FVT-1-800x533.jpg 800w, https:\/\/prague.org\/wp-content\/uploads\/2022\/12\/StockSnap_VPYPAS4FVT-1-1160x773.jpg 1160w\" sizes=\"(max-width: 2560px) 100vw, 2560px\" \/><div class=\"wp-block-cover__inner-container is-layout-flow wp-block-cover-is-layout-flow\">\n<h2 id=\"download-a-prague-metro-map\" class=\"has-text-align-center has-white-color has-text-color cnvs-block-core-heading-1682676693729 wp-block-heading\" style=\"padding-right:0rem;padding-left:0rem\">Descarregar um mapa do metro de Praga<\/h2>\n\n\n\n<p class=\"has-text-align-center\">Se n\u00e3o quiser perder nenhuma das principais atrac\u00e7\u00f5es da cidade, uma <strong>Mapa do metro de Praga<\/strong> em vers\u00e3o pdf \u00e9 a forma mais conveniente de transportar um guia detalhado dos transportes p\u00fablicos.<br>N\u00e3o s\u00f3 o bairro hist\u00f3rico de Praga est\u00e1 convenientemente localizado perto da maioria das paragens de metro, como tamb\u00e9m \u00e9 f\u00e1cil reservar bilhetes de metro. \u00c9 seguro dizer que apanhar o metro \u00e9 a sua melhor aposta se quiser chegar rapidamente \u00e0 maioria dos destinos tur\u00edsticos.<\/p>\n\n\n\n<div class=\"wp-block-buttons is-layout-flex wp-block-buttons-is-layout-flex\">\n<div class=\"wp-block-button aligncenter\"><a class=\"wp-block-button__link wp-element-button\" href=\"https:\/\/prague.org\/wp-content\/uploads\/2023\/04\/PRAGUE_MAP_.pdf\" target=\"_blank\" rel=\"noreferrer noopener\">DESCARREGAR O MAPA<\/a><\/div>\n<\/div>\n<\/div><\/div>","protected":false},"excerpt":{"rendered":"O mapa do metro de Praga fornece uma vis\u00e3o aprofundada do sistema de transportes p\u00fablicos da cidade, que \u00e9 essencial para...","protected":false},"author":9,"featured_media":9528,"parent":0,"menu_order":0,"comment_status":"closed","ping_status":"closed","template":"","meta":{"footnotes":""},"_links":{"self":[{"href":"https:\/\/prague.org\/pt\/wp-json\/wp\/v2\/pages\/9456"}],"collection":[{"href":"https:\/\/prague.org\/pt\/wp-json\/wp\/v2\/pages"}],"about":[{"href":"https:\/\/prague.org\/pt\/wp-json\/wp\/v2\/types\/page"}],"author":[{"embeddable":true,"href":"https:\/\/prague.org\/pt\/wp-json\/wp\/v2\/users\/9"}],"replies":[{"embeddable":true,"href":"https:\/\/prague.org\/pt\/wp-json\/wp\/v2\/comments?post=9456"}],"version-history":[{"count":42,"href":"https:\/\/prague.org\/pt\/wp-json\/wp\/v2\/pages\/9456\/revisions"}],"predecessor-version":[{"id":10177,"href":"https:\/\/prague.org\/pt\/wp-json\/wp\/v2\/pages\/9456\/revisions\/10177"}],"wp:featuredmedia":[{"embeddable":true,"href":"https:\/\/prague.org\/pt\/wp-json\/wp\/v2\/media\/9528"}],"wp:attachment":[{"href":"https:\/\/prague.org\/pt\/wp-json\/wp\/v2\/media?parent=9456"}],"curies":[{"name":"wp","href":"https:\/\/api.w.org\/{rel}","templated":true}]}}