{"id":3,"date":"2022-05-12T10:36:03","date_gmt":"2022-05-12T08:36:03","guid":{"rendered":"https:\/\/prague.org\/?page_id=3"},"modified":"2023-02-23T09:23:42","modified_gmt":"2023-02-23T07:23:42","slug":"privacy-policy","status":"publish","type":"page","link":"https:\/\/prague.org\/ro\/politica-de-confidentialitate\/","title":{"rendered":"Politica de confiden\u021bialitate"},"content":{"rendered":"<p><strong>Politica de confiden\u021bialitate - Rom\u00e2n\u0103<\/strong><\/p>\n\n\n\n<p>Ultima actualizare: 17 iunie 2022<\/p>\n\n\n\n<h2 id=\"who-we-are\" class=\"wp-block-heading\">Cine suntem<\/h2>\n\n\n\n<p>Adresa site-ului nostru este:<a href=\"https:\/\/prague.org\/ro\/\"> <strong>https:\/\/prague.org\/<\/strong><\/a><\/p>\n\n\n\n<h2 id=\"use-of-cookies\" class=\"wp-block-heading\">Utilizarea cookie-urilor<\/h2>\n\n\n\n<p>Site-ul Praga.org utilizeaz\u0103 cookie-uri pentru a colecta diferite tipuri de date. De exemplu, stoc\u0103m informa\u021bii despre num\u0103rul de vizite lunare \u0219i traseul vizitatorilor care afi\u0219eaz\u0103 diferite pagini pe care le-a v\u0103zut. Datele sunt stocate \u00eentr-un format care nu permite identificarea utilizatorilor. Datele colectate sunt utilizate pentru a \u00een\u021belege mai bine ce informa\u021bii caut\u0103 utilizatorii pe site-ul nostru. De asemenea, ne permite s\u0103 identific\u0103m eventualele probleme de navigare.<\/p>\n\n\n\n<p>Prague.org protejeaz\u0103 informa\u021biile personale furnizate de c\u0103tre utilizatori. Aceste informa\u021bii personale sunt stocate \u00een serverele noastre \u00eentr-un mediu protejat \u0219i controlat.<\/p>\n\n\n\n<h2 id=\"embedded-content-from-other-websites\" class=\"wp-block-heading\">Con\u021binut \u00eencorporat de pe alte site-uri web<\/h2>\n\n\n\n<p>Articolele de pe acest site pot include <strong>con\u021binut \u00eencorporat<\/strong> (de exemplu, videoclipuri, imagini, articole etc.). Con\u021binutul \u00eencorporat de pe alte site-uri web se comport\u0103 exact la fel ca \u0219i cum vizitatorul ar fi vizitat cel\u0103lalt site web.<\/p>\n\n\n\n<p>Aceste site-uri web pot colecta <strong>date <\/strong>despre dvs., s\u0103 utilizeze cookie-uri, s\u0103 integreze urm\u0103rirea suplimentar\u0103 a ter\u021bilor \u0219i s\u0103 monitorizeze interac\u021biunea dvs. cu acel con\u021binut \u00eencorporat, inclusiv urm\u0103rirea interac\u021biunii dvs. cu con\u021binutul \u00eencorporat dac\u0103 ave\u021bi un cont \u0219i sunte\u021bi conectat la acel site web.<\/p>\n\n\n\n<h2 id=\"advertisers-allowed\" class=\"wp-block-heading\">Advertiseri permis :<\/h2>\n\n\n\n<p><br>2 Captify Technologies Limited<br>11 Quantcast International Limited<br>12 BeeswaxIO Corporation<br>16 RTB House S.A.<br>21 Biroul comercial<br>23 Amobee Inc.<br>25 Yahoo EMEA Limited<br>39 ADITION technologies GmbH<br>40 Active Agent (ADITION technologies GmbH)<br>50 Adform<br>68 Sizmek by Amazon<br>71 Servicii de publicitate Roku<br>73 Simplifi Holdings Inc.<br>76 PubMatic, Inc.<br>79 MediaMath, Inc.<br>87 Betgenius Ltd<br>91 Criteo SA<br>128 BIDSWITCH GmbH<br>129 IPONWEB GmbH<br>142 Media.net Advertising FZ-LLC<br>151 Admedo Technology Ltd.<br>156 Centro, Inc.<br>161 Smadex SL<br>238 StackAdapt<br>253 \u00cembun\u0103t\u0103\u021bi\u021bi Digital<br>254 LiquidM Technology GmbH<br>264 Adobe Advertising Cloud<br>284 Weborama<br>316 Gamned<br>382 The Reach Group GmbH<br>423 travel audience GmbH<br>469 Zeta Global<br>565 Adobe Audience Manager, Adobe Experience Platform<br>655 Sportradar AG<br>755 Produse de publicitate Google<br>776 Mars Media Group<br>793 Publicitate Amazon<br>922 Amnet GmbH<br>990 QuantumCast digital GmbH<br>32 Xandr<br>45 Smart Adserver inteligent<br>52 Magnite, Inc.<br>102 Magnite, Inc. (Outstream)<br>81 PulsePoint<br>10 Index Exchange, Inc.<br>114 Sublime<br>164 Outbrain UK Ltd<br>42 Taboola Europe Limited<br>13 Sovrn Holdings Inc.<br>183 EMX Digital LLC<br>165 SpotX, Inc.<br>259 ADYOULIKE SA<br>132 Teads<br>72 Nano Interactive GmbH<br>724 \u00centre schimburi<br>62 Justpremium BV<br>69 OpenX<br>639 Smile Wanted Group<br>241 OneTag Limited<br>108 Tehnologii de audien\u021b\u0103 bogat\u0103 SL<br>28 TripleLift, Inc.<br>617 Onfocus (Adagio)<br>511 Admixer EU GmbH<br>816 NoBid, Inc.<br>138 ConnectAd Realtime GmbH<br>606 Impactify<br>436 INVIBES GROUP<br>80 Sharethrough, Inc.<br>924 Viewdeos 2015 LTD<br>799 Adpone SL<br>90 Teroa S.A.<br>410 Adtelligent Inc.<br>780 Aniview LTD<br>666 BeOp<br>24 Epsilon<br>781 FeedAd GmbH<br>737 Monet Engine Inc.<br>210 Zemanta, Inc.<br>610 Azerion Holding B.V.<br>31 Ogury Ltd.<br>157 Seedtag Advertising S.L.<br>61 GumGum, Inc.<br>434 DynAdmic<br>484 SublimeSkinz - Adledge<br>301 ZEOTAP<br>380 Vidoomy Media SL<\/p>","protected":false},"excerpt":{"rendered":"Politica de confiden\u021bialitate - Rom\u00e2n\u0103 Ultima actualizare: 17 iunie 2022 Cine suntem Adresa site-ului nostru web este: https:\/\/prague.org\/ Utilizarea...","protected":false},"author":1,"featured_media":0,"parent":0,"menu_order":0,"comment_status":"closed","ping_status":"closed","template":"","meta":{"footnotes":""},"_links":{"self":[{"href":"https:\/\/prague.org\/ro\/wp-json\/wp\/v2\/pages\/3"}],"collection":[{"href":"https:\/\/prague.org\/ro\/wp-json\/wp\/v2\/pages"}],"about":[{"href":"https:\/\/prague.org\/ro\/wp-json\/wp\/v2\/types\/page"}],"author":[{"embeddable":true,"href":"https:\/\/prague.org\/ro\/wp-json\/wp\/v2\/users\/1"}],"replies":[{"embeddable":true,"href":"https:\/\/prague.org\/ro\/wp-json\/wp\/v2\/comments?post=3"}],"version-history":[{"count":11,"href":"https:\/\/prague.org\/ro\/wp-json\/wp\/v2\/pages\/3\/revisions"}],"predecessor-version":[{"id":8567,"href":"https:\/\/prague.org\/ro\/wp-json\/wp\/v2\/pages\/3\/revisions\/8567"}],"wp:attachment":[{"href":"https:\/\/prague.org\/ro\/wp-json\/wp\/v2\/media?parent=3"}],"curies":[{"name":"wp","href":"https:\/\/api.w.org\/{rel}","templated":true}]}}