{"id":3603,"date":"2022-06-09T20:33:09","date_gmt":"2022-06-09T18:33:09","guid":{"rendered":"https:\/\/prague.org\/?page_id=3603"},"modified":"2023-03-07T19:02:16","modified_gmt":"2023-03-07T17:02:16","slug":"about-us","status":"publish","type":"page","link":"https:\/\/prague.org\/ro\/despre-noi\/","title":{"rendered":"Despre Praga.org"},"content":{"rendered":"<h2 id=\"by-locals\" class=\"wp-block-heading\">De c\u0103tre localnici.<\/h2>\n\n\n\n<p>Scopul site-ului nostru este de a v\u0103 prezenta un <strong><a href=\"https:\/\/prague.org\/ro\/?s=guide\">ghid de c\u0103l\u0103torie<\/a><\/strong> care nu numai c\u0103 va fi <strong>detaliat <\/strong>\u0219i <strong>util <\/strong>dar v\u0103 va oferi, de asemenea, multe <strong>sfaturi de la localnicii care locuiesc \u00een Praga<\/strong> totul despre <a href=\"https:\/\/prague.org\/ro\/\">Praga<\/a>.<\/p>\n\n\n\n<p>Toate articolele de pe site-ul nostru despre Praga sunt scrise fie de proprietarii site-ului (un cuplu care locuie\u0219te \u00een cel mai frumos cartier din Praga, Dejvice), fie de autori care locuiesc \u00een prezent \u00een Praga.<\/p>\n\n\n\n<h2 id=\"before-you-travel\" class=\"wp-block-heading\">\u00cenainte de a c\u0103l\u0103tori.<\/h2>\n\n\n\n<p><a href=\"https:\/\/prague.org\/ro\/what-to-do-and-see\/\">Ce pute\u021bi vedea \u00een Praga? Ce trebuie s\u0103 \u0219ti\u021bi despre Praga? Ce pute\u021bi face aici?<\/a> Ar trebui s\u0103 vii pentru o s\u0103pt\u0103m\u00e2n\u0103 sau doar \u00een weekend? Toate aceste <strong>\u00eentreb\u0103ri <\/strong>va primi un r\u0103spuns. Descoperi\u021bi fapte interesante despre Praga folosind ghidurile noastre detaliate pentru a profita la maximum de <strong>excursie <\/strong>\u0219i planifica\u021bi totul \u00een mod corespunz\u0103tor \u00eenainte de a pleca. De asemenea, v\u0103 putem ajuta s\u0103 v\u0103 ocupa\u021bi de bilete \u0219i de rezerv\u0103ri la hotel. <\/p>\n\n\n\n<p>Exist\u0103 literalmente ceva pentru toat\u0103 lumea s\u0103 \u00eenve\u021be despre Praga... Trebuie doar s\u0103 v\u0103 planifica\u021bi bine.<\/p>\n\n\n\n<h2 id=\"once-you-are-in-prague\" class=\"wp-block-heading\">Odat\u0103 ajun\u0219i \u00een Praga...<\/h2>\n\n\n\n<p>Tocmai a\u021bi aterizat sau a\u021bi cobor\u00e2t din ma\u0219in\u0103... \u0219i acum ce urmeaz\u0103? Unde s\u0103 merge\u021bi pentru <a href=\"https:\/\/prague.org\/ro\/cel-mai-bun-mic-dejun-in-prague\/\">mic dejun<\/a>? Care este <a href=\"https:\/\/prague.org\/ro\/unde-sa-mananci-restaurante-in-prague\/\">cel mai bun restaurant<\/a> pentru pr\u00e2nz? Cum folosi\u021bi <a href=\"https:\/\/prague.org\/ro\/transport-public-in-praga\/\">transport public<\/a>? Sau ar trebui s\u0103 folosesc un taxi? Avem o mul\u021bime de informa\u021bii despre Praga nu numai pentru cei care \u00ee\u0219i planific\u0103 c\u0103l\u0103toria, ci \u0219i pentru cei care sunt deja \u00een Praga.<\/p>\n\n\n\n<h2 id=\"how-do-we-make-money\" class=\"wp-block-heading\">Cum facem bani?<\/h2>\n\n\n\n<p>Primim o compensa\u021bie pentru unele servicii la care ne leg\u0103m. Modelul nostru de afaceri se bazeaz\u0103 pe a\u0219a-numitul marketing afiliat. Nu suntem pl\u0103ti\u021bi direct de c\u0103tre m\u0103rci sau companii. \u00cen schimb, noi alegem companiile cu care lucr\u0103m, le recomand\u0103m serviciile \u0219i primim un comision dac\u0103 achizi\u021biona\u021bi ceva (bilete de avion, cazare, tur ghidat...). Serviciile noastre, articolele, ghidurile \u0219i toate celelalte informa\u021bii despre Praga sunt \u0219i vor fi \u00eentotdeauna gratuite pentru to\u021bi vizitatorii no\u0219tri.<\/p>\n\n\n\n<h2 id=\"write-for-us\" class=\"wp-block-heading\">Scrie\u021bi pentru noi<\/h2>\n\n\n\n<p>Suntem mereu \u00een c\u0103utare de scriitori de con\u021binut care pot scrie fapte interesante despre Praga. Sim\u021bi\u021bi-v\u0103 liberi s\u0103 <a href=\"https:\/\/prague.org\/ro\/contact-us\/\">intra\u021bi \u00een contact<\/a> cu noi, dar \u021bine\u021bi cont de faptul c\u0103 suntem \u00een c\u0103utarea doar a unor scriitori de con\u021binut cu experien\u021b\u0103 care locuiesc \u00een Praga sau care locuiesc \u00een Praga de cel pu\u021bin c\u00e2\u021biva ani.<\/p>","protected":false},"excerpt":{"rendered":"De c\u0103tre localnici. Scopul site-ului nostru este de a v\u0103 prezenta un ghid de c\u0103l\u0103torie care s\u0103 v\u0103...","protected":false},"author":1,"featured_media":2312,"parent":0,"menu_order":0,"comment_status":"closed","ping_status":"closed","template":"","meta":{"footnotes":""},"_links":{"self":[{"href":"https:\/\/prague.org\/ro\/wp-json\/wp\/v2\/pages\/3603"}],"collection":[{"href":"https:\/\/prague.org\/ro\/wp-json\/wp\/v2\/pages"}],"about":[{"href":"https:\/\/prague.org\/ro\/wp-json\/wp\/v2\/types\/page"}],"author":[{"embeddable":true,"href":"https:\/\/prague.org\/ro\/wp-json\/wp\/v2\/users\/1"}],"replies":[{"embeddable":true,"href":"https:\/\/prague.org\/ro\/wp-json\/wp\/v2\/comments?post=3603"}],"version-history":[{"count":10,"href":"https:\/\/prague.org\/ro\/wp-json\/wp\/v2\/pages\/3603\/revisions"}],"predecessor-version":[{"id":8856,"href":"https:\/\/prague.org\/ro\/wp-json\/wp\/v2\/pages\/3603\/revisions\/8856"}],"wp:featuredmedia":[{"embeddable":true,"href":"https:\/\/prague.org\/ro\/wp-json\/wp\/v2\/media\/2312"}],"wp:attachment":[{"href":"https:\/\/prague.org\/ro\/wp-json\/wp\/v2\/media?parent=3603"}],"curies":[{"name":"wp","href":"https:\/\/api.w.org\/{rel}","templated":true}]}}