{"id":10538,"date":"2023-08-10T11:20:30","date_gmt":"2023-08-10T09:20:30","guid":{"rendered":"https:\/\/prague.org\/?post_type=product&#038;p=10538"},"modified":"2023-08-25T13:04:45","modified_gmt":"2023-08-25T11:04:45","slug":"prague-ebook","status":"publish","type":"product","link":"https:\/\/prague.org\/ro\/produs\/praga-ebook\/","title":{"rendered":"Ghidul Praga PDF"},"content":{"rendered":"<h2 id=\"your-ultimate-prague-adventure-starts-here\">Aventura ta suprem\u0103 \u00een Praga \u00eencepe aici!<\/h2>\n<p>Porni\u021bi \u00eentr-o c\u0103l\u0103torie captivant\u0103 prin \u00eenc\u00e2nt\u0103torul ora\u0219 Praga cu acest ghid de c\u0103l\u0103torie Praga PDF ca partener de \u00eencredere. Descoperi\u021bi o list\u0103 curatoriat\u0103 de repere care trebuie vizitate \u0219i pietre ascunse care prezint\u0103 istoria bogat\u0103 \u0219i cultura vibrant\u0103 a ora\u0219ului. Cufunda\u021bi-v\u0103 \u00een descrieri detaliate ale fiec\u0103rui loc, permi\u021b\u00e2ndu-v\u0103 s\u0103 v\u0103 cufunda\u021bi pe deplin \u00een frumuse\u021bea \u0219i semnifica\u021bia unor locuri precum Castelul Praga, Podul Charles \u0219i Ceasul Astronomic.<\/p>\n<p>Naviga\u021bi cu u\u0219urin\u021b\u0103 \u00een ora\u0219 cu ajutorul ghidului nostru online detaliat de op\u021biuni de transport din Praga. De la tramvaie la linii de metrou, ob\u021bine\u021bi informa\u021bii valoroase despre sistemul eficient de transport \u00een comun al ora\u0219ului, inclusiv informa\u021bii despre tarife \u0219i sfaturi de c\u0103l\u0103torie. Fie c\u0103 sunte\u021bi un c\u0103l\u0103tor cu buget redus sau c\u0103uta\u021bi op\u021biuni convenabile, acest ghid v\u0103 ofer\u0103 informa\u021biile de care ave\u021bi nevoie pentru a explora Praga f\u0103r\u0103 efort.<\/p>\n<p>Planificarea sejurului dumneavoastr\u0103 este simpl\u0103, cu sfaturi de specialitate pentru alegerea hotelului perfect. De la caz\u0103ri de tip boutique, amplasate \u00een cartiere fermec\u0103toare, la hoteluri de lux care ofer\u0103 vederi panoramice, g\u0103si\u021bi cazarea ideal\u0103 care s\u0103 se potriveasc\u0103 preferin\u021belor \u0219i bugetului dumneavoastr\u0103. Profita\u021bi la maximum de vizita dvs. la Praga cu acest ghid de c\u0103l\u0103torie Praga PDF ca resurs\u0103 de baz\u0103 pentru o experien\u021b\u0103 de neuitat \u00een aceast\u0103 bijuterie european\u0103 pitoreasc\u0103.<\/p>\n<h2 id=\"whats-inside-the-prague-travel-guide-pdf\"><strong>Ce con\u021bine ghidul de c\u0103l\u0103torie Praga PDF<\/strong><\/h2>\n<ol>\n<li><strong>Introducere \u00een istoria ora\u0219ului:<\/strong> Descoperi\u021bi bogata tapiserie a trecutului Prag\u0103i, de la r\u0103d\u0103cinile sale medievale p\u00e2n\u0103 la vitalitatea din zilele noastre.<\/li>\n<li><strong>Cum s\u0103 v\u0103 deplasa\u021bi:<\/strong> Explora\u021bi ca un localnic cu informa\u021bii din ghidul nostru de c\u0103l\u0103torie Praga PDF, care acoper\u0103 tramvaiele, autobuzele \u0219i metroul.<\/li>\n<li><strong>Moned\u0103 \u0219i b\u0103nci:<\/strong> Familiariza\u021bi-v\u0103 cu moneda local\u0103 \u0219i cu opera\u021biunile bancare f\u0103r\u0103 probleme cu ajutorul ghidului nostru online pentru Praga.<\/li>\n<li><strong>Locuri turistice de vizitat:<\/strong> Explora\u021bi reperele emblematice ale ora\u0219ului Praga, inclusiv maiestuosul Castel Praga, Podul Carol \u0219i Ceasul Astronomic.<\/li>\n<li><strong>Pietre pre\u021bioase ascunse:<\/strong> Aventura\u021bi-v\u0103 \u00een afara c\u0103ilor b\u0103tute cu ajutorul sfaturilor ghidului nostru Praga PDF, care v\u0103 dezv\u0103luie alei fermec\u0103toare \u0219i cur\u021bi izolate.<\/li>\n<li><strong>Activit\u0103\u021bi pentru fiecare c\u0103l\u0103tor:<\/strong> Fie c\u0103 sunte\u021bi pasiona\u021bi de art\u0103, de istorie sau de gastronomie, Praga ofer\u0103 activit\u0103\u021bi care se potrivesc oric\u0103rui interes.<\/li>\n<li><strong>Gastronomie - M\u00e2nc\u0103ruri tipice:<\/strong> Bucura\u021bi-v\u0103 de ofertele culinare din Praga, savur\u00e2nd m\u00e2nc\u0103ruri tradi\u021bionale care surprind esen\u021ba buc\u0103t\u0103riei cehe.<\/li>\n<li><strong>Gastronomie - Restaurante:<\/strong> R\u0103sf\u0103\u021ba\u021bi-v\u0103 papilele gustative la restaurantele \u0219i localurile recomandate, fiecare oferind o experien\u021b\u0103 culinar\u0103 unic\u0103.<\/li>\n<li><strong>Op\u021biuni de cazare:<\/strong> G\u0103si\u021bi locul perfect de cazare, fie c\u0103 prefera\u021bi hoteluri de tip boutique, pensiuni confortabile sau apartamente moderne.<\/li>\n<li><strong>Cuvinte \u0219i expresii utile:<\/strong> Dep\u0103\u0219i\u021bi barierele lingvistice cu expresii cehe comune din ghidul nostru de c\u0103l\u0103torie \u00een Praga PDF.<\/li>\n<li><strong>Lista de verificare \u00eenainte de plecare:<\/strong> Asigura\u021bi-v\u0103 o plecare lipsit\u0103 de stres cu ajutorul listei noastre de verificare care cuprinde toate elementele esen\u021biale de care ave\u021bi nevoie \u00eenainte de a porni la drum.<\/li>\n<\/ol>\n<h2 id=\"why-choose-our-prague-online-guide\"><strong>De ce s\u0103 alege\u021bi ghidul nostru online pentru Praga<\/strong><\/h2>\n<ul>\n<li><strong>Acoperire cuprinz\u0103toare:<\/strong> Cufunda\u021bi-v\u0103 \u00een farmecul Prag\u0103i cu ghidul nostru meticulos de Praga PDF. Am compilat cele mai relevante \u0219i esen\u021biale informa\u021bii pentru a v\u0103 asigura c\u0103 excursia dvs. nu este nimic mai pu\u021bin de neuitat.<\/li>\n<li><strong>Perspective de expert:<\/strong> \u00cembun\u0103t\u0103\u021bi\u021bi-v\u0103 experien\u021ba cu informa\u021bii locale \u0219i recomand\u0103ri ale exper\u021bilor. Ghidul nostru de c\u0103l\u0103torie Praga PDF ofer\u0103 o bog\u0103\u021bie de cuno\u0219tin\u021be care \u00eembun\u0103t\u0103\u021be\u0219te fiecare aspect al vizitei dumneavoastr\u0103.<\/li>\n<li><strong>Comoditate:<\/strong> Transporta\u021bi cu dumneavoastr\u0103 pe dispozitivul dumneavoastr\u0103 puterea ghidului nostru online din Praga. Bucura\u021bi-v\u0103 de acces instantaneu la informa\u021bii nepre\u021buite, indiferent unde v\u0103 afla\u021bi \u00een Praga, ceea ce v\u0103 va face c\u0103l\u0103toria mai u\u0219oar\u0103 \u0219i mai pl\u0103cut\u0103.<\/li>\n<li><strong>La pre\u021buri accesibile:<\/strong> \u00cembun\u0103t\u0103\u021bi\u021bi-v\u0103 aventura de c\u0103l\u0103torie f\u0103r\u0103 a v\u0103 rupe banca. Pentru doar 5 euro, ghidul nostru Praga PDF v\u0103 deschide u\u0219a c\u0103tre o lume de informa\u021bii care v\u0103 vor \u00eembog\u0103\u021bi explorarea.<\/li>\n<\/ul>\n<p>Nu rata\u021bi \u0219ansa de a v\u0103 face aventura la Praga cu adev\u0103rat remarcabil\u0103. Asigura\u021bi-v\u0103 ast\u0103zi un exemplar al ghidului nostru de c\u0103l\u0103torie Praga PDF \u0219i porni\u021bi \u00eentr-o c\u0103l\u0103torie de descoperire \u00eembucur\u0103toare prin unul dintre cele mai \u00eenc\u00e2nt\u0103toare ora\u0219e din Europa. Drumul t\u0103u spre o experien\u021b\u0103 de neuitat \u00een Praga \u00eencepe chiar aici!<\/p>\n<p>&nbsp;<\/p>\n<p><strong>Pre\u021b:<\/strong> \u20ac5<\/p>\n<p><strong>Num\u0103r de pagini:<\/strong> 31<\/p>\n<p><strong>Limba:<\/strong> Englez\u0103<\/p>","protected":false},"excerpt":{"rendered":"\ud83d\udcda Descarc\u0103 Ghidul t\u0103u online pentru Praga - Descoper\u0103 magia ora\u0219ului \ud83c\udff0\nDescoperi\u021bi ora\u0219ul fermec\u0103tor Praga ca niciodat\u0103 p\u00e2n\u0103 acum cu ghidul nostru online complet pentru Praga. \u00cenc\u0103rcat cu 31 de pagini de informa\u021bii esen\u021biale, sfaturi \u0219i perspective, acest ghid de c\u0103l\u0103torie Praga PDF este partenerul t\u0103u perfect pentru o c\u0103l\u0103torie de neuitat. Fie c\u0103 sunte\u021bi un vizitator pentru prima dat\u0103 sau un c\u0103l\u0103tor experimentat, ghidul nostru de c\u0103l\u0103torie Praga PDF acoper\u0103 tot ce trebuie s\u0103 \u0219ti\u021bi pentru o experien\u021b\u0103 perfect\u0103 \u0219i \u00eembucur\u0103toare.\nToate resursele esen\u021biale pentru planificarea c\u0103l\u0103toriei dvs. vor fi trimise direct \u00een c\u0103su\u021ba dvs. de e-mail \ud83d\udce9.","protected":false},"featured_media":10547,"comment_status":"closed","ping_status":"closed","template":"","meta":[],"product_cat":[236],"product_tag":[],"_links":{"self":[{"href":"https:\/\/prague.org\/ro\/wp-json\/wp\/v2\/product\/10538"}],"collection":[{"href":"https:\/\/prague.org\/ro\/wp-json\/wp\/v2\/product"}],"about":[{"href":"https:\/\/prague.org\/ro\/wp-json\/wp\/v2\/types\/product"}],"replies":[{"embeddable":true,"href":"https:\/\/prague.org\/ro\/wp-json\/wp\/v2\/comments?post=10538"}],"wp:featuredmedia":[{"embeddable":true,"href":"https:\/\/prague.org\/ro\/wp-json\/wp\/v2\/media\/10547"}],"wp:attachment":[{"href":"https:\/\/prague.org\/ro\/wp-json\/wp\/v2\/media?parent=10538"}],"wp:term":[{"taxonomy":"product_cat","embeddable":true,"href":"https:\/\/prague.org\/ro\/wp-json\/wp\/v2\/product_cat?post=10538"},{"taxonomy":"product_tag","embeddable":true,"href":"https:\/\/prague.org\/ro\/wp-json\/wp\/v2\/product_tag?post=10538"}],"curies":[{"name":"wp","href":"https:\/\/api.w.org\/{rel}","templated":true}]}}