{"id":3,"date":"2022-05-12T10:36:03","date_gmt":"2022-05-12T08:36:03","guid":{"rendered":"https:\/\/prague.org\/?page_id=3"},"modified":"2023-02-23T09:23:42","modified_gmt":"2023-02-23T07:23:42","slug":"privacy-policy","status":"publish","type":"page","link":"https:\/\/prague.org\/sv\/integritetspolicy\/","title":{"rendered":"Integritetspolicy"},"content":{"rendered":"<p><strong>Integritetspolicy - Engelska<\/strong><\/p>\n\n\n\n<p>Senast uppdaterad: 17 juni 2022<\/p>\n\n\n\n<h2 id=\"who-we-are\" class=\"wp-block-heading\">Vilka vi \u00e4r<\/h2>\n\n\n\n<p>Adressen till v\u00e5r webbplats \u00e4r:<a href=\"https:\/\/prague.org\/sv\/\"> <strong>https:\/\/prague.org\/<\/strong><\/a><\/p>\n\n\n\n<h2 id=\"use-of-cookies\" class=\"wp-block-heading\">Anv\u00e4ndning av cookies<\/h2>\n\n\n\n<p>Prague.org:s webbplats anv\u00e4nder cookies f\u00f6r att samla in olika typer av data. Till exempel lagrar vi information om antalet m\u00e5natliga bes\u00f6k och s\u00f6kv\u00e4gen f\u00f6r bes\u00f6kare som visar olika sidor som han har sett. Data lagras i ett format som inte till\u00e5ter identifiering av anv\u00e4ndare. Insamlade data anv\u00e4nds f\u00f6r att b\u00e4ttre f\u00f6rst\u00e5 vilken information anv\u00e4ndarna letar efter p\u00e5 v\u00e5r webbplats. Det g\u00f6r det ocks\u00e5 m\u00f6jligt f\u00f6r oss att identifiera potentiella navigeringsproblem.<\/p>\n\n\n\n<p>Prague.org skyddar personlig information som tillhandah\u00e5lls av anv\u00e4ndare. Denna personliga information lagras p\u00e5 v\u00e5ra servrar i en skyddad och kontrollerad milj\u00f6.<\/p>\n\n\n\n<h2 id=\"embedded-content-from-other-websites\" class=\"wp-block-heading\">Inb\u00e4ddat inneh\u00e5ll fr\u00e5n andra webbplatser<\/h2>\n\n\n\n<p>Artiklar p\u00e5 denna webbplats kan omfatta <strong>inb\u00e4ddat inneh\u00e5ll<\/strong> (t.ex. videor, bilder, artiklar etc.). Inb\u00e4ddat inneh\u00e5ll fr\u00e5n andra webbplatser beter sig p\u00e5 exakt samma s\u00e4tt som om bes\u00f6karen har bes\u00f6kt den andra webbplatsen.<\/p>\n\n\n\n<p>Dessa webbplatser kan samla in <strong>data <\/strong>om dig, anv\u00e4nda cookies, b\u00e4dda in ytterligare sp\u00e5rning fr\u00e5n tredje part och \u00f6vervaka din interaktion med det inb\u00e4ddade inneh\u00e5llet, inklusive att sp\u00e5ra din interaktion med det inb\u00e4ddade inneh\u00e5llet om du har ett konto och \u00e4r inloggad p\u00e5 den webbplatsen.<\/p>\n\n\n\n<h2 id=\"advertisers-allowed\" class=\"wp-block-heading\">Annons\u00f6rer till\u00e5tna :<\/h2>\n\n\n\n<p><br>2 Captify Technologies Limited<br>11 Quantcast International Limited<br>12 BeeswaxIO Corporation<br>16 RTB House S.A.<br>21 The Trade Desk<br>23 Amobee Inc.<br>25 Yahoo EMEA Limited<br>39 ADITION technologies GmbH<br>40 Active Agent (ADITION technologies GmbH)<br>50 Adform<br>68 Sizmek fr\u00e5n Amazon<br>71 Roku-annonseringstj\u00e4nster<br>73 Simplifi Holdings Inc<br>76 PubMatic, Inc.<br>79 MediaMath, Inc.<br>87 Betgenius Ltd<br>91 Criteo SA<br>128 BIDSWITCH GmbH<br>129 IPONWEB GmbH<br>142 Media.net Reklam FZ-LLC<br>151 Admedo Technology Ltd<br>156 Centro, Inc.<br>161 Smadex SL<br>238 StackAdapt<br>253 F\u00f6rb\u00e4ttra digitala<br>254 LiquidM Technology GmbH<br>264 Adobe Advertising Cloud<br>284 Weborama<br>316 Gamned<br>382 The Reach Group GmbH<br>423 travel audience GmbH<br>469 Zeta Global<br>565 Adobe Audience Manager, Adobe Experience Platform<br>655 Sportradar AG<br>755 Googles annonseringsprodukter<br>776 Mars Media Group<br>793 Amazon-annonsering<br>922 Amnet GmbH<br>990 QuantumCast digital GmbH<br>32 Xandr<br>45 Smart Adserver<br>52 Magnite, Inc.<br>102 Magnite, Inc. (Outstream)<br>81 PulsePoint<br>10 Index Exchange, Inc.<br>114 Sublim<br>164 Outbrain UK Ltd<br>42 Taboola Europe Limited<br>13 Sovrn Holdings Inc<br>183 EMX Digital LLC<br>165 SpotX, Inc<br>259 ADYOULIKE SA<br>132 Teads<br>72 Nano Interactive GmbH<br>724 Mellan utbyte<br>62 Justpremium BV<br>69 OpenX<br>639 Smile Wanted Group<br>241 OneTag Limited<br>108 Rich Audience Technologies SL<br>28 TripleLift, Inc.<br>617 Onfocus (Adagio)<br>511 Admixer EU GmbH<br>816 NoBid, Inc.<br>138 ConnectAd Realtime GmbH<br>606 Impactify<br>436 INVIBES-GRUPPEN<br>80 Sharethrough, Inc<br>924 Viewdeos 2015 LTD<br>799 Adpone SL<br>90 Teroa S.A.<br>410 Adtelligent Inc.<br>780 Aniview LTD<br>666 BeOp<br>24 Epsilon<br>781 FeedAd GmbH<br>737 Monet Engine Inc<br>210 Zemanta, Inc.<br>610 Azerion Holding B.V.<br>31 Ogury Ltd.<br>157 Seedtag Advertising S.L<br>61 GumGum, Inc.<br>434 DynAdmic<br>484 SublimeSkinz - Adledge<br>301 ZEOTAP<br>380 Vidoomy Media SL<\/p>","protected":false},"excerpt":{"rendered":"Integritetspolicy - Engelska Senast uppdaterad: 17 juni 2022 Vilka vi \u00e4r V\u00e5r webbplatsadress \u00e4r: https:\/\/prague.org\/ Anv\u00e4nd...","protected":false},"author":1,"featured_media":0,"parent":0,"menu_order":0,"comment_status":"closed","ping_status":"closed","template":"","meta":{"footnotes":""},"_links":{"self":[{"href":"https:\/\/prague.org\/sv\/wp-json\/wp\/v2\/pages\/3"}],"collection":[{"href":"https:\/\/prague.org\/sv\/wp-json\/wp\/v2\/pages"}],"about":[{"href":"https:\/\/prague.org\/sv\/wp-json\/wp\/v2\/types\/page"}],"author":[{"embeddable":true,"href":"https:\/\/prague.org\/sv\/wp-json\/wp\/v2\/users\/1"}],"replies":[{"embeddable":true,"href":"https:\/\/prague.org\/sv\/wp-json\/wp\/v2\/comments?post=3"}],"version-history":[{"count":11,"href":"https:\/\/prague.org\/sv\/wp-json\/wp\/v2\/pages\/3\/revisions"}],"predecessor-version":[{"id":8567,"href":"https:\/\/prague.org\/sv\/wp-json\/wp\/v2\/pages\/3\/revisions\/8567"}],"wp:attachment":[{"href":"https:\/\/prague.org\/sv\/wp-json\/wp\/v2\/media?parent=3"}],"curies":[{"name":"wp","href":"https:\/\/api.w.org\/{rel}","templated":true}]}}