{"id":3608,"date":"2022-06-09T20:40:17","date_gmt":"2022-06-09T18:40:17","guid":{"rendered":"https:\/\/prague.org\/?page_id=3608"},"modified":"2023-03-07T19:05:51","modified_gmt":"2023-03-07T17:05:51","slug":"contact","status":"publish","type":"page","link":"https:\/\/prague.org\/sv\/kontakt\/","title":{"rendered":"Kontakta oss!"},"content":{"rendered":"<p>V\u00e4lkommen till v\u00e5r <a href=\"https:\/\/prague.org\/sv\/om-oss\/\">Webbplats f\u00f6r reseguide till Prag<\/a>, d\u00e4r vi ger insidertips och rekommendationer f\u00f6r att utforska en av de vackraste och mest historiska st\u00e4derna i Europa.<\/p>\n\n\n\n<p>Boka en privat <strong><a href=\"https:\/\/prague.org\/sv\/tours-trips\/sightseeing-tours\/\">reseledare i Prag<\/a> <\/strong>med v\u00e5ra affiliate-partners inneb\u00e4r att du reser med n\u00e5gra av de b\u00e4sta proffsen i branschen. Det inneb\u00e4r ocks\u00e5 att du f\u00e5r valuta f\u00f6r pengarna, eftersom de tar hand om dig s\u00e5 som du vill och beh\u00f6ver ha det.<\/p>\n\n\n\n<p>Boka en fantastisk all-inclusive privat reseledare i Prag med v\u00e5ra partners idag, den magnifika staden <strong><a href=\"https:\/\/prague.org\/sv\/\">Prag<\/a> <\/strong>f\u00f6rv\u00e4ntar sig att din<strong> bes\u00f6k snart<\/strong>!<\/p>\n\n\n\n<h2 id=\"suggestions-business-inquires-questions\" class=\"wp-block-heading\">F\u00f6rslag, aff\u00e4rsf\u00f6rfr\u00e5gningar, fr\u00e5gor... <\/h2>\n\n\n\n<p>Sn\u00e4lla <strong>Kontakta oss <\/strong>med hj\u00e4lp av formul\u00e4ret nedan.<\/p>\n\n\n\t\t\t<link rel=\"stylesheet\" property=\"stylesheet\" href=\"https:\/\/prague.org\/wp-content\/plugins\/happyforms\/bundles\/css\/frontend.css\" \/>\n\t\t\t\t<!-- HappyForms CSS variables -->\n\t<style>\n\t#happyforms-3634 {\n\t\t--happyforms-part-title-font-size: 16px;\n--happyforms-part-description-font-size: 12px;\n--happyforms-part-value-font-size: 16px;\n--happyforms-submit-button-font-size: 16px;\n--happyforms-color-primary: #000000;\n--happyforms-color-success-notice: #ebf9f0;\n--happyforms-color-success-notice-text: #1eb452;\n--happyforms-color-error: #f23000;\n--happyforms-color-error-notice: #ffeeea;\n--happyforms-color-error-notice-text: #f23000;\n--happyforms-color-part-title: #000000;\n--happyforms-color-part-value: #000000;\n--happyforms-color-part-placeholder: #888888;\n--happyforms-color-part-description: #454545;\n--happyforms-color-part-border: #dbdbdb;\n--happyforms-color-part-border-focus: #7aa4ff;\n--happyforms-color-part-background: #ffffff;\n--happyforms-color-part-background-focus: #ffffff;\n--happyforms-color-submit-background: #0057d9;\n--happyforms-color-submit-background-hover: #0057d9;\n--happyforms-color-submit-border: transparent;\n--happyforms-color-submit-text: #ffffff;\n--happyforms-color-submit-text-hover: #ffffff;\n--happyforms-color-table-row-odd: #fcfcfc;\n--happyforms-color-table-row-even: #efefef;\n--happyforms-color-table-row-odd-text: #000000;\n--happyforms-color-table-row-even-text: #000000;\n--happyforms-color-dropdown-item-bg: #ffffff;\n--happyforms-color-dropdown-item-text: #000000;\n--happyforms-color-dropdown-item-bg-hover: #f4f4f5;\n--happyforms-color-dropdown-item-text-hover: #000000;\n--happyforms-color-divider-hr: #cccccc;\n--happyforms-color-choice-checkmark-bg: #ffffff;\n--happyforms-color-choice-checkmark-bg-focus: #000000;\n--happyforms-color-choice-checkmark-color: #ffffff;\n\t}\n\t<\/style>\n\t<!-- End of HappyForms CSS variables -->\n\t\t<!-- HappyForms Additional CSS -->\n\t<style data-happyforms-additional-css>\n\t\t<\/style>\n\t<!-- End of HappyForms Additional CSS -->\n\t\t\t<link rel=\"stylesheet\" type=\"text\/css\" href=\"https:\/\/prague.org\/wp-content\/plugins\/happyforms\/core\/assets\/css\/no-interaction.css\">\n\t\t<div class=\"happyforms-form happyforms-styles happyforms-form--part-title-font-weight-bold happyforms-form--submit-button-border-radius-pill happyforms-form--submit-button-bold\" id=\"happyforms-3634\">\n\t\t\n\t<form action=\"\" id=\"happyforms-form-3634\" method=\"post\" novalidate=\"true\" autocomplete=\"off\" data-trp-original-action=\"\">\n\t\t\t\t<input type=\"hidden\" name=\"happyforms_random_seed\" value=\"2799171167\" \/>\n\t\t\n\t\t\t<input type=\"hidden\" name=\"action\" value=\"happyforms_message\">\n\t\t\t\t<input type=\"hidden\" name=\"client_referer\" value=\"\">\n\t\t\t\t<input type=\"hidden\" name=\"current_post_id\" value=\"\">\n\t\t\t\t<input type=\"hidden\" name=\"happyforms_form_id\" value=\"3634\" \/>\n\t\t\t\t<input type=\"hidden\" name=\"happyforms_step\" value=\"0\" \/>\n\t\n\t\t<div class=\"happyforms-flex\">\n\t\t\t\t<input type=\"text\" name=\"3634-multi_line_text\" style=\"position:absolute;left:-5000px;\" tabindex=\"-1\" autocomplete=\"off\" aria-hidden=\"true\"> <span class=\"screen-reader-text\">L\u00e4mna detta f\u00e4lt tomt<\/span>\n\t\t\t\t\t\t\t\t\t\t<div class=\"happyforms-form__part happyforms-part happyforms-part--single_line_text happyforms-part--width-half happyforms-part--label-show\" id=\"happyforms-3634_single_line_text_0-part\" data-happyforms-type=\"single_line_text\" data-happyforms-id=\"single_line_text_0\" data-happyforms-required=\"\">\n\t<div class=\"happyforms-part-wrap\">\n\t\t\n\t\t\t\t\t\t<div class=\"happyforms-part__label-container\">\n\t\t\t\t<label for=\"happyforms-3634_single_line_text_0\" class=\"happyforms-part__label\">\n\t\t\t<span class=\"label\">Fullst\u00e4ndigt namn<\/span>\n\t\t\t\t\t\t\t\t\t\t<span class=\"happyforms-required\"><\/span>\n\t\t\t\t\t\t\t\t\t\t<span class=\"happyforms-optional\">(optional)<\/span>\n\t\t\t\t\t<\/label>\n\t\t\t<\/div>\n\t\t\t\n\t\t\n\t\t<div class=\"happyforms-part__el\">\n\t\t\t\n\t\t\t\n\t\t\t<div class=\"happyforms-input\">\n\t\t\t\t\n\t\t\t\t<input id=\"happyforms-3634_single_line_text_0\" type=\"text\" name=\"3634_single_line_text_0\" value=\"\" placeholder=\"\" autocomplete=\"off\" spellcheck=\"false\"  autocorrect=\"off\" \/>\n\t\t\t\t\t\t\t<\/div>\n\n\t\t\t\n\t\t\t\n\t\t\t\t\t<\/div>\n\t<\/div>\n<\/div>\n<div class=\"happyforms-part--with-autocomplete happyforms-form__part happyforms-part happyforms-part--email happyforms-part--width-half happyforms-part--label-show\" id=\"happyforms-3634_email_1-part\" data-happyforms-type=\"email\" data-happyforms-id=\"email_1\" data-happyforms-required=\"\">\n\t\t<div class=\"happyforms-part-wrap\">\n\t\t\t\t\t\t<div class=\"happyforms-part__label-container\">\n\t\t\t\t<label for=\"happyforms-3634_email_1\" class=\"happyforms-part__label\">\n\t\t\t<span class=\"label\">E-post<\/span>\n\t\t\t\t\t\t\t\t\t\t<span class=\"happyforms-required\"><\/span>\n\t\t\t\t\t\t\t\t\t\t<span class=\"happyforms-optional\">(optional)<\/span>\n\t\t\t\t\t<\/label>\n\t\t\t<\/div>\n\t\t\t\n\t\t\n\t\t<div class=\"happyforms-part__el\">\n\t\t\t\n\t\t\t\n\t\t\t<div class=\"happyforms-input\">\n\t\t\t\t<input type=\"email\" name=\"3634_email_1\" id=\"happyforms-3634_email_1\" value=\"\" placeholder=\"\" autocomplete=\"off\" spellcheck=\"false\"  autocorrect=\"off\" \/>\n\t\t\t\t\t\t\t<\/div>\n\n\t\t\t\n\t\t\t\n\t\t\t\t\t<\/div>\n\t<\/div>\n<\/div>\n<div class=\"happyforms-form__part happyforms-part happyforms-part--multi_line_text happyforms-part--width-full happyforms-part--label-show\" id=\"happyforms-3634_multi_line_text_5-part\" data-happyforms-type=\"multi_line_text\" data-happyforms-id=\"multi_line_text_5\" data-happyforms-required=\"\">\n\t<div class=\"happyforms-part-wrap\">\n\t\t\t\t\t\t<div class=\"happyforms-part__label-container\">\n\t\t\t\t<label for=\"happyforms-3634_multi_line_text_5\" class=\"happyforms-part__label\">\n\t\t\t<span class=\"label\">Meddelande<\/span>\n\t\t\t\t\t\t\t\t\t\t<span class=\"happyforms-required\"><\/span>\n\t\t\t\t\t\t\t\t\t\t<span class=\"happyforms-optional\">(optional)<\/span>\n\t\t\t\t\t<\/label>\n\t\t\t<\/div>\n\t\t\t\n\t\t\n\t\t<div class=\"happyforms-part__el\">\n\t\t\t\n\t\t\t\t\t\t<textarea id=\"happyforms-3634_multi_line_text_5\" name=\"3634_multi_line_text_5\" rows=\"5\" placeholder=\"\" autocomplete=\"off\" spellcheck=\"false\" autocorrect=\"off\" ><\/textarea>\n\t\t\t\n\t\t\t\n\t\t\t\t\t<\/div>\n\t<\/div>\n<\/div>\n<div class=\"happyforms-part--choice display-type--block happyforms-form__part happyforms-part happyforms-part--checkbox happyforms-part--width-full happyforms-part--label-hidden\" id=\"happyforms-3634_checkbox_8-part\" data-happyforms-type=\"checkbox\" data-happyforms-id=\"checkbox_8\" data-happyforms-required=\"\">\n\t<div class=\"happyforms-part-wrap\">\n\t\t\t<div class=\"happyforms-part__label-container\">\n\t\t\t<\/div>\n\t\n\t\t\n\t\t\n\t\t<div class=\"happyforms-part__el\">\n\t\t\t\n\t\t\t\t\t\t\t\t\t\t<div class=\"happyforms-part__option happyforms-part-option\" id=\"checkbox_8_0\">\n\t\t\t\t<label class=\"option-label\">\n\t\t\t\t\t<input type=\"checkbox\" class=\"happyforms-visuallyhidden happyforms-checkbox\" name=\"3634_checkbox_8[]\" value=\"0\" data-serialize autocomplete=\"off\" spellcheck=\"false\"  >\n\t\t\t\t\t<span class=\"checkmark\"><svg xmlns=\"http:\/\/www.w3.org\/2000\/svg\" width=\"12\" height=\"12\" viewbox=\"0 0 24 24\"><path fill=\"currentColor\" d=\"M20.285 2l-11.285 11.567-5.286-5.011-3.714 3.716 9 8.728 15-15.285z\"\/><\/svg><\/span>\n\t\t\t\t\t<span class=\"label-wrap\">\n\t\t\t\t\t\t<span class=\"label\">Jag samtycker till att mina uppgifter lagras och hanteras av denna webbplats<\/span>\t\t\t\t\t<\/span>\n\t\t\t\t<\/label>\n\t\t\t\t\t\t\t<\/div>\n\t\t\t\n\t\t\t\n\t\t\t\t\t<\/div>\n\t<\/div>\n<\/div>\n\t\t\t\t\t\t<div class=\"happyforms-form__part happyforms-part happyforms-part--submit\">\n\t\t<button type=\"submit\" class=\"happyforms-submit happyforms-button--submit\">Ta kontakt med oss<\/button>\n\t<\/div>\t\t<\/div>\n\n\t\t\t<input type=\"hidden\" name=\"trp-form-language\" value=\"sv\"\/><\/form>\n\n\t<\/div>","protected":false},"excerpt":{"rendered":"Welcome to our Prague travel guide website, where we provide insider tips and recommendations for exploring one of&hellip;","protected":false},"author":1,"featured_media":0,"parent":0,"menu_order":0,"comment_status":"closed","ping_status":"closed","template":"","meta":{"footnotes":""},"_links":{"self":[{"href":"https:\/\/prague.org\/sv\/wp-json\/wp\/v2\/pages\/3608"}],"collection":[{"href":"https:\/\/prague.org\/sv\/wp-json\/wp\/v2\/pages"}],"about":[{"href":"https:\/\/prague.org\/sv\/wp-json\/wp\/v2\/types\/page"}],"author":[{"embeddable":true,"href":"https:\/\/prague.org\/sv\/wp-json\/wp\/v2\/users\/1"}],"replies":[{"embeddable":true,"href":"https:\/\/prague.org\/sv\/wp-json\/wp\/v2\/comments?post=3608"}],"version-history":[{"count":12,"href":"https:\/\/prague.org\/sv\/wp-json\/wp\/v2\/pages\/3608\/revisions"}],"predecessor-version":[{"id":8861,"href":"https:\/\/prague.org\/sv\/wp-json\/wp\/v2\/pages\/3608\/revisions\/8861"}],"wp:attachment":[{"href":"https:\/\/prague.org\/sv\/wp-json\/wp\/v2\/media?parent=3608"}],"curies":[{"name":"wp","href":"https:\/\/api.w.org\/{rel}","templated":true}]}}