{"id":9456,"date":"2023-04-28T12:23:06","date_gmt":"2023-04-28T10:23:06","guid":{"rendered":"https:\/\/prague.org\/?page_id=9456"},"modified":"2023-07-14T16:49:51","modified_gmt":"2023-07-14T14:49:51","slug":"prague-metro-map","status":"publish","type":"page","link":"https:\/\/prague.org\/tr\/prag-metro-harita\/","title":{"rendered":"Prag Metro Haritas\u0131"},"content":{"rendered":"<div class=\"wp-block-cover is-light is-cnvs-vert-align-middle cnvs-block-core-cover-1669195481064\" style=\"padding-top:12px;padding-right:12px;padding-bottom:12px;padding-left:12px;min-height:400px\"><span aria-hidden=\"true\" class=\"wp-block-cover__background has-black-background-color has-background-dim\"><\/span><img decoding=\"async\" width=\"2560\" height=\"1440\" class=\"wp-block-cover__image-background wp-image-9239\" alt=\"Baharda Prag\" src=\"https:\/\/prague.org\/wp-content\/uploads\/2023\/03\/pexels-pierre-blache-2598484-1-scaled.jpg\" data-object-fit=\"cover\" srcset=\"https:\/\/prague.org\/wp-content\/uploads\/2023\/03\/pexels-pierre-blache-2598484-1-scaled.jpg 2560w, https:\/\/prague.org\/wp-content\/uploads\/2023\/03\/pexels-pierre-blache-2598484-1-scaled-600x338.jpg 600w, https:\/\/prague.org\/wp-content\/uploads\/2023\/03\/pexels-pierre-blache-2598484-1-300x169.jpg 300w, https:\/\/prague.org\/wp-content\/uploads\/2023\/03\/pexels-pierre-blache-2598484-1-1024x576.jpg 1024w, https:\/\/prague.org\/wp-content\/uploads\/2023\/03\/pexels-pierre-blache-2598484-1-768x432.jpg 768w, https:\/\/prague.org\/wp-content\/uploads\/2023\/03\/pexels-pierre-blache-2598484-1-1536x864.jpg 1536w, https:\/\/prague.org\/wp-content\/uploads\/2023\/03\/pexels-pierre-blache-2598484-1-2048x1152.jpg 2048w, https:\/\/prague.org\/wp-content\/uploads\/2023\/03\/pexels-pierre-blache-2598484-1-18x10.jpg 18w, https:\/\/prague.org\/wp-content\/uploads\/2023\/03\/pexels-pierre-blache-2598484-1-380x214.jpg 380w, https:\/\/prague.org\/wp-content\/uploads\/2023\/03\/pexels-pierre-blache-2598484-1-800x450.jpg 800w, https:\/\/prague.org\/wp-content\/uploads\/2023\/03\/pexels-pierre-blache-2598484-1-1160x653.jpg 1160w\" sizes=\"(max-width: 2560px) 100vw, 2560px\" \/><div class=\"wp-block-cover__inner-container is-layout-flow wp-block-cover-is-layout-flow\">\n<h1 id=\"navigate-the-city-easily-with-the-prague-metro-map\" class=\"has-text-align-center has-white-color has-text-color cnvs-block-core-heading-1669195481046 wp-block-heading\" style=\"padding-right:0rem;padding-left:0rem\">Prag Metro Haritas\u0131 ile \u015eehirde Kolayca Gezinin<\/h1>\n\n\n<div class=\"wp-block-image\">\n<figure class=\"aligncenter size-full\"><img decoding=\"async\" width=\"210\" height=\"26\" src=\"https:\/\/prague.org\/wp-content\/uploads\/2023\/04\/stars.png\" alt=\"\" class=\"wp-image-9463\" srcset=\"https:\/\/prague.org\/wp-content\/uploads\/2023\/04\/stars.png 210w, https:\/\/prague.org\/wp-content\/uploads\/2023\/04\/stars-18x2.png 18w, https:\/\/prague.org\/wp-content\/uploads\/2023\/04\/stars-200x26.png 200w\" sizes=\"(max-width: 210px) 100vw, 210px\" \/><\/figure><\/div>\n\n<\/div><\/div>\n\n\n\n<div class=\"wp-block-columns is-layout-flex wp-container-15 wp-block-columns-is-layout-flex\">\n<div class=\"wp-block-column is-layout-flow wp-block-column-is-layout-flow\">\n<p>Bu <strong><a href=\"https:\/\/prague.org\/tr\/the-prague-metro-map\/\" data-type=\"URL\" data-id=\"https:\/\/prague.org\/the-prague-metro-map\/\">Prag metro haritas\u0131<\/a><\/strong> her ziyaret\u00e7i i\u00e7in \u00e7ok \u00f6nemli olan \u015fehrin toplu ta\u015f\u0131ma sistemine derinlemesine bir bak\u0131\u015f sunuyor. Kullanarak <strong>Prag metro haritas\u0131 pdf<\/strong> \u00c7ek Cumhuriyeti'nin ba\u015fkenti Prag'daki metro seyahatlerinizi h\u0131zl\u0131 bir \u015fekilde planlaman\u0131za yard\u0131mc\u0131 olur.&nbsp;<\/p>\n\n\n\n<p><a href=\"https:\/\/prague.org\/tr\/10-haritalarla-prag-turist-cekilecek-yerler\/\" data-type=\"URL\" data-id=\"https:\/\/prague.org\/10-top-prague-tourist-attractions-with-maps\/\">Prag'\u0131n en g\u00f6zde turistik yerleri<\/a> Charles K\u00f6pr\u00fcs\u00fc, Prag Kalesi, Eski \u015eehir Meydan\u0131 ve Astronomik Saat yer almaktad\u0131r.<\/p>\n\n\n\n<h2 id=\"but-what-exactly-is-this-prague-metro-though\" class=\"cnvs-block-section-heading cnvs-block-section-heading-1682674068326 halignleft\" >\n\t<span class=\"cnvs-section-title\">\n\t\t<span><strong>Peki ama bu Prag metrosu tam olarak nedir?<\/strong><\/span>\n\t<\/span>\n<\/h2>\n\n\n\n<p>Metro, \u015fehrin ana ula\u015f\u0131m arac\u0131d\u0131r. <a href=\"https:\/\/prague.org\/tr\/laheyde-toplu-tasima\/\">Prag'da toplu ta\u015f\u0131ma<\/a>. \u015eu anda<strong> Prag metro sistemi haritas\u0131<\/strong> 3 hattan olu\u015fmaktad\u0131r - Rota A (ye\u015fil hat), Rota B (sar\u0131 hat) ve Rota C (k\u0131rm\u0131z\u0131 hat).&nbsp;<\/p>\n\n\n\n<p>65 kilometrelik hat 61 istasyona hizmet veriyor, bunlardan \u00fc\u00e7\u00fc (Muzeum, Mstek ve <strong>Prag'da Florenc metrosu<\/strong>) kav\u015fak olarak hizmet vermektedir. 2022 y\u0131l\u0131nda, Metro G\u00fczergah\u0131 D (mavi hat) olacak hat \u00fczerinde de \u00e7al\u0131\u015fmalar ba\u015flam\u0131\u015ft\u0131r.<\/p>\n<\/div>\n\n\n\n<div class=\"wp-block-column is-layout-flow wp-block-column-is-layout-flow\">\n<figure class=\"wp-block-image alignwide size-large\"><img decoding=\"async\" width=\"1024\" height=\"788\" src=\"https:\/\/prague.org\/wp-content\/uploads\/2023\/04\/PRAGUE-MAP-1024x788.webp\" alt=\"\" class=\"wp-image-9471\" srcset=\"https:\/\/prague.org\/wp-content\/uploads\/2023\/04\/PRAGUE-MAP-1024x788.webp 1024w, https:\/\/prague.org\/wp-content\/uploads\/2023\/04\/PRAGUE-MAP-600x462.webp 600w, https:\/\/prague.org\/wp-content\/uploads\/2023\/04\/PRAGUE-MAP-300x231.webp 300w, https:\/\/prague.org\/wp-content\/uploads\/2023\/04\/PRAGUE-MAP-768x591.webp 768w, https:\/\/prague.org\/wp-content\/uploads\/2023\/04\/PRAGUE-MAP-1536x1182.webp 1536w, https:\/\/prague.org\/wp-content\/uploads\/2023\/04\/PRAGUE-MAP-16x12.webp 16w, https:\/\/prague.org\/wp-content\/uploads\/2023\/04\/PRAGUE-MAP-380x292.webp 380w, https:\/\/prague.org\/wp-content\/uploads\/2023\/04\/PRAGUE-MAP-800x616.webp 800w, https:\/\/prague.org\/wp-content\/uploads\/2023\/04\/PRAGUE-MAP-1160x892.webp 1160w, https:\/\/prague.org\/wp-content\/uploads\/2023\/04\/PRAGUE-MAP.webp 1600w\" sizes=\"(max-width: 1024px) 100vw, 1024px\" \/><\/figure>\n\n\n\n<div class=\"wp-block-buttons is-content-justification-center is-layout-flex wp-container-13 wp-block-buttons-is-layout-flex\">\n<div class=\"wp-block-button\"><a class=\"wp-block-button__link wp-element-button\" href=\"#map\">HAR\u0130TAYI \u0130ND\u0130R<\/a><\/div>\n<\/div>\n<\/div>\n<\/div>\n\n\n\n<h2 id=\"the-prague-metro\" class=\"wp-block-heading\">Prag metrosu<\/h2>\n\n\n\n<p>Prag Metrosu, \u00c7ek Cumhuriyeti'nin ba\u015fkenti Prag'a hizmet veren bir h\u0131zl\u0131 ula\u015f\u0131m sistemidir. Budape\u015fte Metrosu'ndan sonra Orta Avrupa'daki en eski ikinci metro sistemidir.<\/p>\n\n\n\n<p>Prag Metrosu, Prag'da dola\u015fmak i\u00e7in uygun bir yoldur. H\u0131zl\u0131, verimli ve ekonomiktir. Metro sabah 5:00 ile gece 1:00 aras\u0131nda \u00e7al\u0131\u015f\u0131r ve biletler herhangi bir metro istasyonundan sat\u0131n al\u0131nabilir.<\/p>\n\n\n\n<h2 id=\"using-the-prague-metro\" class=\"wp-block-heading\"><strong>Prag Metrosunu Kullanma<\/strong><\/h2>\n\n\n\n<p>Prag Metrosu'nu kullanmak i\u00e7in bilet alman\u0131z gerekmektedir. Biletler herhangi bir metro istasyonunun yan\u0131 s\u0131ra baz\u0131 gazete bayilerinden ve t\u00fct\u00fcn d\u00fckkanlar\u0131ndan da sat\u0131n al\u0131nabilir.<\/p>\n\n\n\n<p>Metroyu ne kadar s\u00fcreyle kullanmak istedi\u011finize ba\u011fl\u0131 olarak farkl\u0131 bilet t\u00fcrleri mevcuttur. Tek ki\u015filik biletler bir yolculuk i\u00e7in, g\u00fcnl\u00fck biletler ise 24 saat boyunca ge\u00e7erlidir.<\/p>\n\n\n\n<p>Biletinizi ald\u0131ktan sonra, metro istasyonunun giri\u015findeki sar\u0131 makinelerde onaylatman\u0131z gerekir.<\/p>\n\n\n\n<p>Bir metro trenine binmek i\u00e7in trenin gelmesini beklemeniz ve ard\u0131ndan biletinizi platformdaki sar\u0131 okuyucuya dokundurman\u0131z gerekir.<\/p>\n\n\n\n<h3 id=\"tips-for-using-the-prague-metro\" class=\"wp-block-heading\"><strong>Prag Metrosunu Kullanmak \u0130\u00e7in \u0130pu\u00e7lar\u0131<\/strong><\/h3>\n\n\n\n<ul>\n<li>\u00c7evrenizin fark\u0131nda olun ve e\u015fyalar\u0131n\u0131z\u0131 kendinize yak\u0131n tutun.<\/li>\n\n\n\n<li>\u0130zin almadan metro trenlerinin veya istasyonlar\u0131n\u0131n foto\u011fraflar\u0131n\u0131 veya videolar\u0131n\u0131 \u00e7ekmeyin.<\/li>\n\n\n\n<li>Metro istasyonlar\u0131nda veya trenlerde sigara i\u00e7meyin.<\/li>\n\n\n\n<li>Di\u011fer yolculara kar\u015f\u0131 sayg\u0131l\u0131 olun.<\/li>\n<\/ul>\n\n\n\n<h2 id=\"metro-stations-in-prague\" class=\"wp-block-heading\">Prag'daki Metro \u0130stasyonlar\u0131<\/h2>\n\n\n\n<p>\u015eehrin \u00fc\u00e7 metro hatt\u0131n\u0131n kesi\u015fti\u011fi \u00fc\u00e7 noktada \u015fu aktarma noktalar\u0131n\u0131 bulabilirsiniz <strong>Prag'daki metro istasyonlar\u0131<\/strong>:<\/p>\n\n\n\n<p>Bunlar<strong> Prag metro istasyonlar\u0131 <\/strong>farkl\u0131 hatlar\u0131 birbirine ba\u011flar. \u0130yi belirlenmi\u015f transfer rotalar\u0131n\u0131n her birini y\u00fcr\u00fcmek sadece \u00fc\u00e7 ila be\u015f dakika s\u00fcrer. Bunlar aras\u0131nda \u015funlar yer almaktad\u0131r:<\/p>\n\n\n\n<div class=\"wp-block-columns is-layout-flex wp-container-19 wp-block-columns-is-layout-flex\">\n<div class=\"wp-block-column is-layout-flow wp-block-column-is-layout-flow\" style=\"padding-top:0;padding-right:0;padding-bottom:0;padding-left:0\">\n<figure class=\"wp-block-image size-full\"><img decoding=\"async\" width=\"800\" height=\"600\" src=\"https:\/\/prague.org\/wp-content\/uploads\/2023\/04\/mustek.jpg\" alt=\"\" class=\"wp-image-9478\" srcset=\"https:\/\/prague.org\/wp-content\/uploads\/2023\/04\/mustek.jpg 800w, https:\/\/prague.org\/wp-content\/uploads\/2023\/04\/mustek-600x450.jpg 600w, https:\/\/prague.org\/wp-content\/uploads\/2023\/04\/mustek-300x225.jpg 300w, https:\/\/prague.org\/wp-content\/uploads\/2023\/04\/mustek-768x576.jpg 768w, https:\/\/prague.org\/wp-content\/uploads\/2023\/04\/mustek-16x12.jpg 16w, https:\/\/prague.org\/wp-content\/uploads\/2023\/04\/mustek-200x150.jpg 200w, https:\/\/prague.org\/wp-content\/uploads\/2023\/04\/mustek-260x195.jpg 260w, https:\/\/prague.org\/wp-content\/uploads\/2023\/04\/mustek-380x285.jpg 380w\" sizes=\"(max-width: 800px) 100vw, 800px\" \/><\/figure>\n\n\n\n<h3 id=\"mustek\" class=\"wp-block-heading\">M\u016fstek<\/h3>\n\n\n\n<p>\u00dcnl\u00fc Wenceslas Meydan\u0131'n\u0131n sonuna yak\u0131n bir yerde bulunan bu istasyon, A ve B hatlar\u0131 aras\u0131nda bir ba\u011flant\u0131 g\u00f6revi g\u00f6rmektedir.<\/p>\n<\/div>\n\n\n\n<div class=\"wp-block-column is-layout-flow wp-block-column-is-layout-flow\">\n<figure class=\"wp-block-image size-full\"><img decoding=\"async\" width=\"800\" height=\"600\" src=\"https:\/\/prague.org\/wp-content\/uploads\/2023\/04\/muzeum.jpg\" alt=\"\" class=\"wp-image-9477\" srcset=\"https:\/\/prague.org\/wp-content\/uploads\/2023\/04\/muzeum.jpg 800w, https:\/\/prague.org\/wp-content\/uploads\/2023\/04\/muzeum-600x450.jpg 600w, https:\/\/prague.org\/wp-content\/uploads\/2023\/04\/muzeum-300x225.jpg 300w, https:\/\/prague.org\/wp-content\/uploads\/2023\/04\/muzeum-768x576.jpg 768w, https:\/\/prague.org\/wp-content\/uploads\/2023\/04\/muzeum-16x12.jpg 16w, https:\/\/prague.org\/wp-content\/uploads\/2023\/04\/muzeum-200x150.jpg 200w, https:\/\/prague.org\/wp-content\/uploads\/2023\/04\/muzeum-260x195.jpg 260w, https:\/\/prague.org\/wp-content\/uploads\/2023\/04\/muzeum-380x285.jpg 380w\" sizes=\"(max-width: 800px) 100vw, 800px\" \/><\/figure>\n\n\n\n<h3 id=\"muzeum\" class=\"wp-block-heading\">Muzeum<\/h3>\n\n\n\n<p>Kuzey ucunda Wenceslas Meydan\u0131 Transfer \u0130stasyonu'nu bulacaks\u0131n\u0131z. Buras\u0131 A ve C hatlar\u0131n\u0131n bulu\u015ftu\u011fu yerdir.<\/p>\n<\/div>\n\n\n\n<div class=\"wp-block-column is-layout-flow wp-block-column-is-layout-flow\">\n<figure class=\"wp-block-image size-full\"><img decoding=\"async\" width=\"800\" height=\"600\" src=\"https:\/\/prague.org\/wp-content\/uploads\/2023\/04\/florenc.jpg\" alt=\"\" class=\"wp-image-9476\" srcset=\"https:\/\/prague.org\/wp-content\/uploads\/2023\/04\/florenc.jpg 800w, https:\/\/prague.org\/wp-content\/uploads\/2023\/04\/florenc-600x450.jpg 600w, https:\/\/prague.org\/wp-content\/uploads\/2023\/04\/florenc-300x225.jpg 300w, https:\/\/prague.org\/wp-content\/uploads\/2023\/04\/florenc-768x576.jpg 768w, https:\/\/prague.org\/wp-content\/uploads\/2023\/04\/florenc-16x12.jpg 16w, https:\/\/prague.org\/wp-content\/uploads\/2023\/04\/florenc-200x150.jpg 200w, https:\/\/prague.org\/wp-content\/uploads\/2023\/04\/florenc-260x195.jpg 260w, https:\/\/prague.org\/wp-content\/uploads\/2023\/04\/florenc-380x285.jpg 380w\" sizes=\"(max-width: 800px) 100vw, 800px\" \/><\/figure>\n\n\n\n<h3 id=\"florenc\" class=\"wp-block-heading\">Florenc<\/h3>\n\n\n\n<p><strong>Prag'da Florenc metrosu<\/strong> B hatt\u0131n\u0131n C hatt\u0131 ile bulu\u015ftu\u011fu birincil otob\u00fcs terminalidir.&nbsp;<\/p>\n<\/div>\n<\/div>\n\n\n\n<div class=\"wp-block-cover is-cnvs-vert-align-middle cnvs-block-core-cover-1682676693745\" style=\"padding-top:12px;padding-right:12px;padding-bottom:12px;padding-left:12px;min-height:400px\" id=\"map\"><span aria-hidden=\"true\" class=\"wp-block-cover__background has-black-background-color has-background-dim\"><\/span><img decoding=\"async\" width=\"2560\" height=\"1707\" class=\"wp-block-cover__image-background wp-image-7217\" alt=\"Prag sokaklar\u0131\" src=\"https:\/\/prague.org\/wp-content\/uploads\/2022\/12\/StockSnap_VPYPAS4FVT-1-scaled.jpg\" data-object-fit=\"cover\" srcset=\"https:\/\/prague.org\/wp-content\/uploads\/2022\/12\/StockSnap_VPYPAS4FVT-1-scaled.jpg 2560w, https:\/\/prague.org\/wp-content\/uploads\/2022\/12\/StockSnap_VPYPAS4FVT-1-scaled-600x400.jpg 600w, https:\/\/prague.org\/wp-content\/uploads\/2022\/12\/StockSnap_VPYPAS4FVT-1-300x200.jpg 300w, https:\/\/prague.org\/wp-content\/uploads\/2022\/12\/StockSnap_VPYPAS4FVT-1-1024x683.jpg 1024w, https:\/\/prague.org\/wp-content\/uploads\/2022\/12\/StockSnap_VPYPAS4FVT-1-768x512.jpg 768w, https:\/\/prague.org\/wp-content\/uploads\/2022\/12\/StockSnap_VPYPAS4FVT-1-1536x1024.jpg 1536w, https:\/\/prague.org\/wp-content\/uploads\/2022\/12\/StockSnap_VPYPAS4FVT-1-2048x1365.jpg 2048w, https:\/\/prague.org\/wp-content\/uploads\/2022\/12\/StockSnap_VPYPAS4FVT-1-380x253.jpg 380w, https:\/\/prague.org\/wp-content\/uploads\/2022\/12\/StockSnap_VPYPAS4FVT-1-800x533.jpg 800w, https:\/\/prague.org\/wp-content\/uploads\/2022\/12\/StockSnap_VPYPAS4FVT-1-1160x773.jpg 1160w\" sizes=\"(max-width: 2560px) 100vw, 2560px\" \/><div class=\"wp-block-cover__inner-container is-layout-flow wp-block-cover-is-layout-flow\">\n<h2 id=\"download-a-prague-metro-map\" class=\"has-text-align-center has-white-color has-text-color cnvs-block-core-heading-1682676693729 wp-block-heading\" style=\"padding-right:0rem;padding-left:0rem\">Prag Metro Haritas\u0131n\u0131 \u0130ndirin<\/h2>\n\n\n\n<p class=\"has-text-align-center\">\u015eehrin en \u00f6nemli cazibe merkezlerinden hi\u00e7birini ka\u00e7\u0131rmak istemiyorsan\u0131z <strong>Prag metro haritas\u0131<\/strong> pdf versiyonu, ayr\u0131nt\u0131l\u0131 bir toplu ta\u015f\u0131ma rehberini ta\u015f\u0131man\u0131n en uygun yoludur.<br>Prag'\u0131n tarihi b\u00f6lgesi metro duraklar\u0131n\u0131n \u00e7o\u011funun yak\u0131n\u0131nda elveri\u015fli bir konuma sahip olmakla kalmaz, ayn\u0131 zamanda metro bileti rezervasyonu yapmak da \u00e7ok kolayd\u0131r. \u00c7o\u011fu turistik yere h\u0131zl\u0131 bir \u015fekilde ula\u015fmak istiyorsan\u0131z metroya binmenin en iyi se\u00e7ene\u011finiz oldu\u011funu s\u00f6yleyebiliriz.<\/p>\n\n\n\n<div class=\"wp-block-buttons is-layout-flex wp-block-buttons-is-layout-flex\">\n<div class=\"wp-block-button aligncenter\"><a class=\"wp-block-button__link wp-element-button\" href=\"https:\/\/prague.org\/wp-content\/uploads\/2023\/04\/PRAGUE_MAP_.pdf\" target=\"_blank\" rel=\"noreferrer noopener\">HAR\u0130TAYI \u0130ND\u0130R<\/a><\/div>\n<\/div>\n<\/div><\/div>","protected":false},"excerpt":{"rendered":"Prag metro haritas\u0131, kentin toplu ta\u015f\u0131ma sistemine derinlemesine bir bak\u0131\u015f sa\u011flar; bu da kentte ya\u015fayanlar i\u00e7in...","protected":false},"author":9,"featured_media":9528,"parent":0,"menu_order":0,"comment_status":"closed","ping_status":"closed","template":"","meta":{"footnotes":""},"_links":{"self":[{"href":"https:\/\/prague.org\/tr\/wp-json\/wp\/v2\/pages\/9456"}],"collection":[{"href":"https:\/\/prague.org\/tr\/wp-json\/wp\/v2\/pages"}],"about":[{"href":"https:\/\/prague.org\/tr\/wp-json\/wp\/v2\/types\/page"}],"author":[{"embeddable":true,"href":"https:\/\/prague.org\/tr\/wp-json\/wp\/v2\/users\/9"}],"replies":[{"embeddable":true,"href":"https:\/\/prague.org\/tr\/wp-json\/wp\/v2\/comments?post=9456"}],"version-history":[{"count":42,"href":"https:\/\/prague.org\/tr\/wp-json\/wp\/v2\/pages\/9456\/revisions"}],"predecessor-version":[{"id":10177,"href":"https:\/\/prague.org\/tr\/wp-json\/wp\/v2\/pages\/9456\/revisions\/10177"}],"wp:featuredmedia":[{"embeddable":true,"href":"https:\/\/prague.org\/tr\/wp-json\/wp\/v2\/media\/9528"}],"wp:attachment":[{"href":"https:\/\/prague.org\/tr\/wp-json\/wp\/v2\/media?parent=9456"}],"curies":[{"name":"wp","href":"https:\/\/api.w.org\/{rel}","templated":true}]}}