{"id":10538,"date":"2023-08-10T11:20:30","date_gmt":"2023-08-10T09:20:30","guid":{"rendered":"https:\/\/prague.org\/?post_type=product&#038;p=10538"},"modified":"2023-08-25T13:04:45","modified_gmt":"2023-08-25T11:04:45","slug":"prague-ebook","status":"publish","type":"product","link":"https:\/\/prague.org\/tr\/urun\/prague-ebook\/","title":{"rendered":"Prag Rehberi PDF"},"content":{"rendered":"<h2 id=\"your-ultimate-prague-adventure-starts-here\">Nihai Prag maceran\u0131z burada ba\u015fl\u0131yor!<\/h2>\n<p>G\u00fcvenilir yol arkada\u015f\u0131n\u0131z bu Prag seyahat rehberi PDF ile b\u00fcy\u00fcleyici Prag \u015fehrinde b\u00fcy\u00fcleyici bir yolculu\u011fa \u00e7\u0131k\u0131n. \u015eehrin zengin tarihini ve canl\u0131 k\u00fclt\u00fcr\u00fcn\u00fc g\u00f6zler \u00f6n\u00fcne seren, mutlaka ziyaret edilmesi gereken simge yap\u0131lar ve gizli m\u00fccevherlerden olu\u015fan se\u00e7kin bir listeyi ke\u015ffedin. Prag Kalesi, Charles K\u00f6pr\u00fcs\u00fc ve Astronomik Saat gibi yerlerin g\u00fczelli\u011fine ve \u00f6nemine kendinizi tamamen kapt\u0131rman\u0131za olanak tan\u0131yan her bir alan\u0131n ayr\u0131nt\u0131l\u0131 a\u00e7\u0131klamalar\u0131na dal\u0131n.<\/p>\n<p>Ula\u015f\u0131m se\u00e7eneklerine ili\u015fkin ayr\u0131nt\u0131l\u0131 Prag \u00e7evrimi\u00e7i rehberimizi kullanarak \u015fehirde kolayl\u0131kla gezinin. Tramvaylardan metro hatlar\u0131na kadar, \u00fccret bilgileri ve seyahat ipu\u00e7lar\u0131 da dahil olmak \u00fczere \u015fehrin verimli ula\u015f\u0131m sistemi hakk\u0131nda de\u011ferli bilgiler edinin. \u0130ster ekonomik bir gezgin olun ister uygun se\u00e7enekler ar\u0131yor olun, bu rehber Prag'\u0131 zahmetsizce ke\u015ffetmeniz i\u00e7in gereken bilgileri sa\u011flar.<\/p>\n<p>M\u00fckemmel oteli se\u00e7me konusunda uzman tavsiyeleriyle konaklaman\u0131z\u0131 planlamak art\u0131k \u00e7ok kolay. B\u00fcy\u00fcleyici mahallelerde yer alan butik konaklama yerlerinden panoramik manzaralar sunan l\u00fcks otellere kadar, tercihlerinize ve b\u00fct\u00e7enize uygun ideal konaklama yerini bulun. Bu pitoresk Avrupa m\u00fccevherinde unutulmaz bir deneyim i\u00e7in ba\u015fvuraca\u011f\u0131n\u0131z kaynak olarak bu Prag seyahat rehberi PDF ile Prag ziyaretinizden en iyi \u015fekilde yararlan\u0131n.<\/p>\n<h2 id=\"whats-inside-the-prague-travel-guide-pdf\"><strong>Prag Gezi Rehberinin \u0130\u00e7inde Ne Var PDF<\/strong><\/h2>\n<ol>\n<li><strong>\u015eehir Tarihine Giri\u015f:<\/strong> Orta\u00e7a\u011f k\u00f6klerinden g\u00fcn\u00fcm\u00fcz\u00fcn canl\u0131l\u0131\u011f\u0131na kadar Prag'\u0131n ge\u00e7mi\u015finin zengin dokusunu ortaya \u00e7\u0131kar\u0131n.<\/li>\n<li><strong>Etrafta dola\u015fmak:<\/strong> Tramvaylar, otob\u00fcsler ve metroyu kapsayan Prag seyahat rehberi PDF'imizden edindi\u011finiz bilgilerle buran\u0131n yerlisi gibi ke\u015ffedin.<\/li>\n<li><strong>Para Birimi ve Bankac\u0131l\u0131k:<\/strong> Prag \u00e7evrimi\u00e7i rehberimizi kullanarak yerel para birimi ve sorunsuz bankac\u0131l\u0131k hakk\u0131nda bilgi edinin.<\/li>\n<li><strong>Mutlaka Ziyaret Edilmesi Gereken Turistik Yerler:<\/strong> G\u00f6rkemli Prag Kalesi, Charles K\u00f6pr\u00fcs\u00fc ve Astronomik Saat gibi Prag'\u0131n simge yap\u0131lar\u0131n\u0131 ke\u015ffedin.<\/li>\n<li><strong>Gizli M\u00fccevherler:<\/strong> Prag rehberimiz PDF'in b\u00fcy\u00fcleyici ara sokaklar\u0131 ve tenha avlular\u0131 ortaya \u00e7\u0131karan ipu\u00e7lar\u0131yla al\u0131\u015f\u0131lm\u0131\u015f\u0131n d\u0131\u015f\u0131na \u00e7\u0131k\u0131n.<\/li>\n<li><strong>Her Gezgin i\u00e7in Aktiviteler:<\/strong> \u0130ster sanat merakl\u0131s\u0131, ister tarih merakl\u0131s\u0131 ya da yemek merakl\u0131s\u0131 olun, Prag her ilgi alan\u0131na uygun aktiviteler sunmaktad\u0131r.<\/li>\n<li><strong>Gastronomi - Tipik Yemekler:<\/strong> \u00c7ek mutfa\u011f\u0131n\u0131n \u00f6z\u00fcn\u00fc yans\u0131tan geleneksel yemeklerin tad\u0131na vararak Prag'\u0131n mutfak olanaklar\u0131n\u0131n keyfini \u00e7\u0131kar\u0131n.<\/li>\n<li><strong>Gastronomi - Restoranlar:<\/strong> Her biri e\u015fsiz bir mutfak deneyimi sunan \u00f6nerilen restoran ve lokantalarda damak tad\u0131n\u0131z\u0131 \u015f\u0131mart\u0131n.<\/li>\n<li><strong>Konaklama Se\u00e7enekleri:<\/strong> \u0130ster butik otelleri, ister rahat pansiyonlar\u0131 veya modern daireleri tercih edin, konaklamak i\u00e7in m\u00fckemmel yeri bulun.<\/li>\n<li><strong>Yararl\u0131 Kelimeler ve \u0130fadeler:<\/strong> Prag seyahat rehberi PDF'imizdeki yayg\u0131n \u00c7ek\u00e7e ifadelerle dil engellerini a\u015f\u0131n.<\/li>\n<li><strong>Ayr\u0131l\u0131\u015f \u00d6ncesi Kontrol Listesi:<\/strong> Yolculu\u011funuza \u00e7\u0131kmadan \u00f6nce ihtiyac\u0131n\u0131z olan t\u00fcm temel unsurlar\u0131 kapsayan kontrol listemizle stressiz bir kalk\u0131\u015f sa\u011flay\u0131n.<\/li>\n<\/ol>\n<h2 id=\"why-choose-our-prague-online-guide\"><strong>Neden Prag Online Rehberimizi Se\u00e7melisiniz?<\/strong><\/h2>\n<ul>\n<li><strong>Kapsaml\u0131 Teminat:<\/strong> Titizlikle haz\u0131rlad\u0131\u011f\u0131m\u0131z Prag rehberi PDF ile kendinizi Prag'\u0131n cazibesine b\u0131rak\u0131n. Seyahatinizin unutulmaz olmas\u0131n\u0131 sa\u011flamak i\u00e7in en alakal\u0131 ve temel bilgileri derledik.<\/li>\n<li><strong>Uzman G\u00f6r\u00fc\u015fleri:<\/strong> Yerel bilgiler ve uzman tavsiyeleri ile deneyiminizi geli\u015ftirin. Prag gezi rehberimiz PDF, ziyaretinizi her y\u00f6n\u00fcyle zenginle\u015ftiren bir bilgi hazinesi sunuyor.<\/li>\n<li><strong>Rahatl\u0131k:<\/strong> Prag online rehberimizin g\u00fcc\u00fcn\u00fc cihaz\u0131n\u0131zda yan\u0131n\u0131zda ta\u015f\u0131y\u0131n. Prag'da nerede olursan\u0131z olun paha bi\u00e7ilmez bilgilere an\u0131nda eri\u015fmenin keyfini \u00e7\u0131kar\u0131n, yolculu\u011funuzu sorunsuz ve keyifli hale getirin.<\/li>\n<li><strong>Uygun fiyatl\u0131:<\/strong> B\u00fct\u00e7enizi zorlamadan seyahat maceran\u0131z\u0131 zenginle\u015ftirin. Sadece 5 Euro kar\u015f\u0131l\u0131\u011f\u0131nda Prag rehberimiz PDF, ke\u015ffinizi zenginle\u015ftirecek bir i\u00e7g\u00f6r\u00fc d\u00fcnyas\u0131n\u0131n kap\u0131lar\u0131n\u0131 a\u00e7\u0131yor.<\/li>\n<\/ul>\n<p>Prag maceran\u0131z\u0131 ger\u00e7ekten ola\u011fan\u00fcst\u00fc hale getirme \u015fans\u0131n\u0131 ka\u00e7\u0131rmay\u0131n. Prag gezi rehberi PDF'imizin kopyas\u0131n\u0131 bug\u00fcn al\u0131n ve Avrupa'n\u0131n en b\u00fcy\u00fcleyici \u015fehirlerinden birinde zenginle\u015ftirici bir ke\u015fif yolculu\u011funa \u00e7\u0131k\u0131n. Unutulmaz bir Prag deneyimine giden yol tam burada ba\u015fl\u0131yor!<\/p>\n<p>&nbsp;<\/p>\n<p><strong>Fiyat:<\/strong> \u20ac5<\/p>\n<p><strong>Sayfa say\u0131s\u0131:<\/strong> 31<\/p>\n<p><strong>Dil:<\/strong> \u0130ngilizce<\/p>","protected":false},"excerpt":{"rendered":"\ud83d\udcda Prag \u00c7evrimi\u00e7i Rehberinizi \u0130ndirin - \u015eehrin B\u00fcy\u00fcs\u00fcn\u00fcn Kilidini A\u00e7\u0131n \ud83c\udff0\nKapsaml\u0131 Prag \u00e7evrimi\u00e7i rehberimiz ile b\u00fcy\u00fcleyici Prag \u015fehrini daha \u00f6nce hi\u00e7 olmad\u0131\u011f\u0131 gibi ke\u015ffedin. 31 sayfal\u0131k temel bilgiler, ipu\u00e7lar\u0131 ve i\u00e7g\u00f6r\u00fclerle dolu bu Prag gezi rehberi PDF, unutulmaz bir seyahat i\u00e7in m\u00fckemmel bir yol arkada\u015f\u0131d\u0131r. \u0130ster ilk kez gelen bir ziyaret\u00e7i ister deneyimli bir gezgin olun, Prag gezi rehberi PDF'imiz sorunsuz ve zenginle\u015ftirici bir deneyim i\u00e7in bilmeniz gereken her \u015feyi kaps\u0131yor.\nSeyahatinizi planlamak i\u00e7in gerekli t\u00fcm kaynaklar do\u011frudan e-posta gelen kutunuza g\u00f6nderilecektir \ud83d\udce9.","protected":false},"featured_media":10547,"comment_status":"closed","ping_status":"closed","template":"","meta":[],"product_cat":[236],"product_tag":[],"_links":{"self":[{"href":"https:\/\/prague.org\/tr\/wp-json\/wp\/v2\/product\/10538"}],"collection":[{"href":"https:\/\/prague.org\/tr\/wp-json\/wp\/v2\/product"}],"about":[{"href":"https:\/\/prague.org\/tr\/wp-json\/wp\/v2\/types\/product"}],"replies":[{"embeddable":true,"href":"https:\/\/prague.org\/tr\/wp-json\/wp\/v2\/comments?post=10538"}],"wp:featuredmedia":[{"embeddable":true,"href":"https:\/\/prague.org\/tr\/wp-json\/wp\/v2\/media\/10547"}],"wp:attachment":[{"href":"https:\/\/prague.org\/tr\/wp-json\/wp\/v2\/media?parent=10538"}],"wp:term":[{"taxonomy":"product_cat","embeddable":true,"href":"https:\/\/prague.org\/tr\/wp-json\/wp\/v2\/product_cat?post=10538"},{"taxonomy":"product_tag","embeddable":true,"href":"https:\/\/prague.org\/tr\/wp-json\/wp\/v2\/product_tag?post=10538"}],"curies":[{"name":"wp","href":"https:\/\/api.w.org\/{rel}","templated":true}]}}